{"id":10032,"date":"2024-05-02T12:40:51","date_gmt":"2024-05-02T11:40:51","guid":{"rendered":"https:\/\/innovuspharma-al.com\/?page_id=10032"},"modified":"2026-03-17T15:47:04","modified_gmt":"2026-03-17T15:47:04","slug":"regulatory-affairs","status":"publish","type":"page","link":"https:\/\/innovuspharma-al.com\/al\/regulatory-affairs\/","title":{"rendered":"Regulatory affairs &amp; Pharmacovigilance"},"content":{"rendered":"<div data-elementor-type=\"wp-page\" data-elementor-id=\"10032\" class=\"elementor elementor-10032\">\n\t\t\t\t\t\t<section class=\"elementor-section elementor-top-section elementor-element elementor-element-2c31f77 elementor-section-height-min-height elementor-section-items-bottom elementor-section-stretched elementor-section-boxed elementor-section-height-default\" data-id=\"2c31f77\" data-element_type=\"section\" data-settings=\"{&quot;stretch_section&quot;:&quot;section-stretched&quot;,&quot;background_background&quot;:&quot;classic&quot;}\">\n\t\t\t\t\t\t<div class=\"elementor-container elementor-column-gap-no\">\n\t\t\t\t\t<div class=\"elementor-column elementor-col-50 elementor-top-column elementor-element elementor-element-da5c946\" data-id=\"da5c946\" data-element_type=\"column\">\n\t\t\t<div class=\"elementor-widget-wrap elementor-element-populated\">\n\t\t\t\t\t\t<div class=\"elementor-element elementor-element-4f84c96 elementor-position-below elementor-widget elementor-widget-heading\" data-id=\"4f84c96\" data-element_type=\"widget\" data-widget_type=\"heading.default\">\n\t\t\t\t<div class=\"elementor-widget-container\">\n\t\t\t\t\t<div class=\"elementor-heading-wrapper\" ><div class=\"elementor-heading-wrapper-inner\"><h1 class=\"elementor-heading-title elementor-size-default\">Departamenti i \u00c7\u00ebshtjeve Rregullative dhe Farmakovigjilenc\u00ebs<\/h1><\/div><\/div>\t\t\t\t<\/div>\n\t\t\t\t<\/div>\n\t\t\t\t<div class=\"elementor-element elementor-element-2689b76 elementor-widget elementor-widget-text-editor\" data-id=\"2689b76\" data-element_type=\"widget\" data-widget_type=\"text-editor.default\">\n\t\t\t\t<div class=\"elementor-widget-container\">\n\t\t\t\t\t        <div class=\"elementor-text-editor elementor-clearfix\"><p>Trajton t\u00eb gjitha aktivitetet q\u00eb lidhen me regjistrimin e ila\u00e7eve, pajisjeve mjek\u00ebsore, kozmetik\u00ebs, produkteve t\u00eb kujdesit p\u00ebr trupin dhe suplementeve ushqimore, duke siguruar p\u00ebrputhjen rregullatore gjat\u00eb gjith\u00eb procesit.<\/p><\/div>\n        \t\t\t\t<\/div>\n\t\t\t\t<\/div>\n\t\t\t\t\t<\/div>\n\t\t<\/div>\n\t\t\t\t<div class=\"elementor-column elementor-col-50 elementor-top-column elementor-element elementor-element-eacd75c\" data-id=\"eacd75c\" data-element_type=\"column\">\n\t\t\t<div class=\"elementor-widget-wrap\">\n\t\t\t\t\t\t\t<\/div>\n\t\t<\/div>\n\t\t\t\t\t<\/div>\n\t\t<\/section>\n\t\t\t\t<section class=\"elementor-section elementor-top-section elementor-element elementor-element-235f182 elementor-section-height-min-height elementor-section-full_width elementor-section-height-default elementor-section-items-middle\" data-id=\"235f182\" data-element_type=\"section\" id=\"features\" data-settings=\"{&quot;background_background&quot;:&quot;classic&quot;}\">\n\t\t\t\t\t\t<div class=\"elementor-container elementor-column-gap-no\">\n\t\t\t\t\t<div class=\"elementor-column elementor-col-100 elementor-top-column elementor-element elementor-element-abb68f4\" data-id=\"abb68f4\" data-element_type=\"column\" data-settings=\"{&quot;background_background&quot;:&quot;classic&quot;}\">\n\t\t\t<div class=\"elementor-widget-wrap elementor-element-populated\">\n\t\t\t\t\t\t<section class=\"elementor-section elementor-inner-section elementor-element elementor-element-f7952ec elementor-section-content-middle elementor-section-boxed elementor-section-height-default elementor-section-height-default\" data-id=\"f7952ec\" data-element_type=\"section\">\n\t\t\t\t\t\t<div class=\"elementor-container elementor-column-gap-default\">\n\t\t\t\t\t<div class=\"elementor-column elementor-col-50 elementor-inner-column elementor-element elementor-element-7169c69\" data-id=\"7169c69\" data-element_type=\"column\">\n\t\t\t<div class=\"elementor-widget-wrap elementor-element-populated\">\n\t\t\t\t\t\t<div class=\"elementor-element elementor-element-4470cbe elementor-position-left elementor-widget__width-initial elementor-widget-tablet__width-initial elementor-mobile-position-center animated-fast elementor-position-below elementor-invisible elementor-widget elementor-widget-heading\" data-id=\"4470cbe\" data-element_type=\"widget\" data-settings=\"{&quot;_animation&quot;:&quot;opal-move-up&quot;}\" data-widget_type=\"heading.default\">\n\t\t\t\t<div class=\"elementor-widget-container\">\n\t\t\t\t\t<div class=\"elementor-heading-wrapper\" ><div class=\"elementor-heading-wrapper-inner\"><h2 class=\"elementor-heading-title elementor-size-default\">Departamenti i\n<span class = \"c-primary\"> \u00c7\u00ebshtjeve Rregullative <\/h2><\/div><\/div>\t\t\t\t<\/div>\n\t\t\t\t<\/div>\n\t\t\t\t\t<\/div>\n\t\t<\/div>\n\t\t\t\t<div class=\"elementor-column elementor-col-50 elementor-inner-column elementor-element elementor-element-ea8438d\" data-id=\"ea8438d\" data-element_type=\"column\">\n\t\t\t<div class=\"elementor-widget-wrap elementor-element-populated\">\n\t\t\t\t\t\t<div class=\"elementor-element elementor-element-6282562 elementor-widget__width-initial animated-fast elementor-invisible elementor-widget elementor-widget-text-editor\" data-id=\"6282562\" data-element_type=\"widget\" data-settings=\"{&quot;_animation&quot;:&quot;opal-move-up&quot;}\" data-widget_type=\"text-editor.default\">\n\t\t\t\t<div class=\"elementor-widget-container\">\n\t\t\t\t\t        <div class=\"elementor-text-editor elementor-clearfix\"><ul><li>Departamenti i \u00c7\u00ebshtjeve Rregullative dhe Farmakovigjilenc\u00ebs mbik\u00ebqyr t\u00eb gjitha aktivitetet q\u00eb lidhen me regjistrimin e barnave, pajisjeve mjek\u00ebsore, kozmetik\u00ebs, produkteve t\u00eb kujdesit p\u00ebr trupin dhe suplementeve ushqimore. Ai fokusohet n\u00eb menaxhimin e proceseve rregullatore, monitorimin e cikleve t\u00eb jet\u00ebs s\u00eb produktit dhe sigurimin e pajtueshm\u00ebris\u00eb dhe zbatimit gjat\u00eb gjith\u00eb koh\u00ebs.<\/li><\/ul><\/div>\n        \t\t\t\t<\/div>\n\t\t\t\t<\/div>\n\t\t\t\t\t<\/div>\n\t\t<\/div>\n\t\t\t\t\t<\/div>\n\t\t<\/section>\n\t\t\t\t<section class=\"elementor-section elementor-inner-section elementor-element elementor-element-2f6bbf1 elementor-section-content-middle elementor-section-boxed elementor-section-height-default elementor-section-height-default\" data-id=\"2f6bbf1\" data-element_type=\"section\">\n\t\t\t\t\t\t<div class=\"elementor-container elementor-column-gap-default\">\n\t\t\t\t\t<div class=\"elementor-column elementor-col-100 elementor-inner-column elementor-element elementor-element-5dc759c\" data-id=\"5dc759c\" data-element_type=\"column\">\n\t\t\t<div class=\"elementor-widget-wrap elementor-element-populated\">\n\t\t\t\t<div class=\"elementor-element elementor-element-b66896b e-flex e-con-boxed e-con e-parent\" data-id=\"b66896b\" data-element_type=\"container\">\n\t\t\t\t\t<div class=\"e-con-inner\">\n\t\t\t\t<div class=\"elementor-element elementor-element-22b8341 elementor-widget-divider--view-line elementor-widget elementor-widget-divider\" data-id=\"22b8341\" data-element_type=\"widget\" data-widget_type=\"divider.default\">\n\t\t\t\t<div class=\"elementor-widget-container\">\n\t\t\t\t\t\t\t<div class=\"elementor-divider\">\n\t\t\t<span class=\"elementor-divider-separator\">\n\t\t\t\t\t\t<\/span>\n\t\t<\/div>\n\t\t\t\t\t\t<\/div>\n\t\t\t\t<\/div>\n\t\t\t\t\t<\/div>\n\t\t\t\t<\/div>\n\t\t\t\t<div class=\"elementor-element elementor-element-c0ceae4 elementor-mobile-position-center elementor-widget__width-initial animated-fast elementor-position-below elementor-invisible elementor-widget elementor-widget-heading\" data-id=\"c0ceae4\" data-element_type=\"widget\" data-settings=\"{&quot;_animation&quot;:&quot;opal-move-up&quot;}\" data-widget_type=\"heading.default\">\n\t\t\t\t<div class=\"elementor-widget-container\">\n\t\t\t\t\t<div class=\"elementor-heading-wrapper\" ><div class=\"elementor-heading-wrapper-inner\"><span class=\"elementor-heading-title elementor-size-default\">\nDepartamenti i \u00c7\u00ebshtjeve Rregullatore dhe Farmakovigjilenc\u00ebs zhvillon strategji rregullatore, bashk\u00ebpunon me Autoritetet Kompetente dhe Entet e tjera Rregullatore dhe kryen aktivitete t\u00eb Farmakovigjilenc\u00ebs dhe Mbik\u00ebqyrjes s\u00eb Produkteve Sh\u00ebndet\u00ebsore.<\/span><\/div><\/div>\t\t\t\t<\/div>\n\t\t\t\t<\/div>\n\t\t<div class=\"elementor-element elementor-element-e4114bd e-flex e-con-boxed e-con e-parent\" data-id=\"e4114bd\" data-element_type=\"container\">\n\t\t\t\t\t<div class=\"e-con-inner\">\n\t\t\t\t<div class=\"elementor-element elementor-element-0c159a2 elementor-widget-divider--view-line elementor-widget elementor-widget-divider\" data-id=\"0c159a2\" data-element_type=\"widget\" data-widget_type=\"divider.default\">\n\t\t\t\t<div class=\"elementor-widget-container\">\n\t\t\t\t\t\t\t<div class=\"elementor-divider\">\n\t\t\t<span class=\"elementor-divider-separator\">\n\t\t\t\t\t\t<\/span>\n\t\t<\/div>\n\t\t\t\t\t\t<\/div>\n\t\t\t\t<\/div>\n\t\t\t\t\t<\/div>\n\t\t\t\t<\/div>\n\t\t\t\t\t<\/div>\n\t\t<\/div>\n\t\t\t\t\t<\/div>\n\t\t<\/section>\n\t\t\t\t<section class=\"elementor-section elementor-inner-section elementor-element elementor-element-559c0ee elementor-section-content-middle elementor-section-boxed elementor-section-height-default elementor-section-height-default\" data-id=\"559c0ee\" data-element_type=\"section\">\n\t\t\t\t\t\t<div class=\"elementor-container elementor-column-gap-default\">\n\t\t\t\t\t<div class=\"elementor-column elementor-col-50 elementor-inner-column elementor-element elementor-element-ef51110\" data-id=\"ef51110\" data-element_type=\"column\">\n\t\t\t<div class=\"elementor-widget-wrap elementor-element-populated\">\n\t\t\t\t\t\t<div class=\"elementor-element elementor-element-0b14fb6 elementor-position-left elementor-widget__width-initial elementor-widget-tablet__width-initial elementor-mobile-position-center animated-fast elementor-position-below elementor-invisible elementor-widget elementor-widget-heading\" data-id=\"0b14fb6\" data-element_type=\"widget\" data-settings=\"{&quot;_animation&quot;:&quot;opal-move-up&quot;}\" data-widget_type=\"heading.default\">\n\t\t\t\t<div class=\"elementor-widget-container\">\n\t\t\t\t\t<div class=\"elementor-heading-wrapper\" ><div class=\"elementor-heading-wrapper-inner\"><h2 class=\"elementor-heading-title elementor-size-default\">Farmakovigjilenc\u00eb<\/h2><\/div><\/div>\t\t\t\t<\/div>\n\t\t\t\t<\/div>\n\t\t\t\t\t<\/div>\n\t\t<\/div>\n\t\t\t\t<div class=\"elementor-column elementor-col-50 elementor-inner-column elementor-element elementor-element-bbc6a8b\" data-id=\"bbc6a8b\" data-element_type=\"column\">\n\t\t\t<div class=\"elementor-widget-wrap elementor-element-populated\">\n\t\t\t\t\t\t<div class=\"elementor-element elementor-element-0accf17 elementor-widget__width-initial animated-fast elementor-invisible elementor-widget elementor-widget-text-editor\" data-id=\"0accf17\" data-element_type=\"widget\" data-settings=\"{&quot;_animation&quot;:&quot;opal-move-up&quot;}\" data-widget_type=\"text-editor.default\">\n\t\t\t\t<div class=\"elementor-widget-container\">\n\t\t\t\t\t        <div class=\"elementor-text-editor elementor-clearfix\"><ul><li><p>Farmakovigjilenca, si\u00e7 p\u00ebrcaktohet nga OBSH, p\u00ebrfshin zbulimin, regjistrimin, vler\u00ebsimin dhe kuptimin e reaksioneve an\u00ebsore t\u00eb barnave ose \u00e7\u00ebshtjeve t\u00eb tjera t\u00eb siguris\u00eb q\u00eb lidhen me barnat. Ai synon t\u00eb maksimizoj\u00eb p\u00ebrfitimet dhe t\u00eb minimizoj\u00eb rreziqet e p\u00ebrdorimit t\u00eb ila\u00e7eve, duke promovuar p\u00ebrdorim m\u00eb t\u00eb sigurt, m\u00eb efektiv dhe racional.<\/p><\/li><li><p>Misioni i Farmakovigjilenc\u00ebs dhe Mbik\u00ebqyrjes s\u00eb Produkteve Sh\u00ebndet\u00ebsore n\u00eb Laborat\u00f3rio Edol \u00ebsht\u00eb t\u00eb mbledh\u00eb dhe p\u00ebrpunoj\u00eb sistematikisht informacionin e siguris\u00eb n\u00eb lidhje me ila\u00e7et tona, pajisjet mjek\u00ebsore, kozmetik\u00ebn, produktet e kujdesit p\u00ebr trupin dhe suplementet ushqimore. Ne i p\u00ebrmbahemi procedurave etike dhe cil\u00ebsore p\u00ebr t'u ofruar profesionist\u00ebve sh\u00ebndet\u00ebsor\u00eb dhe pacient\u00ebve informacion t\u00eb sakt\u00eb dhe t\u00eb p\u00ebrdit\u00ebsuar t\u00eb siguris\u00eb p\u00ebr produktet tona.<\/p><\/li><\/ul><\/div>\n        \t\t\t\t<\/div>\n\t\t\t\t<\/div>\n\t\t\t\t\t<\/div>\n\t\t<\/div>\n\t\t\t\t\t<\/div>\n\t\t<\/section>\n\t\t\t\t\t<\/div>\n\t\t<\/div>\n\t\t\t\t\t<\/div>\n\t\t<\/section>\n\t\t\t\t<\/div>","protected":false},"excerpt":{"rendered":"<p>Department of Regulatory Affairs &#038; Pharmacovigilance Handles all activities related to registering medicines, medical devices, cosmetics, body care products, and food supplements, ensuring regulatory compliance throughout the process. Department of Regulatory Affairs The Regulatory Affairs &amp; Pharmacovigilance Department oversees all activities related to registering medicines, medical devices, cosmetics, body care products, and food supplements. It &hellip; <\/p>\n<p class=\"more-link-wrap\"><a href=\"https:\/\/innovuspharma-al.com\/al\/regulatory-affairs\/\" class=\"more-link\"><i class=\"opal-icon-plus\" aria-hidden=\"true\"><\/i><span>Read More<span class=\"screen-reader-text\"> &#8220;Regulatory affairs&#8221;<\/span><\/span><\/a><\/p>","protected":false},"author":1,"featured_media":0,"parent":0,"menu_order":0,"comment_status":"closed","ping_status":"closed","template":"page-elementor.php","meta":{"inline_featured_image":false,"_monsterinsights_skip_tracking":false,"_monsterinsights_sitenote_active":false,"_monsterinsights_sitenote_note":"","_monsterinsights_sitenote_category":0,"_themeisle_gutenberg_block_has_review":false,"_joinchat":[],"footnotes":""},"class_list":["post-10032","page","type-page","status-publish","hentry"],"aioseo_notices":[],"jetpack_sharing_enabled":true,"_links":{"self":[{"href":"https:\/\/innovuspharma-al.com\/al\/wp-json\/wp\/v2\/pages\/10032","targetHints":{"allow":["GET"]}}],"collection":[{"href":"https:\/\/innovuspharma-al.com\/al\/wp-json\/wp\/v2\/pages"}],"about":[{"href":"https:\/\/innovuspharma-al.com\/al\/wp-json\/wp\/v2\/types\/page"}],"author":[{"embeddable":true,"href":"https:\/\/innovuspharma-al.com\/al\/wp-json\/wp\/v2\/users\/1"}],"replies":[{"embeddable":true,"href":"https:\/\/innovuspharma-al.com\/al\/wp-json\/wp\/v2\/comments?post=10032"}],"version-history":[{"count":19,"href":"https:\/\/innovuspharma-al.com\/al\/wp-json\/wp\/v2\/pages\/10032\/revisions"}],"predecessor-version":[{"id":12284,"href":"https:\/\/innovuspharma-al.com\/al\/wp-json\/wp\/v2\/pages\/10032\/revisions\/12284"}],"wp:attachment":[{"href":"https:\/\/innovuspharma-al.com\/al\/wp-json\/wp\/v2\/media?parent=10032"}],"curies":[{"name":"wp","href":"https:\/\/api.w.org\/{rel}","templated":true}]}}