{"id":10034,"date":"2024-05-02T12:41:01","date_gmt":"2024-05-02T11:41:01","guid":{"rendered":"https:\/\/innovuspharma-al.com\/?page_id=10034"},"modified":"2026-03-17T15:47:48","modified_gmt":"2026-03-17T15:47:48","slug":"distribution","status":"publish","type":"page","link":"https:\/\/innovuspharma-al.com\/al\/distribution\/","title":{"rendered":"Distribution"},"content":{"rendered":"<div data-elementor-type=\"wp-page\" data-elementor-id=\"10034\" class=\"elementor elementor-10034\">\n\t\t\t\t\t\t<section class=\"elementor-section elementor-top-section elementor-element elementor-element-2c31f77 elementor-section-height-min-height elementor-section-items-bottom elementor-section-stretched elementor-section-boxed elementor-section-height-default\" data-id=\"2c31f77\" data-element_type=\"section\" data-settings=\"{&quot;stretch_section&quot;:&quot;section-stretched&quot;,&quot;background_background&quot;:&quot;classic&quot;}\">\n\t\t\t\t\t\t<div class=\"elementor-container elementor-column-gap-no\">\n\t\t\t\t\t<div class=\"elementor-column elementor-col-50 elementor-top-column elementor-element elementor-element-da5c946\" data-id=\"da5c946\" data-element_type=\"column\">\n\t\t\t<div class=\"elementor-widget-wrap elementor-element-populated\">\n\t\t\t\t\t\t<div class=\"elementor-element elementor-element-4f84c96 elementor-position-below elementor-widget elementor-widget-heading\" data-id=\"4f84c96\" data-element_type=\"widget\" data-widget_type=\"heading.default\">\n\t\t\t\t<div class=\"elementor-widget-container\">\n\t\t\t\t\t<div class=\"elementor-heading-wrapper\" ><div class=\"elementor-heading-wrapper-inner\"><h1 class=\"elementor-heading-title elementor-size-default\">Distribution<\/h1><\/div><\/div>\t\t\t\t<\/div>\n\t\t\t\t<\/div>\n\t\t\t\t<div class=\"elementor-element elementor-element-2689b76 elementor-widget elementor-widget-text-editor\" data-id=\"2689b76\" data-element_type=\"widget\" data-widget_type=\"text-editor.default\">\n\t\t\t\t<div class=\"elementor-widget-container\">\n\t\t\t\t\t        <div class=\"elementor-text-editor elementor-clearfix\"><p>Distribucioni p\u00ebrfshin procesin e marrjes s\u00eb produkteve nga prodhuesit ose furnitor\u00ebt te konsumator\u00ebt. Ai p\u00ebrfshin aktivitete si transporti, magazinimi dhe menaxhimi i inventarit p\u00ebr t\u00eb siguruar q\u00eb produktet t\u00eb arrijn\u00eb n\u00eb destinacionet e synuara n\u00eb m\u00ebnyr\u00eb efikase.<\/p><\/div>\n        \t\t\t\t<\/div>\n\t\t\t\t<\/div>\n\t\t\t\t\t<\/div>\n\t\t<\/div>\n\t\t\t\t<div class=\"elementor-column elementor-col-50 elementor-top-column elementor-element elementor-element-eacd75c\" data-id=\"eacd75c\" data-element_type=\"column\">\n\t\t\t<div class=\"elementor-widget-wrap\">\n\t\t\t\t\t\t\t<\/div>\n\t\t<\/div>\n\t\t\t\t\t<\/div>\n\t\t<\/section>\n\t\t\t\t<section class=\"elementor-section elementor-top-section elementor-element elementor-element-235f182 elementor-section-height-min-height elementor-section-full_width elementor-section-height-default elementor-section-items-middle\" data-id=\"235f182\" data-element_type=\"section\" id=\"features\" data-settings=\"{&quot;background_background&quot;:&quot;classic&quot;}\">\n\t\t\t\t\t\t<div class=\"elementor-container elementor-column-gap-no\">\n\t\t\t\t\t<div class=\"elementor-column elementor-col-100 elementor-top-column elementor-element elementor-element-abb68f4\" data-id=\"abb68f4\" data-element_type=\"column\" data-settings=\"{&quot;background_background&quot;:&quot;classic&quot;}\">\n\t\t\t<div class=\"elementor-widget-wrap elementor-element-populated\">\n\t\t\t\t\t\t<section class=\"elementor-section elementor-inner-section elementor-element elementor-element-f7952ec elementor-section-content-middle elementor-section-boxed elementor-section-height-default elementor-section-height-default\" data-id=\"f7952ec\" data-element_type=\"section\">\n\t\t\t\t\t\t<div class=\"elementor-container elementor-column-gap-default\">\n\t\t\t\t\t<div class=\"elementor-column elementor-col-50 elementor-inner-column elementor-element elementor-element-7169c69\" data-id=\"7169c69\" data-element_type=\"column\">\n\t\t\t<div class=\"elementor-widget-wrap elementor-element-populated\">\n\t\t\t\t\t\t<div class=\"elementor-element elementor-element-4470cbe elementor-position-left elementor-widget__width-initial elementor-widget-tablet__width-initial elementor-mobile-position-center animated-fast elementor-position-below elementor-invisible elementor-widget elementor-widget-heading\" data-id=\"4470cbe\" data-element_type=\"widget\" data-settings=\"{&quot;_animation&quot;:&quot;opal-move-up&quot;}\" data-widget_type=\"heading.default\">\n\t\t\t\t<div class=\"elementor-widget-container\">\n\t\t\t\t\t<div class=\"elementor-heading-wrapper\" ><div class=\"elementor-heading-wrapper-inner\"><h2 class=\"elementor-heading-title elementor-size-default\">Distri<span class = \"c-primary\">bucion<\/h2><\/div><\/div>\t\t\t\t<\/div>\n\t\t\t\t<\/div>\n\t\t\t\t\t<\/div>\n\t\t<\/div>\n\t\t\t\t<div class=\"elementor-column elementor-col-50 elementor-inner-column elementor-element elementor-element-ea8438d\" data-id=\"ea8438d\" data-element_type=\"column\">\n\t\t\t<div class=\"elementor-widget-wrap elementor-element-populated\">\n\t\t\t\t\t\t<div class=\"elementor-element elementor-element-6282562 elementor-widget__width-initial animated-fast elementor-invisible elementor-widget elementor-widget-text-editor\" data-id=\"6282562\" data-element_type=\"widget\" data-settings=\"{&quot;_animation&quot;:&quot;opal-move-up&quot;}\" data-widget_type=\"text-editor.default\">\n\t\t\t\t<div class=\"elementor-widget-container\">\n\t\t\t\t\t        <div class=\"elementor-text-editor elementor-clearfix\"><ul><li><p>Innovus Pharma shp\u00ebrndan produkte farmaceutike, suplemente ushqimore, materiale mjek\u00ebsore dhe produkte t\u00eb tjera t\u00eb ndryshme. Ajo mban kontrata importi me prodhues t\u00eb shumt\u00eb, duke dh\u00ebn\u00eb ekskluzivitet p\u00ebr import, marketing dhe shp\u00ebrndarje n\u00eb t\u00eb gjith\u00eb vendin. K\u00ebto produkte shp\u00ebrndahen n\u00ebp\u00ebr magazina dhe farmaci t\u00eb ndryshme.<\/p><\/li><li><p>Gjithashtu, Innovus Pharma bashk\u00ebpunon me importues t\u00eb tjer\u00eb farmaceutik\u00eb n\u00eb vend, duke sh\u00ebrbyer si distributor i besuesh\u00ebm p\u00ebr t\u00eb gjitha barnat e regjistruara dhe produkte t\u00eb tjera t\u00eb ndryshme sipas k\u00ebrkesave t\u00eb farmacist\u00ebve.<\/p><\/li><\/ul><\/div>\n        \t\t\t\t<\/div>\n\t\t\t\t<\/div>\n\t\t\t\t\t<\/div>\n\t\t<\/div>\n\t\t\t\t\t<\/div>\n\t\t<\/section>\n\t\t\t\t\t<\/div>\n\t\t<\/div>\n\t\t\t\t\t<\/div>\n\t\t<\/section>\n\t\t\t\t<\/div>","protected":false},"excerpt":{"rendered":"<p>Distribution Distribution involves the process of getting products from manufacturers or suppliers to consumers. It includes activities like transportation, warehousing, and inventory management to ensure products reach their intended destinations efficiently. Distribution Innovus Pharma distributes pharmaceutical products, food supplements, medical materials, and other miscellaneous products. It holds import contracts with multiple manufacturers, granting exclusivity for &hellip; <\/p>\n<p class=\"more-link-wrap\"><a href=\"https:\/\/innovuspharma-al.com\/al\/distribution\/\" class=\"more-link\"><i class=\"opal-icon-plus\" aria-hidden=\"true\"><\/i><span>Read More<span class=\"screen-reader-text\"> &#8220;Distribution&#8221;<\/span><\/span><\/a><\/p>","protected":false},"author":1,"featured_media":0,"parent":0,"menu_order":0,"comment_status":"closed","ping_status":"closed","template":"page-elementor.php","meta":{"inline_featured_image":false,"_monsterinsights_skip_tracking":false,"_monsterinsights_sitenote_active":false,"_monsterinsights_sitenote_note":"","_monsterinsights_sitenote_category":0,"_themeisle_gutenberg_block_has_review":false,"_joinchat":[],"footnotes":""},"class_list":["post-10034","page","type-page","status-publish","hentry"],"aioseo_notices":[],"jetpack_sharing_enabled":true,"_links":{"self":[{"href":"https:\/\/innovuspharma-al.com\/al\/wp-json\/wp\/v2\/pages\/10034","targetHints":{"allow":["GET"]}}],"collection":[{"href":"https:\/\/innovuspharma-al.com\/al\/wp-json\/wp\/v2\/pages"}],"about":[{"href":"https:\/\/innovuspharma-al.com\/al\/wp-json\/wp\/v2\/types\/page"}],"author":[{"embeddable":true,"href":"https:\/\/innovuspharma-al.com\/al\/wp-json\/wp\/v2\/users\/1"}],"replies":[{"embeddable":true,"href":"https:\/\/innovuspharma-al.com\/al\/wp-json\/wp\/v2\/comments?post=10034"}],"version-history":[{"count":13,"href":"https:\/\/innovuspharma-al.com\/al\/wp-json\/wp\/v2\/pages\/10034\/revisions"}],"predecessor-version":[{"id":12290,"href":"https:\/\/innovuspharma-al.com\/al\/wp-json\/wp\/v2\/pages\/10034\/revisions\/12290"}],"wp:attachment":[{"href":"https:\/\/innovuspharma-al.com\/al\/wp-json\/wp\/v2\/media?parent=10034"}],"curies":[{"name":"wp","href":"https:\/\/api.w.org\/{rel}","templated":true}]}}