{"id":10036,"date":"2024-05-02T12:41:06","date_gmt":"2024-05-02T11:41:06","guid":{"rendered":"https:\/\/innovuspharma-al.com\/?page_id=10036"},"modified":"2024-05-02T12:41:06","modified_gmt":"2024-05-02T11:41:06","slug":"quality-products-2","status":"publish","type":"page","link":"https:\/\/innovuspharma-al.com\/al\/quality-products-2\/","title":{"rendered":"Quality Control &amp; Quality Assurance"},"content":{"rendered":"<div data-elementor-type=\"wp-page\" data-elementor-id=\"10036\" class=\"elementor elementor-10036\">\n\t\t\t\t\t\t<section class=\"elementor-section elementor-top-section elementor-element elementor-element-2c31f77 elementor-section-height-min-height elementor-section-items-bottom elementor-section-stretched elementor-section-boxed elementor-section-height-default\" data-id=\"2c31f77\" data-element_type=\"section\" data-settings=\"{&quot;stretch_section&quot;:&quot;section-stretched&quot;,&quot;background_background&quot;:&quot;classic&quot;}\">\n\t\t\t\t\t\t<div class=\"elementor-container elementor-column-gap-no\">\n\t\t\t\t\t<div class=\"elementor-column elementor-col-50 elementor-top-column elementor-element elementor-element-da5c946\" data-id=\"da5c946\" data-element_type=\"column\">\n\t\t\t<div class=\"elementor-widget-wrap elementor-element-populated\">\n\t\t\t\t\t\t<div class=\"elementor-element elementor-element-4f84c96 elementor-position-below elementor-widget elementor-widget-heading\" data-id=\"4f84c96\" data-element_type=\"widget\" data-widget_type=\"heading.default\">\n\t\t\t\t<div class=\"elementor-widget-container\">\n\t\t\t\t\t<div class=\"elementor-heading-wrapper\" ><div class=\"elementor-heading-wrapper-inner\"><h1 class=\"elementor-heading-title elementor-size-default\">Gjetja e produkteve cil\u00ebsore<\/h1><\/div><\/div>\t\t\t\t<\/div>\n\t\t\t\t<\/div>\n\t\t\t\t<div class=\"elementor-element elementor-element-2689b76 elementor-widget elementor-widget-text-editor\" data-id=\"2689b76\" data-element_type=\"widget\" data-widget_type=\"text-editor.default\">\n\t\t\t\t<div class=\"elementor-widget-container\">\n\t\t\t\t\t        <div class=\"elementor-text-editor elementor-clearfix\"><p>Sistemi i cil\u00ebsis\u00eb p\u00ebrb\u00ebhet nga nj\u00eb s\u00ebr\u00eb hapash q\u00eb synojn\u00eb t\u00eb verifikojn\u00eb dhe sigurojn\u00eb q\u00eb t\u00eb gjitha produktet, proceset, procedurat dhe sh\u00ebrbimet jan\u00eb brenda standardeve t\u00eb cil\u00ebsis\u00eb, duke siguruar k\u00ebshtu p\u00ebrsosm\u00ebrin\u00eb e tyre.<\/p><\/div>\n        \t\t\t\t<\/div>\n\t\t\t\t<\/div>\n\t\t\t\t\t<\/div>\n\t\t<\/div>\n\t\t\t\t<div class=\"elementor-column elementor-col-50 elementor-top-column elementor-element elementor-element-eacd75c\" data-id=\"eacd75c\" data-element_type=\"column\">\n\t\t\t<div class=\"elementor-widget-wrap\">\n\t\t\t\t\t\t\t<\/div>\n\t\t<\/div>\n\t\t\t\t\t<\/div>\n\t\t<\/section>\n\t\t\t\t<section class=\"elementor-section elementor-top-section elementor-element elementor-element-235f182 elementor-section-height-min-height elementor-section-full_width elementor-section-height-default elementor-section-items-middle\" data-id=\"235f182\" data-element_type=\"section\" id=\"features\" data-settings=\"{&quot;background_background&quot;:&quot;classic&quot;}\">\n\t\t\t\t\t\t<div class=\"elementor-container elementor-column-gap-no\">\n\t\t\t\t\t<div class=\"elementor-column elementor-col-100 elementor-top-column elementor-element elementor-element-abb68f4\" data-id=\"abb68f4\" data-element_type=\"column\" data-settings=\"{&quot;background_background&quot;:&quot;classic&quot;}\">\n\t\t\t<div class=\"elementor-widget-wrap elementor-element-populated\">\n\t\t\t\t\t\t<section class=\"elementor-section elementor-inner-section elementor-element elementor-element-f7952ec elementor-section-content-middle elementor-section-boxed elementor-section-height-default elementor-section-height-default\" data-id=\"f7952ec\" data-element_type=\"section\">\n\t\t\t\t\t\t<div class=\"elementor-container elementor-column-gap-default\">\n\t\t\t\t\t<div class=\"elementor-column elementor-col-50 elementor-inner-column elementor-element elementor-element-7169c69\" data-id=\"7169c69\" data-element_type=\"column\">\n\t\t\t<div class=\"elementor-widget-wrap elementor-element-populated\">\n\t\t\t\t\t\t<div class=\"elementor-element elementor-element-4470cbe elementor-position-left elementor-widget__width-initial elementor-widget-tablet__width-initial elementor-mobile-position-center animated-fast elementor-position-below elementor-invisible elementor-widget elementor-widget-heading\" data-id=\"4470cbe\" data-element_type=\"widget\" data-settings=\"{&quot;_animation&quot;:&quot;opal-move-up&quot;}\" data-widget_type=\"heading.default\">\n\t\t\t\t<div class=\"elementor-widget-container\">\n\t\t\t\t\t<div class=\"elementor-heading-wrapper\" ><div class=\"elementor-heading-wrapper-inner\"><h2 class=\"elementor-heading-title elementor-size-default\">Sistemi i Cil\u00ebsis\u00eb\n<span class = \"c-primary\">\u00ebsht\u00eb i pajisur me ekipe, pajisje dhe infrastruktur\u00eb t\u00eb kualifikuar dhe \u00ebsht\u00eb n\u00eb p\u00ebrputhje me legjislacionin n\u00eb fuqi n\u00eb k\u00ebt\u00eb sektor.<\/h2><\/div><\/div>\t\t\t\t<\/div>\n\t\t\t\t<\/div>\n\t\t\t\t\t<\/div>\n\t\t<\/div>\n\t\t\t\t<div class=\"elementor-column elementor-col-50 elementor-inner-column elementor-element elementor-element-ea8438d\" data-id=\"ea8438d\" data-element_type=\"column\">\n\t\t\t<div class=\"elementor-widget-wrap elementor-element-populated\">\n\t\t\t\t\t\t<div class=\"elementor-element elementor-element-6282562 elementor-widget__width-initial animated-fast elementor-invisible elementor-widget elementor-widget-text-editor\" data-id=\"6282562\" data-element_type=\"widget\" data-settings=\"{&quot;_animation&quot;:&quot;opal-move-up&quot;}\" data-widget_type=\"text-editor.default\">\n\t\t\t\t<div class=\"elementor-widget-container\">\n\t\t\t\t\t        <div class=\"elementor-text-editor elementor-clearfix\"><ul><li>Trajnimi dhe p\u00ebrdit\u00ebsimi adekuat i ekipeve t\u00eb pun\u00ebs \u00ebsht\u00eb nj\u00eb objektiv q\u00eb \u00ebsht\u00eb gjithmon\u00eb i pranish\u00ebm n\u00eb menaxhimin e brendsh\u00ebm, si dhe fokusi i vazhduesh\u00ebm n\u00eb p\u00ebrmir\u00ebsimin e vazhduesh\u00ebm. Kontrolli i cil\u00ebsis\u00eb \u00ebsht\u00eb p\u00ebrgjegj\u00ebs p\u00ebr analiz\u00ebn e l\u00ebnd\u00ebve t\u00eb para dhe materialeve t\u00eb paketimit; siguron cil\u00ebsin\u00eb n\u00eb t\u00eb gjitha fazat e procesit t\u00eb prodhimit; zhvillon dhe v\u00ebrteton metodat fiziko-kimike dhe mikrobiologjike dhe kryen studime t\u00eb stabilitetit sipas standardeve n\u00eb fuqi.<\/li><li>Sigurimi i cil\u00ebsis\u00eb luan nj\u00eb rol ky\u00e7 n\u00eb p\u00ebrputhje me praktikat e mira t\u00eb prodhimit. Nd\u00ebr aktivitetet e ndryshme t\u00eb kryera jan\u00eb: menaxhimi i proceseve t\u00eb validimit, kontrolli i devijimeve dhe ndryshimeve, auditimet e brendshme dhe t\u00eb jashtme, kualifikimi i furnitor\u00ebve dhe verifikimi i legjislacionit t\u00eb zbatuesh\u00ebm n\u00eb sektor.<\/li><\/ul><\/div>\n        \t\t\t\t<\/div>\n\t\t\t\t<\/div>\n\t\t\t\t\t<\/div>\n\t\t<\/div>\n\t\t\t\t\t<\/div>\n\t\t<\/section>\n\t\t\t\t<section class=\"elementor-section elementor-inner-section elementor-element elementor-element-2f6bbf1 elementor-section-content-middle elementor-section-boxed elementor-section-height-default elementor-section-height-default\" data-id=\"2f6bbf1\" data-element_type=\"section\">\n\t\t\t\t\t\t<div class=\"elementor-container elementor-column-gap-default\">\n\t\t\t\t\t<div class=\"elementor-column elementor-col-100 elementor-inner-column elementor-element elementor-element-5dc759c\" data-id=\"5dc759c\" data-element_type=\"column\">\n\t\t\t<div class=\"elementor-widget-wrap elementor-element-populated\">\n\t\t\t\t<div class=\"elementor-element elementor-element-b66896b e-flex e-con-boxed e-con e-parent\" data-id=\"b66896b\" data-element_type=\"container\">\n\t\t\t\t\t<div class=\"e-con-inner\">\n\t\t\t\t<div class=\"elementor-element elementor-element-22b8341 elementor-widget-divider--view-line elementor-widget elementor-widget-divider\" data-id=\"22b8341\" data-element_type=\"widget\" data-widget_type=\"divider.default\">\n\t\t\t\t<div class=\"elementor-widget-container\">\n\t\t\t\t\t\t\t<div class=\"elementor-divider\">\n\t\t\t<span class=\"elementor-divider-separator\">\n\t\t\t\t\t\t<\/span>\n\t\t<\/div>\n\t\t\t\t\t\t<\/div>\n\t\t\t\t<\/div>\n\t\t\t\t\t<\/div>\n\t\t\t\t<\/div>\n\t\t\t\t<div class=\"elementor-element elementor-element-c0ceae4 elementor-mobile-position-center elementor-widget__width-initial animated-fast elementor-position-below elementor-invisible elementor-widget elementor-widget-heading\" data-id=\"c0ceae4\" data-element_type=\"widget\" data-settings=\"{&quot;_animation&quot;:&quot;opal-move-up&quot;}\" data-widget_type=\"heading.default\">\n\t\t\t\t<div class=\"elementor-widget-container\">\n\t\t\t\t\t<div class=\"elementor-heading-wrapper\" ><div class=\"elementor-heading-wrapper-inner\"><span class=\"elementor-heading-title elementor-size-default\">Departamenti i Kontrollit t\u00eb Cil\u00ebsis\u00eb dhe Sigurimit t\u00eb Cil\u00ebsis\u00eb konfirmon me rigorozitet cil\u00ebsin\u00eb e t\u00eb gjitha proceseve dhe produkteve, duke garantuar efektivitetin dhe sigurin\u00eb maksimale t\u00eb produkteve tona, duke garantuar k\u00ebshtu k\u00ebnaq\u00ebsin\u00eb dhe besimin e klient\u00ebve tan\u00eb.<\/span><\/div><\/div>\t\t\t\t<\/div>\n\t\t\t\t<\/div>\n\t\t\t\t\t<\/div>\n\t\t<\/div>\n\t\t\t\t\t<\/div>\n\t\t<\/section>\n\t\t\t\t\t<\/div>\n\t\t<\/div>\n\t\t\t\t\t<\/div>\n\t\t<\/section>\n\t\t\t\t<\/div>","protected":false},"excerpt":{"rendered":"<p>Find quality products The quality system consists of a set of steps that aim to verify and ensure that all products, processes, procedures, and services are within quality standards, thus ensuring their excellence. Quality System is equipped with qualified teams, equipment and infrastructure and comply with the legislation applicable to the sector. The adequate training &hellip; <\/p>\n<p class=\"more-link-wrap\"><a href=\"https:\/\/innovuspharma-al.com\/al\/quality-products-2\/\" class=\"more-link\"><i class=\"opal-icon-plus\" aria-hidden=\"true\"><\/i><span>Read More<span class=\"screen-reader-text\"> &#8220;Quality products&#8221;<\/span><\/span><\/a><\/p>","protected":false},"author":1,"featured_media":0,"parent":0,"menu_order":0,"comment_status":"closed","ping_status":"closed","template":"page-elementor.php","meta":{"inline_featured_image":false,"_monsterinsights_skip_tracking":false,"_monsterinsights_sitenote_active":false,"_monsterinsights_sitenote_note":"","_monsterinsights_sitenote_category":0,"_themeisle_gutenberg_block_has_review":false,"_joinchat":[],"footnotes":""},"class_list":["post-10036","page","type-page","status-publish","hentry"],"aioseo_notices":[],"jetpack_sharing_enabled":true,"_links":{"self":[{"href":"https:\/\/innovuspharma-al.com\/al\/wp-json\/wp\/v2\/pages\/10036","targetHints":{"allow":["GET"]}}],"collection":[{"href":"https:\/\/innovuspharma-al.com\/al\/wp-json\/wp\/v2\/pages"}],"about":[{"href":"https:\/\/innovuspharma-al.com\/al\/wp-json\/wp\/v2\/types\/page"}],"author":[{"embeddable":true,"href":"https:\/\/innovuspharma-al.com\/al\/wp-json\/wp\/v2\/users\/1"}],"replies":[{"embeddable":true,"href":"https:\/\/innovuspharma-al.com\/al\/wp-json\/wp\/v2\/comments?post=10036"}],"version-history":[{"count":1,"href":"https:\/\/innovuspharma-al.com\/al\/wp-json\/wp\/v2\/pages\/10036\/revisions"}],"predecessor-version":[{"id":10038,"href":"https:\/\/innovuspharma-al.com\/al\/wp-json\/wp\/v2\/pages\/10036\/revisions\/10038"}],"wp:attachment":[{"href":"https:\/\/innovuspharma-al.com\/al\/wp-json\/wp\/v2\/media?parent=10036"}],"curies":[{"name":"wp","href":"https:\/\/api.w.org\/{rel}","templated":true}]}}