{"id":11249,"date":"2024-11-05T14:32:32","date_gmt":"2024-11-05T14:32:32","guid":{"rendered":"https:\/\/innovuspharma-al.com\/?page_id=11249"},"modified":"2024-11-08T06:54:02","modified_gmt":"2024-11-08T06:54:02","slug":"faq-qr-axol-fast","status":"publish","type":"page","link":"https:\/\/innovuspharma-al.com\/al\/faq-qr-axol-fast\/","title":{"rendered":"FAQ -QR-Axol Fast"},"content":{"rendered":"<div data-elementor-type=\"wp-page\" data-elementor-id=\"11249\" class=\"elementor elementor-11249\">\n\t\t\t\t\t\t<section class=\"elementor-section elementor-top-section elementor-element elementor-element-4be0b300 elementor-section-stretched elementor-section-boxed elementor-section-height-default elementor-section-height-default\" data-id=\"4be0b300\" data-element_type=\"section\" data-settings=\"{&quot;stretch_section&quot;:&quot;section-stretched&quot;,&quot;background_background&quot;:&quot;classic&quot;}\">\n\t\t\t\t\t\t<div class=\"elementor-container elementor-column-gap-no\">\n\t\t\t\t\t<div class=\"elementor-column elementor-col-100 elementor-top-column elementor-element elementor-element-e3c1c95\" data-id=\"e3c1c95\" data-element_type=\"column\">\n\t\t\t<div class=\"elementor-widget-wrap elementor-element-populated\">\n\t\t\t\t\t\t<div class=\"elementor-element elementor-element-db0ae98 elementor-position-center elementor-mobile-position-center elementor-position-below elementor-widget elementor-widget-heading\" data-id=\"db0ae98\" data-element_type=\"widget\" data-widget_type=\"heading.default\">\n\t\t\t\t<div class=\"elementor-widget-container\">\n\t\t\t\t\t<div class=\"elementor-heading-wrapper\" ><div class=\"elementor-heading-wrapper-inner\"><h3 class=\"elementor-heading-title elementor-size-default\">Zgjidhni Axol Fast <br> p\u00ebr leht\u00ebsimin e simptomave t\u00eb <br>  Insuficienc\u00ebs Venoze Kronike dhe Sindrom\u00ebs Hemorroidale!<\/h3><\/div><\/div>\t\t\t\t<\/div>\n\t\t\t\t<\/div>\n\t\t\t\t<div class=\"elementor-element elementor-element-8865dca elementor-widget-divider--view-line elementor-widget elementor-widget-divider\" data-id=\"8865dca\" data-element_type=\"widget\" data-widget_type=\"divider.default\">\n\t\t\t\t<div class=\"elementor-widget-container\">\n\t\t\t\t\t\t\t<div class=\"elementor-divider\">\n\t\t\t<span class=\"elementor-divider-separator\">\n\t\t\t\t\t\t<\/span>\n\t\t<\/div>\n\t\t\t\t\t\t<\/div>\n\t\t\t\t<\/div>\n\t\t\t\t<div class=\"elementor-element elementor-element-809a6fa elementor-widget elementor-widget-text-editor\" data-id=\"809a6fa\" data-element_type=\"widget\" data-widget_type=\"text-editor.default\">\n\t\t\t\t<div class=\"elementor-widget-container\">\n\t\t\t\t\t        <div class=\"elementor-text-editor elementor-clearfix\"><h5>Formulari i Vler\u00ebsimit t\u00eb t\u00eb Axol Fast<\/h5><\/div>\n        \t\t\t\t<\/div>\n\t\t\t\t<\/div>\n\t\t\t\t<section class=\"elementor-section elementor-inner-section elementor-element elementor-element-6fec08c elementor-section-boxed elementor-section-height-default elementor-section-height-default\" data-id=\"6fec08c\" data-element_type=\"section\">\n\t\t\t\t\t\t<div class=\"elementor-container elementor-column-gap-wide\">\n\t\t\t\t\t<div class=\"elementor-column elementor-col-100 elementor-inner-column elementor-element elementor-element-66e8ef1\" data-id=\"66e8ef1\" data-element_type=\"column\">\n\t\t\t<div class=\"elementor-widget-wrap elementor-element-populated\">\n\t\t\t\t\t\t<div class=\"elementor-element elementor-element-a003ef5 elementor-widget elementor-widget-wpforms\" data-id=\"a003ef5\" data-element_type=\"widget\" data-widget_type=\"wpforms.default\">\n\t\t\t\t<div class=\"elementor-widget-container\">\n\t\t\t\t\t<style id=\"wpforms-css-vars-elementor-widget-a003ef5\">\n\t\t\t\t.elementor-widget-wpforms.elementor-element-a003ef5 {\n\t\t\t\t--wpforms-label-color: #1D2A38;\n--wpforms-button-background-color: #24AEB1;\n--wpforms-field-size-input-height: 43px;\n--wpforms-field-size-input-spacing: 15px;\n--wpforms-field-size-font-size: 16px;\n--wpforms-field-size-line-height: 19px;\n--wpforms-field-size-padding-h: 14px;\n--wpforms-field-size-checkbox-size: 16px;\n--wpforms-field-size-sublabel-spacing: 5px;\n--wpforms-field-size-icon-size: 1;\n--wpforms-label-size-font-size: 16px;\n--wpforms-label-size-line-height: 19px;\n--wpforms-label-size-sublabel-font-size: 14px;\n--wpforms-label-size-sublabel-line-height: 17px;\n--wpforms-button-size-font-size: 17px;\n--wpforms-button-size-height: 41px;\n--wpforms-button-size-padding-h: 15px;\n--wpforms-button-size-margin-top: 10px;\n\n\t\t\t}\n\t\t\t<\/style><div class=\"wpforms-container wpforms-container-full wpforms-render-modern\" id=\"wpforms-11250\"><form id=\"wpforms-form-11250\" class=\"wpforms-validate wpforms-form wpforms-ajax-form\" data-formid=\"11250\" method=\"post\" enctype=\"multipart\/form-data\" action=\"\/al\/wp-json\/wp\/v2\/pages\/11249\" data-token=\"c27e0d74c6c618258bcf72f6b207e6ec\" data-token-time=\"1775570563\" data-trp-original-action=\"\/al\/wp-json\/wp\/v2\/pages\/11249\"><noscript class=\"wpforms-error-noscript\">Please enable JavaScript in your browser to complete this form.<\/noscript><div class=\"wpforms-hidden\" id=\"wpforms-error-noscript\">Please enable JavaScript in your browser to complete this form.<\/div><div class=\"wpforms-field-container\"><div id=\"wpforms-11250-field_1-container\" class=\"wpforms-field wpforms-field-name\" data-field-id=\"1\"><label class=\"wpforms-field-label\" for=\"wpforms-11250-field_1\">Kush ma rekomandoi produktin?<\/label><input type=\"text\" id=\"wpforms-11250-field_1\" class=\"wpforms-field-medium\" name=\"wpforms[fields][1]\" placeholder=\"Dr. Emer Mbiemer\/ Emri i Farmacis\u00eb\" aria-errormessage=\"wpforms-11250-field_1-error\" ><\/div><div id=\"wpforms-11250-field_2-container\" class=\"wpforms-field wpforms-field-radio\" data-field-id=\"2\"><fieldset><legend class=\"wpforms-field-label\">Me sa yje e vler\u00ebsoni Axol Fast (1 deri n\u00eb 5 yje)?<\/legend><ul id=\"wpforms-11250-field_2\"><li class=\"choice-1 depth-1\"><input type=\"radio\" id=\"wpforms-11250-field_2_1\" name=\"wpforms[fields][2]\" value=\"1\" aria-errormessage=\"wpforms-11250-field_2_1-error\"  ><label class=\"wpforms-field-label-inline\" for=\"wpforms-11250-field_2_1\">1<\/label><\/li><li class=\"choice-2 depth-1\"><input type=\"radio\" id=\"wpforms-11250-field_2_2\" name=\"wpforms[fields][2]\" value=\"2\" aria-errormessage=\"wpforms-11250-field_2_2-error\"  ><label class=\"wpforms-field-label-inline\" for=\"wpforms-11250-field_2_2\">2<\/label><\/li><li class=\"choice-3 depth-1\"><input type=\"radio\" id=\"wpforms-11250-field_2_3\" name=\"wpforms[fields][2]\" value=\"3\" aria-errormessage=\"wpforms-11250-field_2_3-error\"  ><label class=\"wpforms-field-label-inline\" for=\"wpforms-11250-field_2_3\">3<\/label><\/li><li class=\"choice-4 depth-1\"><input type=\"radio\" id=\"wpforms-11250-field_2_4\" name=\"wpforms[fields][2]\" value=\"4\" aria-errormessage=\"wpforms-11250-field_2_4-error\"  ><label class=\"wpforms-field-label-inline\" for=\"wpforms-11250-field_2_4\">4<\/label><\/li><li class=\"choice-5 depth-1\"><input type=\"radio\" id=\"wpforms-11250-field_2_5\" name=\"wpforms[fields][2]\" value=\"5\" aria-errormessage=\"wpforms-11250-field_2_5-error\"  ><label class=\"wpforms-field-label-inline\" for=\"wpforms-11250-field_2_5\">5<\/label><\/li><\/ul><\/fieldset><\/div><div id=\"wpforms-11250-field_6-container\" class=\"wpforms-field wpforms-field-textarea\" data-field-id=\"6\"><label class=\"wpforms-field-label\" for=\"wpforms-11250-field_6\"> \u00c7far\u00eb mund t\u00eb b\u00ebjm\u00eb p\u00ebr t\u00eb p\u00ebrmir\u00ebsuar p\u00ebrvoj\u00ebn  tuaj?<\/label><textarea id=\"wpforms-11250-field_6\" class=\"wpforms-field-medium\" name=\"wpforms[fields][6]\" aria-errormessage=\"wpforms-11250-field_6-error\" aria-describedby=\"wpforms-11250-field_6-description\" ><\/textarea><div id=\"wpforms-11250-field_6-description\" class=\"wpforms-field-description\">Ky formular \u00ebsht\u00eb i thjesht\u00eb dhe ka p\u00ebr q\u00ebllim t\u00eb mbledh\u00eb \ninformacione p\u00ebr t\u00eb p\u00ebrmir\u00ebsuar sh\u00ebrbimin dhe p\u00ebrvoj\u00ebn e \nklient\u00ebve me Axol Fast.<\/div><\/div><\/div><!-- .wpforms-field-container --><div class=\"wpforms-submit-container\" ><input type=\"hidden\" name=\"wpforms[id]\" value=\"11250\"><input type=\"hidden\" name=\"page_title\" value=\"\"><input type=\"hidden\" name=\"page_url\" value=\"https:\/\/innovuspharma-al.com\/al\/wp-json\/wp\/v2\/pages\/11249\"><input type=\"hidden\" name=\"url_referer\" value=\"\"><button type=\"submit\" name=\"wpforms[submit]\" id=\"wpforms-submit-11250\" class=\"wpforms-submit\" data-alt-text=\"Sending...\" data-submit-text=\"Dergo\" aria-live=\"assertive\" value=\"wpforms-submit\">Dergo<\/button><img decoding=\"async\" src=\"https:\/\/innovuspharma-al.com\/wp-content\/plugins\/wpforms-lite\/assets\/images\/submit-spin.svg\" class=\"wpforms-submit-spinner\" style=\"display: none;\" width=\"26\" height=\"26\" alt=\"Loading\"><\/div><input type=\"hidden\" name=\"trp-form-language\" value=\"al\"\/><\/form><\/div>  <!-- .wpforms-container -->\t\t\t\t<\/div>\n\t\t\t\t<\/div>\n\t\t\t\t\t<\/div>\n\t\t<\/div>\n\t\t\t\t\t<\/div>\n\t\t<\/section>\n\t\t\t\t<div class=\"elementor-element elementor-element-c863aaa elementor-position-center elementor-position-below elementor-widget elementor-widget-heading\" data-id=\"c863aaa\" data-element_type=\"widget\" data-widget_type=\"heading.default\">\n\t\t\t\t<div class=\"elementor-widget-container\">\n\t\t\t\t\t<div class=\"elementor-heading-wrapper\" ><div class=\"elementor-heading-wrapper-inner\"><h4 class=\"elementor-heading-title elementor-size-large\">Axol Fast<\/h4><\/div><\/div>\t\t\t\t<\/div>\n\t\t\t\t<\/div>\n\t\t\t\t<div class=\"elementor-element elementor-element-4494ca1c elementor-widget-divider--view-line elementor-widget elementor-widget-divider\" data-id=\"4494ca1c\" data-element_type=\"widget\" data-widget_type=\"divider.default\">\n\t\t\t\t<div class=\"elementor-widget-container\">\n\t\t\t\t\t\t\t<div class=\"elementor-divider\">\n\t\t\t<span class=\"elementor-divider-separator\">\n\t\t\t\t\t\t<\/span>\n\t\t<\/div>\n\t\t\t\t\t\t<\/div>\n\t\t\t\t<\/div>\n\t\t\t\t<div class=\"elementor-element elementor-element-68ed837a elementor-widget elementor-widget-text-editor\" data-id=\"68ed837a\" data-element_type=\"widget\" data-widget_type=\"text-editor.default\">\n\t\t\t\t<div class=\"elementor-widget-container\">\n\t\t\t\t\t        <div class=\"elementor-text-editor elementor-clearfix\"><p><strong>Axol Fast<\/strong> \u00ebsht\u00eb nj\u00eb suplement ushqimor flebotonik, anti-inflamator dhe analgjezik, i krijuar p\u00ebr t\u00eb ndihmuar n\u00eb trajtimin e Insuficienc\u00ebs Venoze Kronike dhe Sindrom\u00ebs Hemorroidale. Me p\u00ebrb\u00ebr\u00ebs natyral\u00eb q\u00eb synojn\u00eb t\u00eb p\u00ebrmir\u00ebsojn\u00eb qarkullimin e gjakut, t\u00eb reduktojn\u00eb inflamacionin dhe t\u00eb leht\u00ebsojn\u00eb dhimbjet, Axol Fast mb\u00ebshtet sh\u00ebndetin e venave dhe redukton simptomat e p\u00ebrditshme t\u00eb lodhjes, \u00ebnjtjes dhe parehatis\u00eb.<\/p><\/div>\n        \t\t\t\t<\/div>\n\t\t\t\t<\/div>\n\t\t\t\t<section class=\"elementor-section elementor-inner-section elementor-element elementor-element-1b35a3c4 elementor-section-boxed elementor-section-height-default elementor-section-height-default\" data-id=\"1b35a3c4\" data-element_type=\"section\">\n\t\t\t\t\t\t<div class=\"elementor-container elementor-column-gap-wide\">\n\t\t\t\t\t<div class=\"elementor-column elementor-col-100 elementor-inner-column elementor-element elementor-element-4938f364\" data-id=\"4938f364\" data-element_type=\"column\">\n\t\t\t<div class=\"elementor-widget-wrap elementor-element-populated\">\n\t\t\t\t\t\t<div class=\"elementor-element elementor-element-5a97f0c0 elementor-widget elementor-widget-accordion\" data-id=\"5a97f0c0\" data-element_type=\"widget\" data-widget_type=\"accordion.default\">\n\t\t\t\t<div class=\"elementor-widget-container\">\n\t\t\t\t\t\t\t<div class=\"elementor-accordion\">\n\t\t\t\t\t\t\t<div class=\"elementor-accordion-item\">\n\t\t\t\t\t<div id=\"elementor-tab-title-1511\" class=\"elementor-tab-title\" data-tab=\"1\" role=\"button\" aria-controls=\"elementor-tab-content-1511\" aria-expanded=\"false\">\n\t\t\t\t\t\t\t\t\t\t\t\t\t<span class=\"elementor-accordion-icon elementor-accordion-icon-left\" aria-hidden=\"true\">\n\t\t\t\t\t\t\t\t\t\t\t\t\t\t\t<span class=\"elementor-accordion-icon-closed\"><svg class=\"e-font-icon-svg e-fas-plus\" viewbox=\"0 0 448 512\" xmlns=\"http:\/\/www.w3.org\/2000\/svg\"><path d=\"M416 208H272V64c0-17.67-14.33-32-32-32h-32c-17.67 0-32 14.33-32 32v144H32c-17.67 0-32 14.33-32 32v32c0 17.67 14.33 32 32 32h144v144c0 17.67 14.33 32 32 32h32c17.67 0 32-14.33 32-32V304h144c17.67 0 32-14.33 32-32v-32c0-17.67-14.33-32-32-32z\"><\/path><\/svg><\/span>\n\t\t\t\t\t\t\t\t<span class=\"elementor-accordion-icon-opened\"><svg class=\"e-font-icon-svg e-fas-minus\" viewbox=\"0 0 448 512\" xmlns=\"http:\/\/www.w3.org\/2000\/svg\"><path d=\"M416 208H32c-17.67 0-32 14.33-32 32v32c0 17.67 14.33 32 32 32h384c17.67 0 32-14.33 32-32v-32c0-17.67-14.33-32-32-32z\"><\/path><\/svg><\/span>\n\t\t\t\t\t\t\t\t\t\t\t\t\t\t<\/span>\n\t\t\t\t\t\t\t\t\t\t\t\t<a class=\"elementor-accordion-title\" tabindex=\"0\">P\u00ebrfitimet kryesore<\/a>\n\t\t\t\t\t<\/div>\n\t\t\t\t\t<div id=\"elementor-tab-content-1511\" class=\"elementor-tab-content elementor-clearfix\" data-tab=\"1\" role=\"region\" aria-labelledby=\"elementor-tab-title-1511\"><ul><li><strong>Ndihmon n<\/strong><strong>\u00eb <\/strong><strong>funksionimin e sh<\/strong><strong>\u00eb<\/strong><strong>ndetsh<\/strong><strong>\u00eb<\/strong><strong>m t<\/strong><strong>\u00eb <\/strong><strong>en<\/strong><strong>\u00eb<\/strong><strong>ve t<\/strong><strong>\u00eb <\/strong><strong>gjakut<\/strong>: Rrit tonusin dhe elasticitetin vaskular, duke p\u00ebrmir\u00ebsuar mikroqarkullimin dhe rezistenc\u00ebn e kapilar\u00eb<\/li><li><strong>Redukton simptomat e lodhjes dhe <\/strong><strong>\u00eb<\/strong><strong>njtjes<\/strong>: E dobishme p\u00ebr k\u00ebmb\u00ebt e r\u00ebnda dhe t\u00eb lodhura, duke ulur \u00ebnjtjen dhe krampet muskulore.<\/li><li><strong>Leht<\/strong><strong>\u00eb<\/strong><strong>son simptomat e hemorroideve (akute dhe kronike)<\/strong>: Redukton inflamacionin, kruarjen dhe gjakderdhjen e tyre.<\/li><li><strong>Efekt anti-inflamator dhe analgjezik<\/strong>: Redukton inflamacionin n\u00eb sistemin venoz dhe ndihmon n\u00eb leht\u00ebsimin e dhimbjeve.<\/li><\/ul><\/div>\n\t\t\t\t<\/div>\n\t\t\t\t\t\t\t\t<\/div>\n\t\t\t\t\t\t<\/div>\n\t\t\t\t<\/div>\n\t\t\t\t<div class=\"elementor-element elementor-element-9444737 elementor-widget elementor-widget-accordion\" data-id=\"9444737\" data-element_type=\"widget\" data-widget_type=\"accordion.default\">\n\t\t\t\t<div class=\"elementor-widget-container\">\n\t\t\t\t\t\t\t<div class=\"elementor-accordion\">\n\t\t\t\t\t\t\t<div class=\"elementor-accordion-item\">\n\t\t\t\t\t<div id=\"elementor-tab-title-1551\" class=\"elementor-tab-title\" data-tab=\"1\" role=\"button\" aria-controls=\"elementor-tab-content-1551\" aria-expanded=\"false\">\n\t\t\t\t\t\t\t\t\t\t\t\t\t<span class=\"elementor-accordion-icon elementor-accordion-icon-left\" aria-hidden=\"true\">\n\t\t\t\t\t\t\t\t\t\t\t\t\t\t\t<span class=\"elementor-accordion-icon-closed\"><svg class=\"e-font-icon-svg e-fas-plus\" viewbox=\"0 0 448 512\" xmlns=\"http:\/\/www.w3.org\/2000\/svg\"><path d=\"M416 208H272V64c0-17.67-14.33-32-32-32h-32c-17.67 0-32 14.33-32 32v144H32c-17.67 0-32 14.33-32 32v32c0 17.67 14.33 32 32 32h144v144c0 17.67 14.33 32 32 32h32c17.67 0 32-14.33 32-32V304h144c17.67 0 32-14.33 32-32v-32c0-17.67-14.33-32-32-32z\"><\/path><\/svg><\/span>\n\t\t\t\t\t\t\t\t<span class=\"elementor-accordion-icon-opened\"><svg class=\"e-font-icon-svg e-fas-minus\" viewbox=\"0 0 448 512\" xmlns=\"http:\/\/www.w3.org\/2000\/svg\"><path d=\"M416 208H32c-17.67 0-32 14.33-32 32v32c0 17.67 14.33 32 32 32h384c17.67 0 32-14.33 32-32v-32c0-17.67-14.33-32-32-32z\"><\/path><\/svg><\/span>\n\t\t\t\t\t\t\t\t\t\t\t\t\t\t<\/span>\n\t\t\t\t\t\t\t\t\t\t\t\t<a class=\"elementor-accordion-title\" tabindex=\"0\">P\u00ebrdorimi<\/a>\n\t\t\t\t\t<\/div>\n\t\t\t\t\t<div id=\"elementor-tab-content-1551\" class=\"elementor-tab-content elementor-clearfix\" data-tab=\"1\" role=\"region\" aria-labelledby=\"elementor-tab-title-1551\"><ul><li>P\u00ebr Insuficienc\u00ebn Venoze: 1 tablet\u00eb n\u00eb dit\u00eb.<\/li><li>P\u00ebr Sindrom\u00ebn Hemorroidale (t\u00eb brendshme dhe t\u00eb jashtme): deri n\u00eb 4 tableta n\u00eb dit\u00eb. Rekomandohet p\u00ebrdorimi i kremit Axol Procto p\u00ebr efekt optimal.<\/li><\/ul><\/div>\n\t\t\t\t<\/div>\n\t\t\t\t\t\t\t\t<\/div>\n\t\t\t\t\t\t<\/div>\n\t\t\t\t<\/div>\n\t\t\t\t<div class=\"elementor-element elementor-element-aa0044b elementor-widget elementor-widget-accordion\" data-id=\"aa0044b\" data-element_type=\"widget\" data-widget_type=\"accordion.default\">\n\t\t\t\t<div class=\"elementor-widget-container\">\n\t\t\t\t\t\t\t<div class=\"elementor-accordion\">\n\t\t\t\t\t\t\t<div class=\"elementor-accordion-item\">\n\t\t\t\t\t<div id=\"elementor-tab-title-1781\" class=\"elementor-tab-title\" data-tab=\"1\" role=\"button\" aria-controls=\"elementor-tab-content-1781\" aria-expanded=\"false\">\n\t\t\t\t\t\t\t\t\t\t\t\t\t<span class=\"elementor-accordion-icon elementor-accordion-icon-left\" aria-hidden=\"true\">\n\t\t\t\t\t\t\t\t\t\t\t\t\t\t\t<span class=\"elementor-accordion-icon-closed\"><svg class=\"e-font-icon-svg e-fas-plus\" viewbox=\"0 0 448 512\" xmlns=\"http:\/\/www.w3.org\/2000\/svg\"><path d=\"M416 208H272V64c0-17.67-14.33-32-32-32h-32c-17.67 0-32 14.33-32 32v144H32c-17.67 0-32 14.33-32 32v32c0 17.67 14.33 32 32 32h144v144c0 17.67 14.33 32 32 32h32c17.67 0 32-14.33 32-32V304h144c17.67 0 32-14.33 32-32v-32c0-17.67-14.33-32-32-32z\"><\/path><\/svg><\/span>\n\t\t\t\t\t\t\t\t<span class=\"elementor-accordion-icon-opened\"><svg class=\"e-font-icon-svg e-fas-minus\" viewbox=\"0 0 448 512\" xmlns=\"http:\/\/www.w3.org\/2000\/svg\"><path d=\"M416 208H32c-17.67 0-32 14.33-32 32v32c0 17.67 14.33 32 32 32h384c17.67 0 32-14.33 32-32v-32c0-17.67-14.33-32-32-32z\"><\/path><\/svg><\/span>\n\t\t\t\t\t\t\t\t\t\t\t\t\t\t<\/span>\n\t\t\t\t\t\t\t\t\t\t\t\t<a class=\"elementor-accordion-title\" tabindex=\"0\">P\u00ebrb\u00ebr\u00ebsit<\/a>\n\t\t\t\t\t<\/div>\n\t\t\t\t\t<div id=\"elementor-tab-content-1781\" class=\"elementor-tab-content elementor-clearfix\" data-tab=\"1\" role=\"region\" aria-labelledby=\"elementor-tab-title-1781\"><ul><li><strong>Diosmina (450 mg) &amp; Esperidina (50 mg):<\/strong> Bioflavonoid\u00eb flebotonik\u00eb q\u00eb p\u00ebrmir\u00ebsojn\u00eb tonusin venoz dhe rrisin drenazhin limfatik, duke leht\u00ebsuar simptomat e dhimbjes dhe \u00ebnjtjes s\u00eb k\u00ebmb\u00ebve dhe duke reduktuar rekurenc\u00ebn e ul\u00e7erave venoze.<\/li><li><strong>Ruscogenina (50 mg):<\/strong> Flebotonik me efekt t\u00eb fort\u00eb anti-inflamator dhe vazokonstriktiv q\u00eb mbron kapilar\u00ebt nga d\u00ebmtimet dhe ndihmon n\u00eb reduktimin e edemave.<\/li><li><strong>Boswellia Serrata (50 mg):<\/strong> Anti-inflamator natyral dhe analgjezik q\u00eb p\u00ebrmir\u00ebson qarkullimin e gjakut dhe redukton frekuenc\u00ebn e inflamacionit n\u00eb sistemin venoz.<\/li><\/ul><\/div>\n\t\t\t\t<\/div>\n\t\t\t\t\t\t\t\t<\/div>\n\t\t\t\t\t\t<\/div>\n\t\t\t\t<\/div>\n\t\t\t\t<div class=\"elementor-element elementor-element-53c10cd elementor-widget elementor-widget-accordion\" data-id=\"53c10cd\" data-element_type=\"widget\" data-widget_type=\"accordion.default\">\n\t\t\t\t<div class=\"elementor-widget-container\">\n\t\t\t\t\t\t\t<div class=\"elementor-accordion\">\n\t\t\t\t\t\t\t<div class=\"elementor-accordion-item\">\n\t\t\t\t\t<div id=\"elementor-tab-title-8781\" class=\"elementor-tab-title\" data-tab=\"1\" role=\"button\" aria-controls=\"elementor-tab-content-8781\" aria-expanded=\"false\">\n\t\t\t\t\t\t\t\t\t\t\t\t\t<span class=\"elementor-accordion-icon elementor-accordion-icon-left\" aria-hidden=\"true\">\n\t\t\t\t\t\t\t\t\t\t\t\t\t\t\t<span class=\"elementor-accordion-icon-closed\"><svg class=\"e-font-icon-svg e-fas-plus\" viewbox=\"0 0 448 512\" xmlns=\"http:\/\/www.w3.org\/2000\/svg\"><path d=\"M416 208H272V64c0-17.67-14.33-32-32-32h-32c-17.67 0-32 14.33-32 32v144H32c-17.67 0-32 14.33-32 32v32c0 17.67 14.33 32 32 32h144v144c0 17.67 14.33 32 32 32h32c17.67 0 32-14.33 32-32V304h144c17.67 0 32-14.33 32-32v-32c0-17.67-14.33-32-32-32z\"><\/path><\/svg><\/span>\n\t\t\t\t\t\t\t\t<span class=\"elementor-accordion-icon-opened\"><svg class=\"e-font-icon-svg e-fas-minus\" viewbox=\"0 0 448 512\" xmlns=\"http:\/\/www.w3.org\/2000\/svg\"><path d=\"M416 208H32c-17.67 0-32 14.33-32 32v32c0 17.67 14.33 32 32 32h384c17.67 0 32-14.33 32-32v-32c0-17.67-14.33-32-32-32z\"><\/path><\/svg><\/span>\n\t\t\t\t\t\t\t\t\t\t\t\t\t\t<\/span>\n\t\t\t\t\t\t\t\t\t\t\t\t<a class=\"elementor-accordion-title\" tabindex=\"0\">Origjina<\/a>\n\t\t\t\t\t<\/div>\n\t\t\t\t\t<div id=\"elementor-tab-content-8781\" class=\"elementor-tab-content elementor-clearfix\" data-tab=\"1\" role=\"region\" aria-labelledby=\"elementor-tab-title-8781\"><p>Itali<\/p><\/div>\n\t\t\t\t<\/div>\n\t\t\t\t\t\t\t\t<\/div>\n\t\t\t\t\t\t<\/div>\n\t\t\t\t<\/div>\n\t\t\t\t\t<\/div>\n\t\t<\/div>\n\t\t\t\t\t<\/div>\n\t\t<\/section>\n\t\t\t\t<div class=\"elementor-element elementor-element-0ebb6be elementor-widget elementor-widget-text-editor\" data-id=\"0ebb6be\" data-element_type=\"widget\" data-widget_type=\"text-editor.default\">\n\t\t\t\t<div class=\"elementor-widget-container\">\n\t\t\t\t\t        <div class=\"elementor-text-editor elementor-clearfix\"><p><strong>Axol Fast <\/strong><strong>\u2013 p<\/strong><strong>\u00eb<\/strong><strong>r nj<\/strong><strong>\u00eb <\/strong><strong>qarkullim t<\/strong><strong>\u00eb <\/strong><strong>sh<\/strong><strong>\u00eb<\/strong><strong>ndetsh<\/strong><strong>\u00eb<\/strong><strong>m dhe leht<\/strong><strong>\u00eb<\/strong><strong>sim t<\/strong><strong>\u00eb <\/strong><strong>simptomave venoz<\/strong><strong>\u00eb<\/strong><strong>!<\/strong><\/p><\/div>\n        \t\t\t\t<\/div>\n\t\t\t\t<\/div>\n\t\t\t\t\t<\/div>\n\t\t<\/div>\n\t\t\t\t\t<\/div>\n\t\t<\/section>\n\t\t\t\t<\/div>","protected":false},"excerpt":{"rendered":"<p>Zgjidhni Axol Fast p\u00ebr leht\u00ebsimin e simptomave t\u00eb Insuficienc\u00ebs Venoze Kronike dhe Sindrom\u00ebs Hemorroidale! Formulari i Vler\u00ebsimit t\u00eb t\u00eb Axol Fast Please enable JavaScript in your browser to complete this form.Please enable JavaScript in your browser to complete this form.Kush ma rekomandoi produktin? Me sa yje e vler\u00ebsoni Axol Fast (1 deri n\u00eb 5 yje)? &hellip; <\/p>\n<p class=\"more-link-wrap\"><a href=\"https:\/\/innovuspharma-al.com\/al\/faq-qr-axol-fast\/\" class=\"more-link\"><i class=\"opal-icon-plus\" aria-hidden=\"true\"><\/i><span>Read More<span class=\"screen-reader-text\"> &#8220;FAQ -QR-Axol Fast&#8221;<\/span><\/span><\/a><\/p>","protected":false},"author":1,"featured_media":0,"parent":0,"menu_order":0,"comment_status":"closed","ping_status":"closed","template":"elementor_header_footer","meta":{"inline_featured_image":false,"_monsterinsights_skip_tracking":false,"_monsterinsights_sitenote_active":false,"_monsterinsights_sitenote_note":"","_monsterinsights_sitenote_category":0,"_themeisle_gutenberg_block_has_review":false,"_joinchat":[],"footnotes":""},"class_list":["post-11249","page","type-page","status-publish","hentry"],"aioseo_notices":[],"jetpack_sharing_enabled":true,"_links":{"self":[{"href":"https:\/\/innovuspharma-al.com\/al\/wp-json\/wp\/v2\/pages\/11249","targetHints":{"allow":["GET"]}}],"collection":[{"href":"https:\/\/innovuspharma-al.com\/al\/wp-json\/wp\/v2\/pages"}],"about":[{"href":"https:\/\/innovuspharma-al.com\/al\/wp-json\/wp\/v2\/types\/page"}],"author":[{"embeddable":true,"href":"https:\/\/innovuspharma-al.com\/al\/wp-json\/wp\/v2\/users\/1"}],"replies":[{"embeddable":true,"href":"https:\/\/innovuspharma-al.com\/al\/wp-json\/wp\/v2\/comments?post=11249"}],"version-history":[{"count":28,"href":"https:\/\/innovuspharma-al.com\/al\/wp-json\/wp\/v2\/pages\/11249\/revisions"}],"predecessor-version":[{"id":11721,"href":"https:\/\/innovuspharma-al.com\/al\/wp-json\/wp\/v2\/pages\/11249\/revisions\/11721"}],"wp:attachment":[{"href":"https:\/\/innovuspharma-al.com\/al\/wp-json\/wp\/v2\/media?parent=11249"}],"curies":[{"name":"wp","href":"https:\/\/api.w.org\/{rel}","templated":true}]}}