{"id":11322,"date":"2024-11-05T14:53:07","date_gmt":"2024-11-05T14:53:07","guid":{"rendered":"https:\/\/innovuspharma-al.com\/?page_id=11322"},"modified":"2024-11-08T06:54:39","modified_gmt":"2024-11-08T06:54:39","slug":"faq-qr-spm-ok","status":"publish","type":"page","link":"https:\/\/innovuspharma-al.com\/al\/faq-qr-spm-ok\/","title":{"rendered":"FAQ -QR-SPM-OK\u00ae"},"content":{"rendered":"<div data-elementor-type=\"wp-page\" data-elementor-id=\"11322\" class=\"elementor elementor-11322\">\n\t\t\t\t\t\t<section class=\"elementor-section elementor-top-section elementor-element elementor-element-4be0b300 elementor-section-stretched elementor-section-boxed elementor-section-height-default elementor-section-height-default\" data-id=\"4be0b300\" data-element_type=\"section\" data-settings=\"{&quot;stretch_section&quot;:&quot;section-stretched&quot;,&quot;background_background&quot;:&quot;classic&quot;}\">\n\t\t\t\t\t\t<div class=\"elementor-container elementor-column-gap-no\">\n\t\t\t\t\t<div class=\"elementor-column elementor-col-100 elementor-top-column elementor-element elementor-element-e3c1c95\" data-id=\"e3c1c95\" data-element_type=\"column\">\n\t\t\t<div class=\"elementor-widget-wrap elementor-element-populated\">\n\t\t\t\t\t\t<div class=\"elementor-element elementor-element-db0ae98 elementor-position-center elementor-mobile-position-center elementor-position-below elementor-widget elementor-widget-heading\" data-id=\"db0ae98\" data-element_type=\"widget\" data-widget_type=\"heading.default\">\n\t\t\t\t<div class=\"elementor-widget-container\">\n\t\t\t\t\t<div class=\"elementor-heading-wrapper\" ><div class=\"elementor-heading-wrapper-inner\"><h3 class=\"elementor-heading-title elementor-size-default\">SPM-OK\u00ae <br> P\u00ebr t'i kthyer dit\u00ebt e ciklit n\u00eb OK \u00e7do muaj!<\/h3><\/div><\/div>\t\t\t\t<\/div>\n\t\t\t\t<\/div>\n\t\t\t\t<div class=\"elementor-element elementor-element-8865dca elementor-widget-divider--view-line elementor-widget elementor-widget-divider\" data-id=\"8865dca\" data-element_type=\"widget\" data-widget_type=\"divider.default\">\n\t\t\t\t<div class=\"elementor-widget-container\">\n\t\t\t\t\t\t\t<div class=\"elementor-divider\">\n\t\t\t<span class=\"elementor-divider-separator\">\n\t\t\t\t\t\t<\/span>\n\t\t<\/div>\n\t\t\t\t\t\t<\/div>\n\t\t\t\t<\/div>\n\t\t\t\t<div class=\"elementor-element elementor-element-5a7d53e elementor-widget elementor-widget-text-editor\" data-id=\"5a7d53e\" data-element_type=\"widget\" data-widget_type=\"text-editor.default\">\n\t\t\t\t<div class=\"elementor-widget-container\">\n\t\t\t\t\t        <div class=\"elementor-text-editor elementor-clearfix\"><h5>Formulari i Vler\u00ebsimit t\u00eb t\u00eb SPM-OK<\/h5><\/div>\n        \t\t\t\t<\/div>\n\t\t\t\t<\/div>\n\t\t\t\t<section class=\"elementor-section elementor-inner-section elementor-element elementor-element-6fec08c elementor-section-boxed elementor-section-height-default elementor-section-height-default\" data-id=\"6fec08c\" data-element_type=\"section\">\n\t\t\t\t\t\t<div class=\"elementor-container elementor-column-gap-wide\">\n\t\t\t\t\t<div class=\"elementor-column elementor-col-100 elementor-inner-column elementor-element elementor-element-66e8ef1\" data-id=\"66e8ef1\" data-element_type=\"column\">\n\t\t\t<div class=\"elementor-widget-wrap elementor-element-populated\">\n\t\t\t\t\t\t<div class=\"elementor-element elementor-element-a003ef5 elementor-widget elementor-widget-wpforms\" data-id=\"a003ef5\" data-element_type=\"widget\" data-widget_type=\"wpforms.default\">\n\t\t\t\t<div class=\"elementor-widget-container\">\n\t\t\t\t\t<style id=\"wpforms-css-vars-elementor-widget-a003ef5\">\n\t\t\t\t.elementor-widget-wpforms.elementor-element-a003ef5 {\n\t\t\t\t--wpforms-label-color: #1D2A38;\n--wpforms-button-background-color: #24AEB1;\n--wpforms-field-size-input-height: 43px;\n--wpforms-field-size-input-spacing: 15px;\n--wpforms-field-size-font-size: 16px;\n--wpforms-field-size-line-height: 19px;\n--wpforms-field-size-padding-h: 14px;\n--wpforms-field-size-checkbox-size: 16px;\n--wpforms-field-size-sublabel-spacing: 5px;\n--wpforms-field-size-icon-size: 1;\n--wpforms-label-size-font-size: 16px;\n--wpforms-label-size-line-height: 19px;\n--wpforms-label-size-sublabel-font-size: 14px;\n--wpforms-label-size-sublabel-line-height: 17px;\n--wpforms-button-size-font-size: 17px;\n--wpforms-button-size-height: 41px;\n--wpforms-button-size-padding-h: 15px;\n--wpforms-button-size-margin-top: 10px;\n\n\t\t\t}\n\t\t\t<\/style><div class=\"wpforms-container wpforms-container-full wpforms-render-modern\" id=\"wpforms-11323\"><form id=\"wpforms-form-11323\" class=\"wpforms-validate wpforms-form wpforms-ajax-form\" data-formid=\"11323\" method=\"post\" enctype=\"multipart\/form-data\" action=\"\/al\/wp-json\/wp\/v2\/pages\/11322\" data-token=\"82df657709ca194191ae1ce4d0f90b2f\" data-token-time=\"1775908213\" data-trp-original-action=\"\/al\/wp-json\/wp\/v2\/pages\/11322\"><noscript class=\"wpforms-error-noscript\">Please enable JavaScript in your browser to complete this form.<\/noscript><div class=\"wpforms-hidden\" id=\"wpforms-error-noscript\">Please enable JavaScript in your browser to complete this form.<\/div><div class=\"wpforms-field-container\"><div id=\"wpforms-11323-field_1-container\" class=\"wpforms-field wpforms-field-name\" data-field-id=\"1\"><label class=\"wpforms-field-label\" for=\"wpforms-11323-field_1\">Kush ma rekomandoi produktin?<\/label><input type=\"text\" id=\"wpforms-11323-field_1\" class=\"wpforms-field-medium\" name=\"wpforms[fields][1]\" placeholder=\"Dr. Emer Mbiemer\/ Emri i Farmacis\u00eb\" aria-errormessage=\"wpforms-11323-field_1-error\" ><\/div><div id=\"wpforms-11323-field_2-container\" class=\"wpforms-field wpforms-field-radio\" data-field-id=\"2\"><fieldset><legend class=\"wpforms-field-label\">Me sa yje e vler\u00ebsoni SPM-OK\u00ae (1 deri n\u00eb 5 yje)?<\/legend><ul id=\"wpforms-11323-field_2\"><li class=\"choice-1 depth-1\"><input type=\"radio\" id=\"wpforms-11323-field_2_1\" name=\"wpforms[fields][2]\" value=\"1\" aria-errormessage=\"wpforms-11323-field_2_1-error\"  ><label class=\"wpforms-field-label-inline\" for=\"wpforms-11323-field_2_1\">1<\/label><\/li><li class=\"choice-2 depth-1\"><input type=\"radio\" id=\"wpforms-11323-field_2_2\" name=\"wpforms[fields][2]\" value=\"2\" aria-errormessage=\"wpforms-11323-field_2_2-error\"  ><label class=\"wpforms-field-label-inline\" for=\"wpforms-11323-field_2_2\">2<\/label><\/li><li class=\"choice-3 depth-1\"><input type=\"radio\" id=\"wpforms-11323-field_2_3\" name=\"wpforms[fields][2]\" value=\"3\" aria-errormessage=\"wpforms-11323-field_2_3-error\"  ><label class=\"wpforms-field-label-inline\" for=\"wpforms-11323-field_2_3\">3<\/label><\/li><li class=\"choice-4 depth-1\"><input type=\"radio\" id=\"wpforms-11323-field_2_4\" name=\"wpforms[fields][2]\" value=\"4\" aria-errormessage=\"wpforms-11323-field_2_4-error\"  ><label class=\"wpforms-field-label-inline\" for=\"wpforms-11323-field_2_4\">4<\/label><\/li><li class=\"choice-5 depth-1\"><input type=\"radio\" id=\"wpforms-11323-field_2_5\" name=\"wpforms[fields][2]\" value=\"5\" aria-errormessage=\"wpforms-11323-field_2_5-error\"  ><label class=\"wpforms-field-label-inline\" for=\"wpforms-11323-field_2_5\">5<\/label><\/li><\/ul><\/fieldset><\/div><div id=\"wpforms-11323-field_6-container\" class=\"wpforms-field wpforms-field-textarea\" data-field-id=\"6\"><label class=\"wpforms-field-label\" for=\"wpforms-11323-field_6\"> \u00c7far\u00eb mund t\u00eb b\u00ebjm\u00eb p\u00ebr t\u00eb p\u00ebrmir\u00ebsuar p\u00ebrvoj\u00ebn  tuaj?<\/label><textarea id=\"wpforms-11323-field_6\" class=\"wpforms-field-medium\" name=\"wpforms[fields][6]\" aria-errormessage=\"wpforms-11323-field_6-error\" aria-describedby=\"wpforms-11323-field_6-description\" ><\/textarea><div id=\"wpforms-11323-field_6-description\" class=\"wpforms-field-description\">Ky formular \u00ebsht\u00eb i thjesht\u00eb dhe ka p\u00ebr q\u00ebllim t\u00eb mbledh\u00eb \ninformacione p\u00ebr t\u00eb p\u00ebrmir\u00ebsuar sh\u00ebrbimin dhe p\u00ebrvoj\u00ebn e \nklient\u00ebve me SPM-OK\u00ae.<\/div><\/div><\/div><!-- .wpforms-field-container --><div class=\"wpforms-submit-container\" ><input type=\"hidden\" name=\"wpforms[id]\" value=\"11323\"><input type=\"hidden\" name=\"page_title\" value=\"\"><input type=\"hidden\" name=\"page_url\" value=\"https:\/\/innovuspharma-al.com\/al\/wp-json\/wp\/v2\/pages\/11322\"><input type=\"hidden\" name=\"url_referer\" value=\"\"><button type=\"submit\" name=\"wpforms[submit]\" id=\"wpforms-submit-11323\" class=\"wpforms-submit\" data-alt-text=\"Sending...\" data-submit-text=\"Dergo\" aria-live=\"assertive\" value=\"wpforms-submit\">Dergo<\/button><img decoding=\"async\" src=\"https:\/\/innovuspharma-al.com\/wp-content\/plugins\/wpforms-lite\/assets\/images\/submit-spin.svg\" class=\"wpforms-submit-spinner\" style=\"display: none;\" width=\"26\" height=\"26\" alt=\"Loading\"><\/div><input type=\"hidden\" name=\"trp-form-language\" value=\"al\"\/><\/form><\/div>  <!-- .wpforms-container -->\t\t\t\t<\/div>\n\t\t\t\t<\/div>\n\t\t\t\t\t<\/div>\n\t\t<\/div>\n\t\t\t\t\t<\/div>\n\t\t<\/section>\n\t\t\t\t<div class=\"elementor-element elementor-element-c863aaa elementor-position-center elementor-position-below elementor-widget elementor-widget-heading\" data-id=\"c863aaa\" data-element_type=\"widget\" data-widget_type=\"heading.default\">\n\t\t\t\t<div class=\"elementor-widget-container\">\n\t\t\t\t\t<div class=\"elementor-heading-wrapper\" ><div class=\"elementor-heading-wrapper-inner\"><h4 class=\"elementor-heading-title elementor-size-large\">SPM-OK<\/h4><\/div><\/div>\t\t\t\t<\/div>\n\t\t\t\t<\/div>\n\t\t\t\t<div class=\"elementor-element elementor-element-4494ca1c elementor-widget-divider--view-line elementor-widget elementor-widget-divider\" data-id=\"4494ca1c\" data-element_type=\"widget\" data-widget_type=\"divider.default\">\n\t\t\t\t<div class=\"elementor-widget-container\">\n\t\t\t\t\t\t\t<div class=\"elementor-divider\">\n\t\t\t<span class=\"elementor-divider-separator\">\n\t\t\t\t\t\t<\/span>\n\t\t<\/div>\n\t\t\t\t\t\t<\/div>\n\t\t\t\t<\/div>\n\t\t\t\t<div class=\"elementor-element elementor-element-68ed837a elementor-widget elementor-widget-text-editor\" data-id=\"68ed837a\" data-element_type=\"widget\" data-widget_type=\"text-editor.default\">\n\t\t\t\t<div class=\"elementor-widget-container\">\n\t\t\t\t\t        <div class=\"elementor-text-editor elementor-clearfix\"><p><strong>Zgjidhja p<\/strong><strong>\u00eb<\/strong><strong>r t<\/strong><strong>\u00eb <\/strong><strong>menaxhuar simptomat e sindrom<\/strong><strong>\u00eb<\/strong><strong>s premenstruale (SPM)<\/strong><\/p><p><strong>A jeni n<\/strong><strong>\u00eb <\/strong><strong>mesin e 75%-90% t<\/strong><strong>\u00eb <\/strong><strong>grave q<\/strong><strong>\u00eb <\/strong><strong>p<\/strong><strong>\u00eb<\/strong><strong>rjetojn<\/strong><strong>\u00eb <\/strong><strong>t<\/strong><strong>\u00eb pakt\u00eb<\/strong><strong>n nj<\/strong><strong>\u00eb <\/strong><strong>simptom<\/strong><strong>\u00eb <\/strong><strong>t<\/strong><strong>\u00eb <\/strong><strong>SPM-s<\/strong><strong>\u00eb<\/strong><strong>?<\/strong><br \/>SPM-OK \u00ebsht\u00eb formul\u00eb natyrale dhe e fuqishme p\u00ebr t\u00eb leht\u00ebsuar simptomat e zakonshme t\u00eb sindrom\u00ebs premenstruale (SPM), p\u00ebr t\u2019i ndihmuar grat\u00eb t\u00eb p\u00ebrballojn\u00eb ciklin mujor me m\u00eb pak stres dhe pa dhimbje. Me p\u00ebrb\u00ebr\u00ebs aktiv\u00eb t\u00eb fuqish\u00ebm, duke p\u00ebrfshir\u00eb Vitex Agnus Castus, Magnezin, Zinkun, Vitaminat B, Vajin esencial t\u00eb Borage dhe ekstraktin Griffonia Simplicifolia, SPM-OK ndihmon n\u00eb balancimin e hormoneve, reduktimin e dhimbjeve, p\u00ebrmir\u00ebsimin e humorit dhe p\u00ebrballimin e simptomave t\u00eb tjera t\u00eb SPM-s\u00eb.<\/p><\/div>\n        \t\t\t\t<\/div>\n\t\t\t\t<\/div>\n\t\t\t\t<section class=\"elementor-section elementor-inner-section elementor-element elementor-element-1b35a3c4 elementor-section-boxed elementor-section-height-default elementor-section-height-default\" data-id=\"1b35a3c4\" data-element_type=\"section\">\n\t\t\t\t\t\t<div class=\"elementor-container elementor-column-gap-wide\">\n\t\t\t\t\t<div class=\"elementor-column elementor-col-100 elementor-inner-column elementor-element elementor-element-4938f364\" data-id=\"4938f364\" data-element_type=\"column\">\n\t\t\t<div class=\"elementor-widget-wrap elementor-element-populated\">\n\t\t\t\t\t\t<div class=\"elementor-element elementor-element-5a97f0c0 elementor-widget elementor-widget-accordion\" data-id=\"5a97f0c0\" data-element_type=\"widget\" data-widget_type=\"accordion.default\">\n\t\t\t\t<div class=\"elementor-widget-container\">\n\t\t\t\t\t\t\t<div class=\"elementor-accordion\">\n\t\t\t\t\t\t\t<div class=\"elementor-accordion-item\">\n\t\t\t\t\t<div id=\"elementor-tab-title-1511\" class=\"elementor-tab-title\" data-tab=\"1\" role=\"button\" aria-controls=\"elementor-tab-content-1511\" aria-expanded=\"false\">\n\t\t\t\t\t\t\t\t\t\t\t\t\t<span class=\"elementor-accordion-icon elementor-accordion-icon-left\" aria-hidden=\"true\">\n\t\t\t\t\t\t\t\t\t\t\t\t\t\t\t<span class=\"elementor-accordion-icon-closed\"><svg class=\"e-font-icon-svg e-fas-plus\" viewbox=\"0 0 448 512\" xmlns=\"http:\/\/www.w3.org\/2000\/svg\"><path d=\"M416 208H272V64c0-17.67-14.33-32-32-32h-32c-17.67 0-32 14.33-32 32v144H32c-17.67 0-32 14.33-32 32v32c0 17.67 14.33 32 32 32h144v144c0 17.67 14.33 32 32 32h32c17.67 0 32-14.33 32-32V304h144c17.67 0 32-14.33 32-32v-32c0-17.67-14.33-32-32-32z\"><\/path><\/svg><\/span>\n\t\t\t\t\t\t\t\t<span class=\"elementor-accordion-icon-opened\"><svg class=\"e-font-icon-svg e-fas-minus\" viewbox=\"0 0 448 512\" xmlns=\"http:\/\/www.w3.org\/2000\/svg\"><path d=\"M416 208H32c-17.67 0-32 14.33-32 32v32c0 17.67 14.33 32 32 32h384c17.67 0 32-14.33 32-32v-32c0-17.67-14.33-32-32-32z\"><\/path><\/svg><\/span>\n\t\t\t\t\t\t\t\t\t\t\t\t\t\t<\/span>\n\t\t\t\t\t\t\t\t\t\t\t\t<a class=\"elementor-accordion-title\" tabindex=\"0\">P\u00ebrfitimet kryesore<\/a>\n\t\t\t\t\t<\/div>\n\t\t\t\t\t<div id=\"elementor-tab-content-1511\" class=\"elementor-tab-content elementor-clearfix\" data-tab=\"1\" role=\"region\" aria-labelledby=\"elementor-tab-title-1511\"><ul><li><strong>Balancues hormonal natyral:<\/strong> Vitex Agnus Castus rregullon nivelet e estrogjenit dhe progesteronit dhe ndihmon n\u00eb uljen e prolaktin\u00ebs, duke p\u00ebrmir\u00ebsuar fertilitetin dhe duke rregulluar ciklin menstrual, p\u00ebrfshir\u00eb sindrom\u00ebn policistike ovariane.<\/li><li><strong>Qet<\/strong><strong>\u00eb<\/strong><strong>sues p<\/strong><strong>\u00eb<\/strong><strong>r l<\/strong><strong>\u00eb<\/strong><strong>kur<\/strong><strong>\u00eb<\/strong><strong>n dhe inflamacionin:<\/strong> Vaji esencial i Borage ka veti antiinflamatore dhe ndihmon n\u00eb p\u00ebrmir\u00ebsimin e barrier\u00ebs s\u00eb l\u00ebkur\u00ebs, duke vepruar kund\u00ebr akneve dhe ndjeshm\u00ebris\u00eb n\u00eb l\u00ebkur\u00eb.<\/li><li><strong>Mb<\/strong><strong>\u00eb<\/strong><strong>shtet<\/strong><strong>\u00eb<\/strong><strong>s p<\/strong><strong>\u00eb<\/strong><strong>r humorin dhe qet<\/strong><strong>\u00eb<\/strong><strong>sin<\/strong><strong>\u00eb <\/strong><strong>mendore:<\/strong> Ekstrakti i Griffonia Simplicifolia p\u00ebrmban 5-HTP, duke ndihmuar n\u00eb prodhimin e serotonin\u00ebs p\u00ebr t\u00eb p\u00ebrballuar stresin, ankthin, pagjum\u00ebsin\u00eb dhe depresionin.<\/li><li><strong>Rrit energjin<\/strong><strong>\u00eb <\/strong><strong>dhe redukton lodhjen:<\/strong> Vitaminat B jan\u00eb thelb\u00ebsore p\u00ebr energjin\u00eb trupore dhe p\u00ebrmir\u00ebsimin e humorit, nd\u00ebrsa Zinku mb\u00ebshtet nj\u00eb cik\u00ebl menstrual t\u00eb sh\u00ebndetsh\u00ebm dhe forcon sistemin imunitar.<\/li><li><strong>Leht<\/strong><strong>\u00eb<\/strong><strong>son dhimbjet muskulare dhe krampe:<\/strong> Magnezi \u00ebsht\u00eb nj\u00eb p\u00ebrb\u00ebr\u00ebs i provuar klinikisht q\u00eb ndihmon n\u00eb reduktimin e dhimbjeve muskulore, krampet dhe leht\u00ebsimin e dhimbjes s\u00eb kok\u00ebs dhe migren\u00eb<\/li><\/ul><\/div>\n\t\t\t\t<\/div>\n\t\t\t\t\t\t\t\t<\/div>\n\t\t\t\t\t\t<\/div>\n\t\t\t\t<\/div>\n\t\t\t\t<div class=\"elementor-element elementor-element-9444737 elementor-widget elementor-widget-accordion\" data-id=\"9444737\" data-element_type=\"widget\" data-widget_type=\"accordion.default\">\n\t\t\t\t<div class=\"elementor-widget-container\">\n\t\t\t\t\t\t\t<div class=\"elementor-accordion\">\n\t\t\t\t\t\t\t<div class=\"elementor-accordion-item\">\n\t\t\t\t\t<div id=\"elementor-tab-title-1551\" class=\"elementor-tab-title\" data-tab=\"1\" role=\"button\" aria-controls=\"elementor-tab-content-1551\" aria-expanded=\"false\">\n\t\t\t\t\t\t\t\t\t\t\t\t\t<span class=\"elementor-accordion-icon elementor-accordion-icon-left\" aria-hidden=\"true\">\n\t\t\t\t\t\t\t\t\t\t\t\t\t\t\t<span class=\"elementor-accordion-icon-closed\"><svg class=\"e-font-icon-svg e-fas-plus\" viewbox=\"0 0 448 512\" xmlns=\"http:\/\/www.w3.org\/2000\/svg\"><path d=\"M416 208H272V64c0-17.67-14.33-32-32-32h-32c-17.67 0-32 14.33-32 32v144H32c-17.67 0-32 14.33-32 32v32c0 17.67 14.33 32 32 32h144v144c0 17.67 14.33 32 32 32h32c17.67 0 32-14.33 32-32V304h144c17.67 0 32-14.33 32-32v-32c0-17.67-14.33-32-32-32z\"><\/path><\/svg><\/span>\n\t\t\t\t\t\t\t\t<span class=\"elementor-accordion-icon-opened\"><svg class=\"e-font-icon-svg e-fas-minus\" viewbox=\"0 0 448 512\" xmlns=\"http:\/\/www.w3.org\/2000\/svg\"><path d=\"M416 208H32c-17.67 0-32 14.33-32 32v32c0 17.67 14.33 32 32 32h384c17.67 0 32-14.33 32-32v-32c0-17.67-14.33-32-32-32z\"><\/path><\/svg><\/span>\n\t\t\t\t\t\t\t\t\t\t\t\t\t\t<\/span>\n\t\t\t\t\t\t\t\t\t\t\t\t<a class=\"elementor-accordion-title\" tabindex=\"0\">P\u00ebrdorimi<\/a>\n\t\t\t\t\t<\/div>\n\t\t\t\t\t<div id=\"elementor-tab-content-1551\" class=\"elementor-tab-content elementor-clearfix\" data-tab=\"1\" role=\"region\" aria-labelledby=\"elementor-tab-title-1551\"><ul><li><strong>1 tablet<\/strong><strong>\u00eb <\/strong><strong>n<\/strong><strong>\u00eb <\/strong><strong>dit<\/strong><strong>\u00eb<\/strong>, larg vakteve kryesore, duke filluar nga dita e fundit e ciklit menstrual deri n\u00eb dit\u00ebn e par\u00eb t\u00eb ciklit pasues (p\u00ebraf\u00ebrsisht 21-22 dit\u00eb).<\/li><\/ul><\/div>\n\t\t\t\t<\/div>\n\t\t\t\t\t\t\t\t<\/div>\n\t\t\t\t\t\t<\/div>\n\t\t\t\t<\/div>\n\t\t\t\t<div class=\"elementor-element elementor-element-aa0044b elementor-widget elementor-widget-accordion\" data-id=\"aa0044b\" data-element_type=\"widget\" data-widget_type=\"accordion.default\">\n\t\t\t\t<div class=\"elementor-widget-container\">\n\t\t\t\t\t\t\t<div class=\"elementor-accordion\">\n\t\t\t\t\t\t\t<div class=\"elementor-accordion-item\">\n\t\t\t\t\t<div id=\"elementor-tab-title-1781\" class=\"elementor-tab-title\" data-tab=\"1\" role=\"button\" aria-controls=\"elementor-tab-content-1781\" aria-expanded=\"false\">\n\t\t\t\t\t\t\t\t\t\t\t\t\t<span class=\"elementor-accordion-icon elementor-accordion-icon-left\" aria-hidden=\"true\">\n\t\t\t\t\t\t\t\t\t\t\t\t\t\t\t<span class=\"elementor-accordion-icon-closed\"><svg class=\"e-font-icon-svg e-fas-plus\" viewbox=\"0 0 448 512\" xmlns=\"http:\/\/www.w3.org\/2000\/svg\"><path d=\"M416 208H272V64c0-17.67-14.33-32-32-32h-32c-17.67 0-32 14.33-32 32v144H32c-17.67 0-32 14.33-32 32v32c0 17.67 14.33 32 32 32h144v144c0 17.67 14.33 32 32 32h32c17.67 0 32-14.33 32-32V304h144c17.67 0 32-14.33 32-32v-32c0-17.67-14.33-32-32-32z\"><\/path><\/svg><\/span>\n\t\t\t\t\t\t\t\t<span class=\"elementor-accordion-icon-opened\"><svg class=\"e-font-icon-svg e-fas-minus\" viewbox=\"0 0 448 512\" xmlns=\"http:\/\/www.w3.org\/2000\/svg\"><path d=\"M416 208H32c-17.67 0-32 14.33-32 32v32c0 17.67 14.33 32 32 32h384c17.67 0 32-14.33 32-32v-32c0-17.67-14.33-32-32-32z\"><\/path><\/svg><\/span>\n\t\t\t\t\t\t\t\t\t\t\t\t\t\t<\/span>\n\t\t\t\t\t\t\t\t\t\t\t\t<a class=\"elementor-accordion-title\" tabindex=\"0\">P\u00ebrb\u00ebr\u00ebsit<\/a>\n\t\t\t\t\t<\/div>\n\t\t\t\t\t<div id=\"elementor-tab-content-1781\" class=\"elementor-tab-content elementor-clearfix\" data-tab=\"1\" role=\"region\" aria-labelledby=\"elementor-tab-title-1781\"><ul><li><strong>Vitex Agnus Castus<\/strong> \u2013 Mb\u00ebshtet barazpesh\u00ebn hormonale dhe ul nivelin e prolaktin\u00eb<\/li><li><strong>Vaj Esencial Borage<\/strong> \u2013 Ka veti antiinflamatore dhe mbron l\u00ebkur\u00ebn nga irritimet.<\/li><li><strong>Griffonia Simplicifolia<\/strong> \u2013 P\u00ebrmban 5-HTP p\u00ebr t\u00eb p\u00ebrmir\u00ebsuar gjendjen emocionale.<\/li><li><strong>Vitaminat B<\/strong> \u2013 Rritin energjin\u00eb dhe ndihmojn\u00eb n\u00eb reduktimin e lodhjes.<\/li><li><strong>Zinku<\/strong> \u2013 Rregullon ciklin menstrual dhe mb\u00ebshtet metabolizmin.<\/li><li><strong>Magnezi<\/strong> \u2013 Efektiv n\u00eb parandalimin e dhimbjeve t\u00eb muskujve dhe simptomave t\u00eb tjera t\u00eb SPM-s\u00eb.<\/li><\/ul><\/div>\n\t\t\t\t<\/div>\n\t\t\t\t\t\t\t\t<\/div>\n\t\t\t\t\t\t<\/div>\n\t\t\t\t<\/div>\n\t\t\t\t<div class=\"elementor-element elementor-element-2d90a11 elementor-widget elementor-widget-accordion\" data-id=\"2d90a11\" data-element_type=\"widget\" data-widget_type=\"accordion.default\">\n\t\t\t\t<div class=\"elementor-widget-container\">\n\t\t\t\t\t\t\t<div class=\"elementor-accordion\">\n\t\t\t\t\t\t\t<div class=\"elementor-accordion-item\">\n\t\t\t\t\t<div id=\"elementor-tab-title-4771\" class=\"elementor-tab-title\" data-tab=\"1\" role=\"button\" aria-controls=\"elementor-tab-content-4771\" aria-expanded=\"false\">\n\t\t\t\t\t\t\t\t\t\t\t\t\t<span class=\"elementor-accordion-icon elementor-accordion-icon-left\" aria-hidden=\"true\">\n\t\t\t\t\t\t\t\t\t\t\t\t\t\t\t<span class=\"elementor-accordion-icon-closed\"><svg class=\"e-font-icon-svg e-fas-plus\" viewbox=\"0 0 448 512\" xmlns=\"http:\/\/www.w3.org\/2000\/svg\"><path d=\"M416 208H272V64c0-17.67-14.33-32-32-32h-32c-17.67 0-32 14.33-32 32v144H32c-17.67 0-32 14.33-32 32v32c0 17.67 14.33 32 32 32h144v144c0 17.67 14.33 32 32 32h32c17.67 0 32-14.33 32-32V304h144c17.67 0 32-14.33 32-32v-32c0-17.67-14.33-32-32-32z\"><\/path><\/svg><\/span>\n\t\t\t\t\t\t\t\t<span class=\"elementor-accordion-icon-opened\"><svg class=\"e-font-icon-svg e-fas-minus\" viewbox=\"0 0 448 512\" xmlns=\"http:\/\/www.w3.org\/2000\/svg\"><path d=\"M416 208H32c-17.67 0-32 14.33-32 32v32c0 17.67 14.33 32 32 32h384c17.67 0 32-14.33 32-32v-32c0-17.67-14.33-32-32-32z\"><\/path><\/svg><\/span>\n\t\t\t\t\t\t\t\t\t\t\t\t\t\t<\/span>\n\t\t\t\t\t\t\t\t\t\t\t\t<a class=\"elementor-accordion-title\" tabindex=\"0\">Origjina<\/a>\n\t\t\t\t\t<\/div>\n\t\t\t\t\t<div id=\"elementor-tab-content-4771\" class=\"elementor-tab-content elementor-clearfix\" data-tab=\"1\" role=\"region\" aria-labelledby=\"elementor-tab-title-4771\"><p>Itali<\/p><\/div>\n\t\t\t\t<\/div>\n\t\t\t\t\t\t\t\t<\/div>\n\t\t\t\t\t\t<\/div>\n\t\t\t\t<\/div>\n\t\t\t\t\t<\/div>\n\t\t<\/div>\n\t\t\t\t\t<\/div>\n\t\t<\/section>\n\t\t\t\t<div class=\"elementor-element elementor-element-0ebb6be elementor-widget elementor-widget-text-editor\" data-id=\"0ebb6be\" data-element_type=\"widget\" data-widget_type=\"text-editor.default\">\n\t\t\t\t<div class=\"elementor-widget-container\">\n\t\t\t\t\t        <div class=\"elementor-text-editor elementor-clearfix\"><p><strong>SPM-OK \u2013 p<\/strong><strong>\u00eb<\/strong><strong>r t<\/strong><strong>\u00eb <\/strong><strong>p<\/strong><strong>\u00eb<\/strong><strong>rmir<\/strong><strong>\u00ebsuar dit\u00eb<\/strong><strong>t tuaja dhe p<\/strong><strong>\u00eb<\/strong><strong>r t<\/strong><strong>\u00eb <\/strong><strong>p<\/strong><strong>\u00eb<\/strong><strong>rballuar m<\/strong><strong>\u00eb <\/strong><strong>leht<\/strong><strong>\u00eb <\/strong><strong>sfidat e SPM-s<\/strong><strong>\u00eb<\/strong><strong>!<\/strong><\/p><\/div>\n        \t\t\t\t<\/div>\n\t\t\t\t<\/div>\n\t\t\t\t\t<\/div>\n\t\t<\/div>\n\t\t\t\t\t<\/div>\n\t\t<\/section>\n\t\t\t\t<\/div>","protected":false},"excerpt":{"rendered":"<p>SPM-OK\u00ae P\u00ebr t&#8217;i kthyer dit\u00ebt e ciklit n\u00eb OK \u00e7do muaj! Formulari i Vler\u00ebsimit t\u00eb t\u00eb SPM-OK Please enable JavaScript in your browser to complete this form.Please enable JavaScript in your browser to complete this form.Kush ma rekomandoi produktin? Me sa yje e vler\u00ebsoni SPM-OK\u00ae (1 deri n\u00eb 5 yje)? 1 2 3 4 5 &hellip; <\/p>\n<p class=\"more-link-wrap\"><a href=\"https:\/\/innovuspharma-al.com\/al\/faq-qr-spm-ok\/\" class=\"more-link\"><i class=\"opal-icon-plus\" aria-hidden=\"true\"><\/i><span>Read More<span class=\"screen-reader-text\"> &#8220;FAQ -QR-SPM-OK\u00ae&#8221;<\/span><\/span><\/a><\/p>","protected":false},"author":1,"featured_media":0,"parent":0,"menu_order":0,"comment_status":"closed","ping_status":"closed","template":"elementor_header_footer","meta":{"inline_featured_image":false,"_monsterinsights_skip_tracking":false,"_monsterinsights_sitenote_active":false,"_monsterinsights_sitenote_note":"","_monsterinsights_sitenote_category":0,"_themeisle_gutenberg_block_has_review":false,"_joinchat":[],"footnotes":""},"class_list":["post-11322","page","type-page","status-publish","hentry"],"aioseo_notices":[],"jetpack_sharing_enabled":true,"_links":{"self":[{"href":"https:\/\/innovuspharma-al.com\/al\/wp-json\/wp\/v2\/pages\/11322","targetHints":{"allow":["GET"]}}],"collection":[{"href":"https:\/\/innovuspharma-al.com\/al\/wp-json\/wp\/v2\/pages"}],"about":[{"href":"https:\/\/innovuspharma-al.com\/al\/wp-json\/wp\/v2\/types\/page"}],"author":[{"embeddable":true,"href":"https:\/\/innovuspharma-al.com\/al\/wp-json\/wp\/v2\/users\/1"}],"replies":[{"embeddable":true,"href":"https:\/\/innovuspharma-al.com\/al\/wp-json\/wp\/v2\/comments?post=11322"}],"version-history":[{"count":34,"href":"https:\/\/innovuspharma-al.com\/al\/wp-json\/wp\/v2\/pages\/11322\/revisions"}],"predecessor-version":[{"id":11727,"href":"https:\/\/innovuspharma-al.com\/al\/wp-json\/wp\/v2\/pages\/11322\/revisions\/11727"}],"wp:attachment":[{"href":"https:\/\/innovuspharma-al.com\/al\/wp-json\/wp\/v2\/media?parent=11322"}],"curies":[{"name":"wp","href":"https:\/\/api.w.org\/{rel}","templated":true}]}}