{"id":12011,"date":"2025-09-17T12:29:15","date_gmt":"2025-09-17T11:29:15","guid":{"rendered":"https:\/\/innovuspharma-al.com\/?page_id=12011"},"modified":"2025-09-17T12:57:52","modified_gmt":"2025-09-17T11:57:52","slug":"faq-qr-axodal","status":"publish","type":"page","link":"https:\/\/innovuspharma-al.com\/al\/faq-qr-axodal\/","title":{"rendered":"FAQ -QR-Axodal"},"content":{"rendered":"<div data-elementor-type=\"wp-page\" data-elementor-id=\"12011\" class=\"elementor elementor-12011\">\n\t\t\t\t\t\t<section class=\"elementor-section elementor-top-section elementor-element elementor-element-4be0b300 elementor-section-stretched elementor-section-boxed elementor-section-height-default elementor-section-height-default\" data-id=\"4be0b300\" data-element_type=\"section\" data-settings=\"{&quot;stretch_section&quot;:&quot;section-stretched&quot;,&quot;background_background&quot;:&quot;classic&quot;}\">\n\t\t\t\t\t\t<div class=\"elementor-container elementor-column-gap-no\">\n\t\t\t\t\t<div class=\"elementor-column elementor-col-100 elementor-top-column elementor-element elementor-element-e3c1c95\" data-id=\"e3c1c95\" data-element_type=\"column\">\n\t\t\t<div class=\"elementor-widget-wrap elementor-element-populated\">\n\t\t\t\t\t\t<div class=\"elementor-element elementor-element-db0ae98 elementor-position-center elementor-mobile-position-center elementor-position-below elementor-widget elementor-widget-heading\" data-id=\"db0ae98\" data-element_type=\"widget\" data-widget_type=\"heading.default\">\n\t\t\t\t<div class=\"elementor-widget-container\">\n\t\t\t\t\t<div class=\"elementor-heading-wrapper\" ><div class=\"elementor-heading-wrapper-inner\"><h3 class=\"elementor-heading-title elementor-size-default\">Zgjidhni AXODAL <br> Partneri juaj p\u00ebr vitalitet dhe rigjenerim.<\/h3><\/div><\/div>\t\t\t\t<\/div>\n\t\t\t\t<\/div>\n\t\t\t\t<div class=\"elementor-element elementor-element-8865dca elementor-widget-divider--view-line elementor-widget elementor-widget-divider\" data-id=\"8865dca\" data-element_type=\"widget\" data-widget_type=\"divider.default\">\n\t\t\t\t<div class=\"elementor-widget-container\">\n\t\t\t\t\t\t\t<div class=\"elementor-divider\">\n\t\t\t<span class=\"elementor-divider-separator\">\n\t\t\t\t\t\t<\/span>\n\t\t<\/div>\n\t\t\t\t\t\t<\/div>\n\t\t\t\t<\/div>\n\t\t\t\t<div class=\"elementor-element elementor-element-809a6fa elementor-widget elementor-widget-text-editor\" data-id=\"809a6fa\" data-element_type=\"widget\" data-widget_type=\"text-editor.default\">\n\t\t\t\t<div class=\"elementor-widget-container\">\n\t\t\t\t\t        <div class=\"elementor-text-editor elementor-clearfix\"><h5>Formulari i Vler\u00ebsimit t\u00eb AXODAL<\/h5><\/div>\n        \t\t\t\t<\/div>\n\t\t\t\t<\/div>\n\t\t\t\t<section class=\"elementor-section elementor-inner-section elementor-element elementor-element-6fec08c elementor-section-boxed elementor-section-height-default elementor-section-height-default\" data-id=\"6fec08c\" data-element_type=\"section\">\n\t\t\t\t\t\t<div class=\"elementor-container elementor-column-gap-wide\">\n\t\t\t\t\t<div class=\"elementor-column elementor-col-100 elementor-inner-column elementor-element elementor-element-66e8ef1\" data-id=\"66e8ef1\" data-element_type=\"column\">\n\t\t\t<div class=\"elementor-widget-wrap elementor-element-populated\">\n\t\t\t\t\t\t<div class=\"elementor-element elementor-element-a003ef5 elementor-widget elementor-widget-wpforms\" data-id=\"a003ef5\" data-element_type=\"widget\" data-widget_type=\"wpforms.default\">\n\t\t\t\t<div class=\"elementor-widget-container\">\n\t\t\t\t\t<style id=\"wpforms-css-vars-elementor-widget-a003ef5\">\n\t\t\t\t.elementor-widget-wpforms.elementor-element-a003ef5 {\n\t\t\t\t--wpforms-label-color: #1D2A38;\n--wpforms-button-background-color: #24AEB1;\n--wpforms-field-size-input-height: 43px;\n--wpforms-field-size-input-spacing: 15px;\n--wpforms-field-size-font-size: 16px;\n--wpforms-field-size-line-height: 19px;\n--wpforms-field-size-padding-h: 14px;\n--wpforms-field-size-checkbox-size: 16px;\n--wpforms-field-size-sublabel-spacing: 5px;\n--wpforms-field-size-icon-size: 1;\n--wpforms-label-size-font-size: 16px;\n--wpforms-label-size-line-height: 19px;\n--wpforms-label-size-sublabel-font-size: 14px;\n--wpforms-label-size-sublabel-line-height: 17px;\n--wpforms-button-size-font-size: 17px;\n--wpforms-button-size-height: 41px;\n--wpforms-button-size-padding-h: 15px;\n--wpforms-button-size-margin-top: 10px;\n\n\t\t\t}\n\t\t\t<\/style><div class=\"wpforms-container wpforms-container-full wpforms-render-modern\" id=\"wpforms-12018\"><form id=\"wpforms-form-12018\" class=\"wpforms-validate wpforms-form wpforms-ajax-form\" data-formid=\"12018\" method=\"post\" enctype=\"multipart\/form-data\" action=\"\/al\/wp-json\/wp\/v2\/pages\/12011\" data-token=\"68e5b1109f107469453f7dccd3999a40\" data-token-time=\"1775750313\" data-trp-original-action=\"\/al\/wp-json\/wp\/v2\/pages\/12011\"><noscript class=\"wpforms-error-noscript\">Please enable JavaScript in your browser to complete this form.<\/noscript><div class=\"wpforms-hidden\" id=\"wpforms-error-noscript\">Please enable JavaScript in your browser to complete this form.<\/div><div class=\"wpforms-field-container\"><div id=\"wpforms-12018-field_1-container\" class=\"wpforms-field wpforms-field-name\" data-field-id=\"1\"><label class=\"wpforms-field-label\" for=\"wpforms-12018-field_1\">Kush ma rekomandoi produktin?<\/label><input type=\"text\" id=\"wpforms-12018-field_1\" class=\"wpforms-field-medium\" name=\"wpforms[fields][1]\" placeholder=\"Dr. Emer Mbiemer\/ Emri i Farmacis\u00eb\" aria-errormessage=\"wpforms-12018-field_1-error\" ><\/div><div id=\"wpforms-12018-field_2-container\" class=\"wpforms-field wpforms-field-radio\" data-field-id=\"2\"><fieldset><legend class=\"wpforms-field-label\">Me sa yje e vler\u00ebsoni AXODAL (1 deri n\u00eb 5 yje)?<\/legend><ul id=\"wpforms-12018-field_2\"><li class=\"choice-1 depth-1\"><input type=\"radio\" id=\"wpforms-12018-field_2_1\" name=\"wpforms[fields][2]\" value=\"1\" aria-errormessage=\"wpforms-12018-field_2_1-error\"  ><label class=\"wpforms-field-label-inline\" for=\"wpforms-12018-field_2_1\">1<\/label><\/li><li class=\"choice-2 depth-1\"><input type=\"radio\" id=\"wpforms-12018-field_2_2\" name=\"wpforms[fields][2]\" value=\"2\" aria-errormessage=\"wpforms-12018-field_2_2-error\"  ><label class=\"wpforms-field-label-inline\" for=\"wpforms-12018-field_2_2\">2<\/label><\/li><li class=\"choice-3 depth-1\"><input type=\"radio\" id=\"wpforms-12018-field_2_3\" name=\"wpforms[fields][2]\" value=\"3\" aria-errormessage=\"wpforms-12018-field_2_3-error\"  ><label class=\"wpforms-field-label-inline\" for=\"wpforms-12018-field_2_3\">3<\/label><\/li><li class=\"choice-4 depth-1\"><input type=\"radio\" id=\"wpforms-12018-field_2_4\" name=\"wpforms[fields][2]\" value=\"4\" aria-errormessage=\"wpforms-12018-field_2_4-error\"  ><label class=\"wpforms-field-label-inline\" for=\"wpforms-12018-field_2_4\">4<\/label><\/li><li class=\"choice-5 depth-1\"><input type=\"radio\" id=\"wpforms-12018-field_2_5\" name=\"wpforms[fields][2]\" value=\"5\" aria-errormessage=\"wpforms-12018-field_2_5-error\"  ><label class=\"wpforms-field-label-inline\" for=\"wpforms-12018-field_2_5\">5<\/label><\/li><\/ul><\/fieldset><\/div><div id=\"wpforms-12018-field_6-container\" class=\"wpforms-field wpforms-field-textarea\" data-field-id=\"6\"><label class=\"wpforms-field-label\" for=\"wpforms-12018-field_6\"> \u00c7far\u00eb mund t\u00eb b\u00ebjm\u00eb p\u00ebr t\u00eb p\u00ebrmir\u00ebsuar p\u00ebrvoj\u00ebn  tuaj?<\/label><textarea id=\"wpforms-12018-field_6\" class=\"wpforms-field-medium\" name=\"wpforms[fields][6]\" aria-errormessage=\"wpforms-12018-field_6-error\" aria-describedby=\"wpforms-12018-field_6-description\" ><\/textarea><div id=\"wpforms-12018-field_6-description\" class=\"wpforms-field-description\">Ky formular \u00ebsht\u00eb i thjesht\u00eb dhe ka p\u00ebr q\u00ebllim t\u00eb mbledh\u00eb \ninformacione p\u00ebr t\u00eb p\u00ebrmir\u00ebsuar sh\u00ebrbimin dhe p\u00ebrvoj\u00ebn e \nklient\u00ebve me AXODAL.<\/div><\/div><\/div><!-- .wpforms-field-container --><div class=\"wpforms-submit-container\" ><input type=\"hidden\" name=\"wpforms[id]\" value=\"12018\"><input type=\"hidden\" name=\"page_title\" value=\"\"><input type=\"hidden\" name=\"page_url\" value=\"https:\/\/innovuspharma-al.com\/al\/wp-json\/wp\/v2\/pages\/12011\"><input type=\"hidden\" name=\"url_referer\" value=\"\"><button type=\"submit\" name=\"wpforms[submit]\" id=\"wpforms-submit-12018\" class=\"wpforms-submit\" data-alt-text=\"Sending...\" data-submit-text=\"Dergo\" aria-live=\"assertive\" value=\"wpforms-submit\">Dergo<\/button><img decoding=\"async\" src=\"https:\/\/innovuspharma-al.com\/wp-content\/plugins\/wpforms-lite\/assets\/images\/submit-spin.svg\" class=\"wpforms-submit-spinner\" style=\"display: none;\" width=\"26\" height=\"26\" alt=\"Loading\"><\/div><input type=\"hidden\" name=\"trp-form-language\" value=\"al\"\/><\/form><\/div>  <!-- .wpforms-container -->\t\t\t\t<\/div>\n\t\t\t\t<\/div>\n\t\t\t\t\t<\/div>\n\t\t<\/div>\n\t\t\t\t\t<\/div>\n\t\t<\/section>\n\t\t\t\t<div class=\"elementor-element elementor-element-c863aaa elementor-position-center elementor-position-below elementor-widget elementor-widget-heading\" data-id=\"c863aaa\" data-element_type=\"widget\" data-widget_type=\"heading.default\">\n\t\t\t\t<div class=\"elementor-widget-container\">\n\t\t\t\t\t<div class=\"elementor-heading-wrapper\" ><div class=\"elementor-heading-wrapper-inner\"><h4 class=\"elementor-heading-title elementor-size-large\">AXODAL<\/h4><\/div><\/div>\t\t\t\t<\/div>\n\t\t\t\t<\/div>\n\t\t\t\t<div class=\"elementor-element elementor-element-4494ca1c elementor-widget-divider--view-line elementor-widget elementor-widget-divider\" data-id=\"4494ca1c\" data-element_type=\"widget\" data-widget_type=\"divider.default\">\n\t\t\t\t<div class=\"elementor-widget-container\">\n\t\t\t\t\t\t\t<div class=\"elementor-divider\">\n\t\t\t<span class=\"elementor-divider-separator\">\n\t\t\t\t\t\t<\/span>\n\t\t<\/div>\n\t\t\t\t\t\t<\/div>\n\t\t\t\t<\/div>\n\t\t\t\t<div class=\"elementor-element elementor-element-68ed837a elementor-widget elementor-widget-text-editor\" data-id=\"68ed837a\" data-element_type=\"widget\" data-widget_type=\"text-editor.default\">\n\t\t\t\t<div class=\"elementor-widget-container\">\n\t\t\t\t\t        <div class=\"elementor-text-editor elementor-clearfix\"><p>Antioksidant i fuqish\u00ebm, mb\u00ebshtet metabolizmin e energjis\u00eb n\u00eb qelizat nervore dhe rigjeneron antioksidant\u00eb t\u00eb tjer\u00eb.<\/p><\/div>\n        \t\t\t\t<\/div>\n\t\t\t\t<\/div>\n\t\t\t\t<section class=\"elementor-section elementor-inner-section elementor-element elementor-element-1b35a3c4 elementor-section-boxed elementor-section-height-default elementor-section-height-default\" data-id=\"1b35a3c4\" data-element_type=\"section\">\n\t\t\t\t\t\t<div class=\"elementor-container elementor-column-gap-wide\">\n\t\t\t\t\t<div class=\"elementor-column elementor-col-100 elementor-inner-column elementor-element elementor-element-4938f364\" data-id=\"4938f364\" data-element_type=\"column\">\n\t\t\t<div class=\"elementor-widget-wrap elementor-element-populated\">\n\t\t\t\t\t\t<div class=\"elementor-element elementor-element-5a97f0c0 elementor-widget elementor-widget-accordion\" data-id=\"5a97f0c0\" data-element_type=\"widget\" data-widget_type=\"accordion.default\">\n\t\t\t\t<div class=\"elementor-widget-container\">\n\t\t\t\t\t\t\t<div class=\"elementor-accordion\">\n\t\t\t\t\t\t\t<div class=\"elementor-accordion-item\">\n\t\t\t\t\t<div id=\"elementor-tab-title-1511\" class=\"elementor-tab-title\" data-tab=\"1\" role=\"button\" aria-controls=\"elementor-tab-content-1511\" aria-expanded=\"false\">\n\t\t\t\t\t\t\t\t\t\t\t\t\t<span class=\"elementor-accordion-icon elementor-accordion-icon-left\" aria-hidden=\"true\">\n\t\t\t\t\t\t\t\t\t\t\t\t\t\t\t<span class=\"elementor-accordion-icon-closed\"><svg class=\"e-font-icon-svg e-fas-plus\" viewbox=\"0 0 448 512\" xmlns=\"http:\/\/www.w3.org\/2000\/svg\"><path d=\"M416 208H272V64c0-17.67-14.33-32-32-32h-32c-17.67 0-32 14.33-32 32v144H32c-17.67 0-32 14.33-32 32v32c0 17.67 14.33 32 32 32h144v144c0 17.67 14.33 32 32 32h32c17.67 0 32-14.33 32-32V304h144c17.67 0 32-14.33 32-32v-32c0-17.67-14.33-32-32-32z\"><\/path><\/svg><\/span>\n\t\t\t\t\t\t\t\t<span class=\"elementor-accordion-icon-opened\"><svg class=\"e-font-icon-svg e-fas-minus\" viewbox=\"0 0 448 512\" xmlns=\"http:\/\/www.w3.org\/2000\/svg\"><path d=\"M416 208H32c-17.67 0-32 14.33-32 32v32c0 17.67 14.33 32 32 32h384c17.67 0 32-14.33 32-32v-32c0-17.67-14.33-32-32-32z\"><\/path><\/svg><\/span>\n\t\t\t\t\t\t\t\t\t\t\t\t\t\t<\/span>\n\t\t\t\t\t\t\t\t\t\t\t\t<a class=\"elementor-accordion-title\" tabindex=\"0\">P\u00ebrfitimet kryesore<\/a>\n\t\t\t\t\t<\/div>\n\t\t\t\t\t<div id=\"elementor-tab-content-1511\" class=\"elementor-tab-content elementor-clearfix\" data-tab=\"1\" role=\"region\" aria-labelledby=\"elementor-tab-title-1511\"><ul><li>Mbrojtje e nervave dhe reduktim i stresit oksidativ.<\/li><li>Rritje energjie qelizore dhe mb\u00ebshtetje metabolike.<\/li><li>Anti-inflamator i but\u00eb dhe mbrojtje e membranave qelizore.<\/li><li>Mb\u00ebshtetje kardiometabolike.<\/li><\/ul><\/div>\n\t\t\t\t<\/div>\n\t\t\t\t\t\t\t\t<\/div>\n\t\t\t\t\t\t<\/div>\n\t\t\t\t<\/div>\n\t\t\t\t<div class=\"elementor-element elementor-element-aa0044b elementor-widget elementor-widget-accordion\" data-id=\"aa0044b\" data-element_type=\"widget\" data-widget_type=\"accordion.default\">\n\t\t\t\t<div class=\"elementor-widget-container\">\n\t\t\t\t\t\t\t<div class=\"elementor-accordion\">\n\t\t\t\t\t\t\t<div class=\"elementor-accordion-item\">\n\t\t\t\t\t<div id=\"elementor-tab-title-1781\" class=\"elementor-tab-title\" data-tab=\"1\" role=\"button\" aria-controls=\"elementor-tab-content-1781\" aria-expanded=\"false\">\n\t\t\t\t\t\t\t\t\t\t\t\t\t<span class=\"elementor-accordion-icon elementor-accordion-icon-left\" aria-hidden=\"true\">\n\t\t\t\t\t\t\t\t\t\t\t\t\t\t\t<span class=\"elementor-accordion-icon-closed\"><svg class=\"e-font-icon-svg e-fas-plus\" viewbox=\"0 0 448 512\" xmlns=\"http:\/\/www.w3.org\/2000\/svg\"><path d=\"M416 208H272V64c0-17.67-14.33-32-32-32h-32c-17.67 0-32 14.33-32 32v144H32c-17.67 0-32 14.33-32 32v32c0 17.67 14.33 32 32 32h144v144c0 17.67 14.33 32 32 32h32c17.67 0 32-14.33 32-32V304h144c17.67 0 32-14.33 32-32v-32c0-17.67-14.33-32-32-32z\"><\/path><\/svg><\/span>\n\t\t\t\t\t\t\t\t<span class=\"elementor-accordion-icon-opened\"><svg class=\"e-font-icon-svg e-fas-minus\" viewbox=\"0 0 448 512\" xmlns=\"http:\/\/www.w3.org\/2000\/svg\"><path d=\"M416 208H32c-17.67 0-32 14.33-32 32v32c0 17.67 14.33 32 32 32h384c17.67 0 32-14.33 32-32v-32c0-17.67-14.33-32-32-32z\"><\/path><\/svg><\/span>\n\t\t\t\t\t\t\t\t\t\t\t\t\t\t<\/span>\n\t\t\t\t\t\t\t\t\t\t\t\t<a class=\"elementor-accordion-title\" tabindex=\"0\">P\u00ebrb\u00ebr\u00ebsit<\/a>\n\t\t\t\t\t<\/div>\n\t\t\t\t\t<div id=\"elementor-tab-content-1781\" class=\"elementor-tab-content elementor-clearfix\" data-tab=\"1\" role=\"region\" aria-labelledby=\"elementor-tab-title-1781\"><div class=\"axodal-ingredients\">\n  <ul>\n    <li>\n      <strong>Acid alfa-lipoik (300 mg)<\/strong>\n      <ul>\n        <li>Antioksidant i fuqish\u00ebm<\/li>\n        <li>Mb\u00ebshtet metabolizmin e energjis\u00eb n\u00eb qelizat nervore<\/li>\n        <li>Rigjeneron antioksidant\u00eb t\u00eb tjer\u00eb<\/li>\n      <\/ul>\n    <\/li>\n\n    <li>\n      <strong>Acetil-L-karnitin\u00eb (400 mg)<\/strong>\n      <ul>\n        <li>Transporton acide yndyrore n\u00eb mitokondri p\u00ebr energji<\/li>\n        <li>Ndihmon funksionin e trurit dhe nervave<\/li>\n      <\/ul>\n    <\/li>\n\n    <li>\n      <strong>Tetra-SOD\u00ae (13,3 mg \/ 400 IU)<\/strong>\n      <ul>\n        <li>Enzim\u00eb antioksidante shum\u00eb e fuqishme<\/li>\n        <li>Neutralizon radikalet e lira<\/li>\n        <li>Mbron qelizat nga stresi oksidativ<\/li>\n      <\/ul>\n    <\/li>\n\n    <li>\n      <strong>Vaj nga lule e mbr\u00ebmjes (Evening Primrose Oil) \u2013 600 mg (GLA 57 mg)<\/strong>\n      <ul>\n        <li>Ndihmon membranat qelizore dhe myelin\u00ebn<\/li>\n        <li>Ka veprim anti-inflamator t\u00eb leht\u00eb<\/li>\n      <\/ul>\n    <\/li>\n  <\/ul>\n<\/div>\n<\/div>\n\t\t\t\t<\/div>\n\t\t\t\t\t\t\t\t<\/div>\n\t\t\t\t\t\t<\/div>\n\t\t\t\t<\/div>\n\t\t\t\t<div class=\"elementor-element elementor-element-9444737 elementor-widget elementor-widget-accordion\" data-id=\"9444737\" data-element_type=\"widget\" data-widget_type=\"accordion.default\">\n\t\t\t\t<div class=\"elementor-widget-container\">\n\t\t\t\t\t\t\t<div class=\"elementor-accordion\">\n\t\t\t\t\t\t\t<div class=\"elementor-accordion-item\">\n\t\t\t\t\t<div id=\"elementor-tab-title-1551\" class=\"elementor-tab-title\" data-tab=\"1\" role=\"button\" aria-controls=\"elementor-tab-content-1551\" aria-expanded=\"false\">\n\t\t\t\t\t\t\t\t\t\t\t\t\t<span class=\"elementor-accordion-icon elementor-accordion-icon-left\" aria-hidden=\"true\">\n\t\t\t\t\t\t\t\t\t\t\t\t\t\t\t<span class=\"elementor-accordion-icon-closed\"><svg class=\"e-font-icon-svg e-fas-plus\" viewbox=\"0 0 448 512\" xmlns=\"http:\/\/www.w3.org\/2000\/svg\"><path d=\"M416 208H272V64c0-17.67-14.33-32-32-32h-32c-17.67 0-32 14.33-32 32v144H32c-17.67 0-32 14.33-32 32v32c0 17.67 14.33 32 32 32h144v144c0 17.67 14.33 32 32 32h32c17.67 0 32-14.33 32-32V304h144c17.67 0 32-14.33 32-32v-32c0-17.67-14.33-32-32-32z\"><\/path><\/svg><\/span>\n\t\t\t\t\t\t\t\t<span class=\"elementor-accordion-icon-opened\"><svg class=\"e-font-icon-svg e-fas-minus\" viewbox=\"0 0 448 512\" xmlns=\"http:\/\/www.w3.org\/2000\/svg\"><path d=\"M416 208H32c-17.67 0-32 14.33-32 32v32c0 17.67 14.33 32 32 32h384c17.67 0 32-14.33 32-32v-32c0-17.67-14.33-32-32-32z\"><\/path><\/svg><\/span>\n\t\t\t\t\t\t\t\t\t\t\t\t\t\t<\/span>\n\t\t\t\t\t\t\t\t\t\t\t\t<a class=\"elementor-accordion-title\" tabindex=\"0\">P\u00ebrdorimi<\/a>\n\t\t\t\t\t<\/div>\n\t\t\t\t\t<div id=\"elementor-tab-content-1551\" class=\"elementor-tab-content elementor-clearfix\" data-tab=\"1\" role=\"region\" aria-labelledby=\"elementor-tab-title-1551\"><ul>\n \t<li>\n<div>Doza e rekomanduar: 2 kapsula n\u00eb dit\u00eb, zakonisht t\u00eb ndara gjat\u00eb dit\u00ebs ose nj\u00ebher\u00ebsh pas vakti.<\/div>\n<ul>\n \t<li>\n<div>M\u00ebnyra e marrjes: Merret me nj\u00eb got\u00eb uj\u00eb t\u00eb bollsh\u00ebm, pas ushqimit p\u00ebr t\u00eb shmangur shqet\u00ebsime gastrointestina<\/div><\/li>\n<\/ul>\n<\/li> \t<li>\n<div>Koh\u00ebzgjatja: Zakonisht rekomandohet si kurs 1\u20133 muaj, sipas k\u00ebshill\u00ebs s\u00eb mjekut ose farmacistit.<\/div><\/li>\n \t<li>\n<div>Kujdes: Nuk duhet t\u00eb tejkalohet doza e p\u00ebrditshme e rekomanduar. Nuk z\u00ebvend\u00ebson diet\u00ebn e sh\u00ebndetshme dhe trajtimin mjek\u00ebsor<\/div><\/li>\n<\/ul><\/div>\n\t\t\t\t<\/div>\n\t\t\t\t\t\t\t\t<\/div>\n\t\t\t\t\t\t<\/div>\n\t\t\t\t<\/div>\n\t\t\t\t<div class=\"elementor-element elementor-element-82a29dc elementor-widget elementor-widget-accordion\" data-id=\"82a29dc\" data-element_type=\"widget\" data-widget_type=\"accordion.default\">\n\t\t\t\t<div class=\"elementor-widget-container\">\n\t\t\t\t\t\t\t<div class=\"elementor-accordion\">\n\t\t\t\t\t\t\t<div class=\"elementor-accordion-item\">\n\t\t\t\t\t<div id=\"elementor-tab-title-1361\" class=\"elementor-tab-title\" data-tab=\"1\" role=\"button\" aria-controls=\"elementor-tab-content-1361\" aria-expanded=\"false\">\n\t\t\t\t\t\t\t\t\t\t\t\t\t<span class=\"elementor-accordion-icon elementor-accordion-icon-left\" aria-hidden=\"true\">\n\t\t\t\t\t\t\t\t\t\t\t\t\t\t\t<span class=\"elementor-accordion-icon-closed\"><svg class=\"e-font-icon-svg e-fas-plus\" viewbox=\"0 0 448 512\" xmlns=\"http:\/\/www.w3.org\/2000\/svg\"><path d=\"M416 208H272V64c0-17.67-14.33-32-32-32h-32c-17.67 0-32 14.33-32 32v144H32c-17.67 0-32 14.33-32 32v32c0 17.67 14.33 32 32 32h144v144c0 17.67 14.33 32 32 32h32c17.67 0 32-14.33 32-32V304h144c17.67 0 32-14.33 32-32v-32c0-17.67-14.33-32-32-32z\"><\/path><\/svg><\/span>\n\t\t\t\t\t\t\t\t<span class=\"elementor-accordion-icon-opened\"><svg class=\"e-font-icon-svg e-fas-minus\" viewbox=\"0 0 448 512\" xmlns=\"http:\/\/www.w3.org\/2000\/svg\"><path d=\"M416 208H32c-17.67 0-32 14.33-32 32v32c0 17.67 14.33 32 32 32h384c17.67 0 32-14.33 32-32v-32c0-17.67-14.33-32-32-32z\"><\/path><\/svg><\/span>\n\t\t\t\t\t\t\t\t\t\t\t\t\t\t<\/span>\n\t\t\t\t\t\t\t\t\t\t\t\t<a class=\"elementor-accordion-title\" tabindex=\"0\">Origjina<\/a>\n\t\t\t\t\t<\/div>\n\t\t\t\t\t<div id=\"elementor-tab-content-1361\" class=\"elementor-tab-content elementor-clearfix\" data-tab=\"1\" role=\"region\" aria-labelledby=\"elementor-tab-title-1361\"><p>POLONI<\/p><\/div>\n\t\t\t\t<\/div>\n\t\t\t\t\t\t\t\t<\/div>\n\t\t\t\t\t\t<\/div>\n\t\t\t\t<\/div>\n\t\t\t\t<div class=\"elementor-element elementor-element-0ebb6be elementor-widget elementor-widget-text-editor\" data-id=\"0ebb6be\" data-element_type=\"widget\" data-widget_type=\"text-editor.default\">\n\t\t\t\t<div class=\"elementor-widget-container\">\n\t\t\t\t\t        <div class=\"elementor-text-editor elementor-clearfix\"><\/div>\n        \t\t\t\t<\/div>\n\t\t\t\t<\/div>\n\t\t\t\t\t<\/div>\n\t\t<\/div>\n\t\t\t\t\t<\/div>\n\t\t<\/section>\n\t\t\t\t\t<\/div>\n\t\t<\/div>\n\t\t\t\t\t<\/div>\n\t\t<\/section>\n\t\t\t\t<\/div>","protected":false},"excerpt":{"rendered":"<p>Zgjidhni AXODAL Partneri juaj p\u00ebr vitalitet dhe rigjenerim. Formulari i Vler\u00ebsimit t\u00eb AXODAL Please enable JavaScript in your browser to complete this form.Please enable JavaScript in your browser to complete this form.Kush ma rekomandoi produktin? Me sa yje e vler\u00ebsoni AXODAL (1 deri n\u00eb 5 yje)? 1 2 3 4 5 \u00c7far\u00eb mund t\u00eb b\u00ebjm\u00eb &hellip; <\/p>\n<p class=\"more-link-wrap\"><a href=\"https:\/\/innovuspharma-al.com\/al\/faq-qr-axodal\/\" class=\"more-link\"><i class=\"opal-icon-plus\" aria-hidden=\"true\"><\/i><span>Read More<span class=\"screen-reader-text\"> &#8220;FAQ -QR-Axodal&#8221;<\/span><\/span><\/a><\/p>","protected":false},"author":3,"featured_media":0,"parent":0,"menu_order":0,"comment_status":"closed","ping_status":"closed","template":"elementor_header_footer","meta":{"inline_featured_image":false,"_monsterinsights_skip_tracking":false,"_monsterinsights_sitenote_active":false,"_monsterinsights_sitenote_note":"","_monsterinsights_sitenote_category":0,"_themeisle_gutenberg_block_has_review":false,"_joinchat":[],"footnotes":""},"class_list":["post-12011","page","type-page","status-publish","hentry"],"aioseo_notices":[],"jetpack_sharing_enabled":true,"_links":{"self":[{"href":"https:\/\/innovuspharma-al.com\/al\/wp-json\/wp\/v2\/pages\/12011","targetHints":{"allow":["GET"]}}],"collection":[{"href":"https:\/\/innovuspharma-al.com\/al\/wp-json\/wp\/v2\/pages"}],"about":[{"href":"https:\/\/innovuspharma-al.com\/al\/wp-json\/wp\/v2\/types\/page"}],"author":[{"embeddable":true,"href":"https:\/\/innovuspharma-al.com\/al\/wp-json\/wp\/v2\/users\/3"}],"replies":[{"embeddable":true,"href":"https:\/\/innovuspharma-al.com\/al\/wp-json\/wp\/v2\/comments?post=12011"}],"version-history":[{"count":11,"href":"https:\/\/innovuspharma-al.com\/al\/wp-json\/wp\/v2\/pages\/12011\/revisions"}],"predecessor-version":[{"id":12032,"href":"https:\/\/innovuspharma-al.com\/al\/wp-json\/wp\/v2\/pages\/12011\/revisions\/12032"}],"wp:attachment":[{"href":"https:\/\/innovuspharma-al.com\/al\/wp-json\/wp\/v2\/media?parent=12011"}],"curies":[{"name":"wp","href":"https:\/\/api.w.org\/{rel}","templated":true}]}}