{"id":2,"date":"2020-10-14T09:03:37","date_gmt":"2020-10-14T09:03:37","guid":{"rendered":"http:\/\/source.wpopal.com\/medilazar\/?page_id=2"},"modified":"2024-05-02T10:43:24","modified_gmt":"2024-05-02T09:43:24","slug":"services","status":"publish","type":"page","link":"https:\/\/innovuspharma-al.com\/al\/services\/","title":{"rendered":"Sh\u00ebrbime"},"content":{"rendered":"<div data-elementor-type=\"wp-page\" data-elementor-id=\"2\" class=\"elementor elementor-2\">\n\t\t\t\t<div class=\"elementor-element elementor-element-bb361f5 e-con-full e-flex e-con e-parent\" data-id=\"bb361f5\" data-element_type=\"container\">\n\t\t<div class=\"elementor-element elementor-element-5d6852f e-flex e-con-boxed e-con e-child\" data-id=\"5d6852f\" data-element_type=\"container\">\n\t\t\t\t\t<div class=\"e-con-inner\">\n\t\t\t\t<div class=\"elementor-element elementor-element-95f6f78 elementor-widget elementor-widget-ucaddon_timeline_bullets\" data-id=\"95f6f78\" data-element_type=\"widget\" data-widget_type=\"ucaddon_timeline_bullets.default\">\n\t\t\t\t<div class=\"elementor-widget-container\">\n\t\t\t\t\t\n<!-- start Timeline Bullets -->\n\t\t<link id='font-awesome-css' href='https:\/\/innovuspharma-al.com\/wp-content\/plugins\/unlimited-elements-for-elementor\/assets_libraries\/font-awesome6\/fontawesome-all.min.css' type='text\/css' rel='stylesheet' >\n\t\t<link id='font-awesome-4-shim-css' href='https:\/\/innovuspharma-al.com\/wp-content\/plugins\/unlimited-elements-for-elementor\/assets_libraries\/font-awesome6\/fontawesome-v4-shims.min.css' type='text\/css' rel='stylesheet' >\n\n<style>\/* widget: Timeline Bullets *\/\n\n\r\n@keyframes uc_timeline_bullets_elementor_95f6f78__item-animation {\r\n  0% {\r\n            \r\n        \t        \tfilter: blur(4px);\r\n\t\t\t\r\n    \t    opacity: 0;\r\n  }\r\n  100% {\r\n            \r\n        \t            filter: blur(0px);\r\n            \r\n    \t\topacity: 1;\r\n  }\r\n}\r\n\r\n\r\n#uc_timeline_bullets_elementor_95f6f78 .ue_item{\r\n\topacity:0;\r\n}\r\n\r\n\r\n#uc_timeline_bullets_elementor_95f6f78 .uc-entrance-animate {\r\n  opacity:1;\r\n}\r\n\r\n#uc_timeline_bullets_elementor_95f6f78 .uc-entrance-animate {\r\n\tanimation: uc_timeline_bullets_elementor_95f6f78__item-animation 0.8s cubic-bezier(0.470, 0.000, 0.745, 0.715) both;\r\n}\r\n\r\n\t\t\t\n\n#uc_timeline_bullets_elementor_95f6f78 .ue_item{\n  display:flex;\n  position:relative;\n}\n\n#uc_timeline_bullets_elementor_95f6f78 .ue_item_icon{ \n  display:flex;\n  align-items:center;\n  justify-content:center;\n  flex-grow:0;\n  flex-shrink:0;\n  line-height:1em;\n  overflow:hidden;\n}\n\n#uc_timeline_bullets_elementor_95f6f78 .ue_item_icon img{\n  object-fit: cover;\n}\n\n#uc_timeline_bullets_elementor_95f6f78 .ue_item_icon svg{ \n  height:1em;\n  width:1em;\n}\n\n#uc_timeline_bullets_elementor_95f6f78 .ue_item_spacer{\n  flex-grow:0;\n  flex-shrink:0;\n}\n\n#uc_timeline_bullets_elementor_95f6f78 .ue_item_hr_line{\n  flex-grow:0;\n  flex-shrink:0;\n}\n\n#uc_timeline_bullets_elementor_95f6f78 .ue_item_vr_line{\n  height:100%;\n  position:absolute;\n  flex-grow:0;\n  flex-shrink:0;\n}\n\n#uc_timeline_bullets_elementor_95f6f78 .ue_item_title, \n#uc_timeline_bullets_elementor_95f6f78 .ue_item_text,\n#uc_timeline_bullets_elementor_95f6f78 .ue_item_icon{\n  transition: all .3s ease-out;\n}\n\n.ue_item_title{\n  font-size:21px;\n}\n\n#uc_timeline_bullets_elementor_95f6f78.uc-remote-parent .ue_item{\n  cursor:pointer;\n}\n\n<\/style>\n\n<div id=\"uc_timeline_bullets_elementor_95f6f78\" class=\"uc-items-wrapper\"  >\n <div class=\"ue_item elementor-repeater-item-4ab36b2\">\n    <div class=\"ue_item_vr_line\"><\/div>\n    <div class=\"ue_item_hr_line\"><\/div>\n    <div class=\"ue_item_icon\">\n      <i class='fas fa-sitemap'><\/i>                 <\/div>\n    <div class=\"ue_item_spacer\"><\/div>\n    <div class=\"ue_item_content\">\n      <div class=\"ue_item_title\">Gjetja e produkteve cil\u00ebsore<\/div>      <div class=\"ue_item_text\">Sistemi i cil\u00ebsis\u00eb p\u00ebrb\u00ebhet nga nj\u00eb s\u00ebr\u00eb hapash q\u00eb synojn\u00eb t\u00eb verifikojn\u00eb dhe sigurojn\u00eb q\u00eb t\u00eb gjitha produktet, proceset, procedurat dhe sh\u00ebrbimet jan\u00eb brenda standardeve t\u00eb cil\u00ebsis\u00eb, duke siguruar k\u00ebshtu p\u00ebrsosm\u00ebrin\u00eb e tyre.<br>\nThe Quality Control Department and Quality Assurance are equipped with qualified teams, equipment and infrastructure and comply with the legislation applicable to the sector. The adequate training and updating of the work teams is an objective that is always present in the internal management, as well as the constant focus on continuous improvement. <br>\nQuality Control is responsible for the analysis of raw materials and packaging material; ensures quality at all stages of the production process; develops and validates physicochemical and microbiological methods and conducts stability studies according to the applicable standards. <br>Sigurimi i cil\u00ebsis\u00eb luan nj\u00eb rol ky\u00e7 n\u00eb p\u00ebrputhje me praktikat e mira t\u00eb prodhimit. Nd\u00ebr aktivitetet e ndryshme t\u00eb kryera jan\u00eb: menaxhimi i proceseve t\u00eb validimit, kontrolli i devijimeve dhe ndryshimeve, auditimet e brendshme dhe t\u00eb jashtme, kualifikimi i furnitor\u00ebve dhe verifikimi i legjislacionit t\u00eb zbatuesh\u00ebm n\u00eb sektor. <br>\nDepartamenti i Kontrollit t\u00eb Cil\u00ebsis\u00eb dhe Sigurimit t\u00eb Cil\u00ebsis\u00eb konfirmon me rigorozitet cil\u00ebsin\u00eb e t\u00eb gjitha proceseve dhe produkteve, duke garantuar efektivitetin dhe sigurin\u00eb maksimale t\u00eb produkteve tona, duke garantuar k\u00ebshtu k\u00ebnaq\u00ebsin\u00eb dhe besimin e klient\u00ebve tan\u00eb.<\/div>    <\/div>\n  <\/div>\n<div class=\"ue_item elementor-repeater-item-f99e17f\">\n    <div class=\"ue_item_vr_line\"><\/div>\n    <div class=\"ue_item_hr_line\"><\/div>\n    <div class=\"ue_item_icon\">\n      <i class='far fa-circle'><\/i>                 <\/div>\n    <div class=\"ue_item_spacer\"><\/div>\n    <div class=\"ue_item_content\">\n      <div class=\"ue_item_title\">Regulatory affairs &amp; Pharmacovigilance<\/div>      <div class=\"ue_item_text\">Lorem ipsum dolor sit amet, consectetur adipisi cing elit, sed do eiusmod tempor incididunt ut abore et dolore magna <\/div>    <\/div>\n  <\/div>\n<div class=\"ue_item elementor-repeater-item-f60cdc8\">\n    <div class=\"ue_item_vr_line\"><\/div>\n    <div class=\"ue_item_hr_line\"><\/div>\n    <div class=\"ue_item_icon\">\n      <i class='fas fa-people-arrows'><\/i>                 <\/div>\n    <div class=\"ue_item_spacer\"><\/div>\n    <div class=\"ue_item_content\">\n      <div class=\"ue_item_title\">Marketing & Sales<\/div>      <div class=\"ue_item_text\">Lorem ipsum dolor sit amet, consectetur adipisi cing elit, sed do eiusmod tempor incididunt ut abore et dolore magna <\/div>    <\/div>\n  <\/div>\n<div class=\"ue_item elementor-repeater-item-87e5e71\">\n    <div class=\"ue_item_vr_line\"><\/div>\n    <div class=\"ue_item_hr_line\"><\/div>\n    <div class=\"ue_item_icon\">\n      <i class='fas fa-cubes'><\/i>                 <\/div>\n    <div class=\"ue_item_spacer\"><\/div>\n    <div class=\"ue_item_content\">\n      <div class=\"ue_item_title\">Distribution<\/div>      <div class=\"ue_item_text\">Lorem ipsum dolor sit amet, consectetur adipisi cing elit, sed do eiusmod tempor incididunt ut abore et dolore magna <\/div>    <\/div>\n  <\/div>\n<div class=\"ue_item elementor-repeater-item-eb95b03\">\n    <div class=\"ue_item_vr_line\"><\/div>\n    <div class=\"ue_item_hr_line\"><\/div>\n    <div class=\"ue_item_icon\">\n      <i class='fas fa-luggage-cart'><\/i>                 <\/div>\n    <div class=\"ue_item_spacer\"><\/div>\n    <div class=\"ue_item_content\">\n      <div class=\"ue_item_title\">Export<\/div>      <div class=\"ue_item_text\">Lorem ipsum dolor sit amet, consectetur adipisi cing elit, sed do eiusmod tempor incididunt ut abore et dolore magna <\/div>    <\/div>\n  <\/div>\n\n<\/div>\n\n<!-- -->\n<!-- end Timeline Bullets -->\t\t\t\t<\/div>\n\t\t\t\t<\/div>\n\t\t\t\t\t<\/div>\n\t\t\t\t<\/div>\n\t\t<div class=\"elementor-element elementor-element-7c647a0 e-con-full e-flex e-con e-child\" data-id=\"7c647a0\" data-element_type=\"container\">\n\t\t\t\t<\/div>\n\t\t<div class=\"elementor-element elementor-element-ad2dc81 e-con-full e-flex e-con e-child\" data-id=\"ad2dc81\" data-element_type=\"container\">\n\t\t\t\t<\/div>\n\t\t<div class=\"elementor-element elementor-element-e52b186 e-con-full e-flex e-con e-child\" data-id=\"e52b186\" data-element_type=\"container\">\n\t\t\t\t<\/div>\n\t\t\t\t<\/div>\n\t\t\t\t<\/div>","protected":false},"excerpt":{"rendered":"<p>Find quality products The quality system consists of a set of steps that aim to verify and ensure that all products, processes, procedures, and services are within quality standards, thus ensuring their excellence. The Quality Control Department and Quality Assurance are equipped with qualified teams, equipment and infrastructure and comply with the legislation applicable to &hellip; <\/p>\n<p class=\"more-link-wrap\"><a href=\"https:\/\/innovuspharma-al.com\/al\/services\/\" class=\"more-link\"><i class=\"opal-icon-plus\" aria-hidden=\"true\"><\/i><span>Read More<span class=\"screen-reader-text\"> &#8220;Services&#8221;<\/span><\/span><\/a><\/p>","protected":false},"author":1,"featured_media":0,"parent":0,"menu_order":0,"comment_status":"closed","ping_status":"closed","template":"page-elementor.php","meta":{"inline_featured_image":false,"_monsterinsights_skip_tracking":false,"_monsterinsights_sitenote_active":false,"_monsterinsights_sitenote_note":"","_monsterinsights_sitenote_category":0,"_themeisle_gutenberg_block_has_review":false,"_joinchat":[],"footnotes":""},"class_list":["post-2","page","type-page","status-publish","hentry"],"aioseo_notices":[],"jetpack_sharing_enabled":true,"_links":{"self":[{"href":"https:\/\/innovuspharma-al.com\/al\/wp-json\/wp\/v2\/pages\/2","targetHints":{"allow":["GET"]}}],"collection":[{"href":"https:\/\/innovuspharma-al.com\/al\/wp-json\/wp\/v2\/pages"}],"about":[{"href":"https:\/\/innovuspharma-al.com\/al\/wp-json\/wp\/v2\/types\/page"}],"author":[{"embeddable":true,"href":"https:\/\/innovuspharma-al.com\/al\/wp-json\/wp\/v2\/users\/1"}],"replies":[{"embeddable":true,"href":"https:\/\/innovuspharma-al.com\/al\/wp-json\/wp\/v2\/comments?post=2"}],"version-history":[{"count":78,"href":"https:\/\/innovuspharma-al.com\/al\/wp-json\/wp\/v2\/pages\/2\/revisions"}],"predecessor-version":[{"id":9985,"href":"https:\/\/innovuspharma-al.com\/al\/wp-json\/wp\/v2\/pages\/2\/revisions\/9985"}],"wp:attachment":[{"href":"https:\/\/innovuspharma-al.com\/al\/wp-json\/wp\/v2\/media?parent=2"}],"curies":[{"name":"wp","href":"https:\/\/api.w.org\/{rel}","templated":true}]}}