{"id":53,"date":"2020-10-14T09:36:36","date_gmt":"2020-10-14T09:36:36","guid":{"rendered":"http:\/\/source.wpopal.com\/medilazar\/contact\/"},"modified":"2026-03-17T15:44:35","modified_gmt":"2026-03-17T15:44:35","slug":"contact","status":"publish","type":"page","link":"https:\/\/innovuspharma-al.com\/al\/contact\/","title":{"rendered":"Kontakte"},"content":{"rendered":"<div data-elementor-type=\"wp-page\" data-elementor-id=\"53\" class=\"elementor elementor-53\">\n\t\t\t\t\t\t<section class=\"elementor-section elementor-top-section elementor-element elementor-element-2b492ee elementor-section-height-min-height elementor-section-stretched elementor-section-items-bottom elementor-section-boxed elementor-section-height-default\" data-id=\"2b492ee\" data-element_type=\"section\" data-settings=\"{&quot;stretch_section&quot;:&quot;section-stretched&quot;,&quot;background_background&quot;:&quot;classic&quot;}\">\n\t\t\t\t\t\t<div class=\"elementor-container elementor-column-gap-no\">\n\t\t\t\t\t<div class=\"elementor-column elementor-col-50 elementor-top-column elementor-element elementor-element-b2270a2\" data-id=\"b2270a2\" data-element_type=\"column\">\n\t\t\t<div class=\"elementor-widget-wrap elementor-element-populated\">\n\t\t\t\t\t\t<div class=\"elementor-element elementor-element-2519ae8 elementor-position-below elementor-widget elementor-widget-heading\" data-id=\"2519ae8\" data-element_type=\"widget\" data-widget_type=\"heading.default\">\n\t\t\t\t<div class=\"elementor-widget-container\">\n\t\t\t\t\t<div class=\"elementor-heading-wrapper\" ><div class=\"elementor-heading-wrapper-inner\"><h1 class=\"elementor-heading-title elementor-size-default\">Na kontaktoni<\/h1><\/div><\/div>\t\t\t\t<\/div>\n\t\t\t\t<\/div>\n\t\t\t\t<div class=\"elementor-element elementor-element-8148422 elementor-widget elementor-widget-text-editor\" data-id=\"8148422\" data-element_type=\"widget\" data-widget_type=\"text-editor.default\">\n\t\t\t\t<div class=\"elementor-widget-container\">\n\t\t\t\t\t        <div class=\"elementor-text-editor elementor-clearfix\"><div class=\"wpb_text_column wpb_content_element  vc_custom_1617869417780\"><div class=\"wpb_wrapper\"><p><span>M\u00eb posht\u00eb do t\u00eb gjeni detajet tona t\u00eb kontaktit. N\u00ebse keni ndonj\u00eb pyetje, na telefononi ose plot\u00ebsoni formularin dhe ne do t\u00eb kontaktojm\u00eb sa m\u00eb shpejt t\u00eb jet\u00eb e mundur.<\/span><\/p><\/div><\/div><div class=\"wpb_text_column wpb_content_element  vc_custom_1613732437693\"><div class=\"wpb_wrapper\">\u00a0<\/div><\/div><\/div>\n        \t\t\t\t<\/div>\n\t\t\t\t<\/div>\n\t\t\t\t\t<\/div>\n\t\t<\/div>\n\t\t\t\t<div class=\"elementor-column elementor-col-50 elementor-top-column elementor-element elementor-element-9cb17eb\" data-id=\"9cb17eb\" data-element_type=\"column\">\n\t\t\t<div class=\"elementor-widget-wrap\">\n\t\t\t\t\t\t\t<\/div>\n\t\t<\/div>\n\t\t\t\t\t<\/div>\n\t\t<\/section>\n\t\t\t\t<section class=\"elementor-section elementor-top-section elementor-element elementor-element-73a2f70 elementor-section-stretched elementor-section-boxed elementor-section-height-default elementor-section-height-default\" data-id=\"73a2f70\" data-element_type=\"section\" data-settings=\"{&quot;stretch_section&quot;:&quot;section-stretched&quot;,&quot;background_background&quot;:&quot;classic&quot;}\">\n\t\t\t\t\t\t<div class=\"elementor-container elementor-column-gap-no\">\n\t\t\t\t\t<div class=\"elementor-column elementor-col-33 elementor-top-column elementor-element elementor-element-c2921fc\" data-id=\"c2921fc\" data-element_type=\"column\">\n\t\t\t<div class=\"elementor-widget-wrap elementor-element-populated\">\n\t\t\t\t\t\t<div class=\"elementor-element elementor-element-0beed46 elementor-widget elementor-widget-text-editor\" data-id=\"0beed46\" data-element_type=\"widget\" data-widget_type=\"text-editor.default\">\n\t\t\t\t<div class=\"elementor-widget-container\">\n\t\t\t\t\t        <div class=\"elementor-text-editor elementor-clearfix\"><p>Komentet tuaja jan\u00eb t\u00eb vlefshme p\u00ebr ne. Ju lutemi mos hezitoni t\u00eb kontaktoni me ndonj\u00eb pyetje, shqet\u00ebsim ose sugjerim. Ne jemi k\u00ebtu p\u00ebr t'ju ndihmuar.<\/p><\/div>\n        \t\t\t\t<\/div>\n\t\t\t\t<\/div>\n\t\t\t\t<div class=\"elementor-element elementor-element-98de941 elementor-position-left elementor-vertical-align-middle elementor-widget__width-initial elementor-widget-mobile__width-inherit elementor-view-default elementor-widget elementor-widget-icon-box\" data-id=\"98de941\" data-element_type=\"widget\" data-widget_type=\"icon-box.default\">\n\t\t\t\t<div class=\"elementor-widget-container\">\n\t\t\t\t\t        <div class=\"elementor-icon-box-wrapper\">\n                            <div class=\"elementor-icon-box-icon\">\n                    <span class=\"elementor-icon elementor-animation-\" >\n                        <i class=\"opal-icon-address\" aria-hidden=\"true\"><\/i>\n                    <\/span>\n                <\/div>\n                        <div class=\"elementor-icon-box-content\">\n                <div class=\"elementor-icon-header\">\n                                        <div class=\"elementor-icon-header-inner\">\n                        \n                        <h6 class=\"elementor-icon-box-title\">\n                            <span >\n                                Adreasa                            <\/span>\n                        <\/h6>\n                    <\/div>\n                <\/div>\n                                    <p class=\"elementor-icon-box-description\">Tirane, Kashar, Rruga \"Pavaresia\" , Kompleksi \"2NK Group shpk\" , Seksioni 1, Kati i pare, Kuota +4.55<\/p>\n                            <\/div>\n                    <\/div>\n\t\t\t\t\t\t<\/div>\n\t\t\t\t<\/div>\n\t\t\t\t<div class=\"elementor-element elementor-element-60e85aa elementor-position-left elementor-vertical-align-middle elementor-widget__width-initial elementor-widget-mobile__width-inherit elementor-view-default elementor-widget elementor-widget-icon-box\" data-id=\"60e85aa\" data-element_type=\"widget\" data-widget_type=\"icon-box.default\">\n\t\t\t\t<div class=\"elementor-widget-container\">\n\t\t\t\t\t        <div class=\"elementor-icon-box-wrapper\">\n                            <div class=\"elementor-icon-box-icon\">\n                    <a class=\"elementor-icon elementor-animation-\" href=\"tel:069 225 1954\">\n                        <i class=\"opal-icon-support\" aria-hidden=\"true\"><\/i>\n                    <\/a>\n                <\/div>\n                        <div class=\"elementor-icon-box-content\">\n                <div class=\"elementor-icon-header\">\n                                        <div class=\"elementor-icon-header-inner\">\n                        \n                        <h6 class=\"elementor-icon-box-title\">\n                            <a href=\"tel:069 225 1954\">\n                                Telefon                            <\/a>\n                        <\/h6>\n                    <\/div>\n                <\/div>\n                                    <p class=\"elementor-icon-box-description\">(+355) 69 225 1954<\/p>\n                            <\/div>\n                    <\/div>\n\t\t\t\t\t\t<\/div>\n\t\t\t\t<\/div>\n\t\t\t\t<div class=\"elementor-element elementor-element-1072e5d elementor-position-left elementor-vertical-align-middle elementor-widget__width-initial elementor-widget-mobile__width-inherit elementor-view-default elementor-widget elementor-widget-icon-box\" data-id=\"1072e5d\" data-element_type=\"widget\" data-widget_type=\"icon-box.default\">\n\t\t\t\t<div class=\"elementor-widget-container\">\n\t\t\t\t\t        <div class=\"elementor-icon-box-wrapper\">\n                            <div class=\"elementor-icon-box-icon\">\n                    <a class=\"elementor-icon elementor-animation-\" href=\"mailto:info@innovuspharma-al.com\">\n                        <i class=\"opal-icon-email\" aria-hidden=\"true\"><\/i>\n                    <\/a>\n                <\/div>\n                        <div class=\"elementor-icon-box-content\">\n                <div class=\"elementor-icon-header\">\n                                        <div class=\"elementor-icon-header-inner\">\n                        \n                        <h6 class=\"elementor-icon-box-title\">\n                            <a href=\"mailto:info@innovuspharma-al.com\">\n                                EMAIL                            <\/a>\n                        <\/h6>\n                    <\/div>\n                <\/div>\n                                    <p class=\"elementor-icon-box-description\">info@innovuspharma-al.com<\/p>\n                            <\/div>\n                    <\/div>\n\t\t\t\t\t\t<\/div>\n\t\t\t\t<\/div>\n\t\t\t\t<div class=\"elementor-element elementor-element-b88652b elementor-position-left elementor-vertical-align-middle elementor-widget__width-initial elementor-widget-mobile__width-inherit elementor-view-default elementor-widget elementor-widget-icon-box\" data-id=\"b88652b\" data-element_type=\"widget\" data-widget_type=\"icon-box.default\">\n\t\t\t\t<div class=\"elementor-widget-container\">\n\t\t\t\t\t        <div class=\"elementor-icon-box-wrapper\">\n                            <div class=\"elementor-icon-box-icon\">\n                    <span class=\"elementor-icon elementor-animation-\" >\n                        <i class=\"opal-icon-clock\" aria-hidden=\"true\"><\/i>\n                    <\/span>\n                <\/div>\n                        <div class=\"elementor-icon-box-content\">\n                <div class=\"elementor-icon-header\">\n                                        <div class=\"elementor-icon-header-inner\">\n                        \n                        <h6 class=\"elementor-icon-box-title\">\n                            <span >\n                                Or\u00eb pune                            <\/span>\n                        <\/h6>\n                    <\/div>\n                <\/div>\n                                    <p class=\"elementor-icon-box-description\">Monday \u2013 Friday: 8:00-170:30 <br>\nSaturday \u2013 Closed<br>\nSunday   \u2013 Closed<\/p>\n                            <\/div>\n                    <\/div>\n\t\t\t\t\t\t<\/div>\n\t\t\t\t<\/div>\n\t\t\t\t\t<\/div>\n\t\t<\/div>\n\t\t\t\t<div class=\"elementor-column elementor-col-66 elementor-top-column elementor-element elementor-element-bf8868a\" data-id=\"bf8868a\" data-element_type=\"column\">\n\t\t\t<div class=\"elementor-widget-wrap elementor-element-populated\">\n\t\t\t\t\t\t<div class=\"elementor-element elementor-element-56c411b elementor-widget elementor-widget-google_maps\" data-id=\"56c411b\" data-element_type=\"widget\" data-widget_type=\"google_maps.default\">\n\t\t\t\t<div class=\"elementor-widget-container\">\n\t\t\t\t\t\t\t<div class=\"elementor-custom-embed\">\n\t\t\t<iframe loading=\"lazy\"\n\t\t\t\t\tsrc=\"https:\/\/maps.google.com\/maps?q=Rruga%20Pavarsia%2C%20Tiran%C3%AB%201031%2C%20Albania&#038;t=m&#038;z=12&#038;output=embed&#038;iwloc=near\"\n\t\t\t\t\ttitle=\"Rruga Pavarsia, Tiran\u00eb 1031, Albania\"\n\t\t\t\t\taria-label=\"Rruga Pavarsia, Tiran\u00eb 1031, Albania\"\n\t\t\t><\/iframe>\n\t\t<\/div>\n\t\t\t\t\t\t<\/div>\n\t\t\t\t<\/div>\n\t\t\t\t\t<\/div>\n\t\t<\/div>\n\t\t\t\t\t<\/div>\n\t\t<\/section>\n\t\t\t\t<\/div>","protected":false},"excerpt":{"rendered":"<p>Contact Us Below you will find our contact details. If you have any questions, call us or fill out the form and we will get in touch as soon as possible. \u00a0 Your feedback is valuable to us. Please don&#8217;t hesitate to reach out with any questions, concerns, or suggestions. We&#8217;re here to assist you. &hellip; <\/p>\n<p class=\"more-link-wrap\"><a href=\"https:\/\/innovuspharma-al.com\/al\/contact\/\" class=\"more-link\"><i class=\"opal-icon-plus\" aria-hidden=\"true\"><\/i><span>Read More<span class=\"screen-reader-text\"> &#8220;Contact&#8221;<\/span><\/span><\/a><\/p>","protected":false},"author":1,"featured_media":0,"parent":0,"menu_order":0,"comment_status":"closed","ping_status":"closed","template":"page-elementor.php","meta":{"inline_featured_image":false,"_monsterinsights_skip_tracking":false,"_monsterinsights_sitenote_active":false,"_monsterinsights_sitenote_note":"","_monsterinsights_sitenote_category":0,"_themeisle_gutenberg_block_has_review":false,"_joinchat":[],"footnotes":""},"class_list":["post-53","page","type-page","status-publish","hentry"],"aioseo_notices":[],"jetpack_sharing_enabled":true,"_links":{"self":[{"href":"https:\/\/innovuspharma-al.com\/al\/wp-json\/wp\/v2\/pages\/53","targetHints":{"allow":["GET"]}}],"collection":[{"href":"https:\/\/innovuspharma-al.com\/al\/wp-json\/wp\/v2\/pages"}],"about":[{"href":"https:\/\/innovuspharma-al.com\/al\/wp-json\/wp\/v2\/types\/page"}],"author":[{"embeddable":true,"href":"https:\/\/innovuspharma-al.com\/al\/wp-json\/wp\/v2\/users\/1"}],"replies":[{"embeddable":true,"href":"https:\/\/innovuspharma-al.com\/al\/wp-json\/wp\/v2\/comments?post=53"}],"version-history":[{"count":58,"href":"https:\/\/innovuspharma-al.com\/al\/wp-json\/wp\/v2\/pages\/53\/revisions"}],"predecessor-version":[{"id":12275,"href":"https:\/\/innovuspharma-al.com\/al\/wp-json\/wp\/v2\/pages\/53\/revisions\/12275"}],"wp:attachment":[{"href":"https:\/\/innovuspharma-al.com\/al\/wp-json\/wp\/v2\/media?parent=53"}],"curies":[{"name":"wp","href":"https:\/\/api.w.org\/{rel}","templated":true}]}}