{"id":10243,"date":"2024-05-23T15:20:12","date_gmt":"2024-05-23T14:20:12","guid":{"rendered":"https:\/\/innovuspharma-al.com\/?post_type=product&#038;p=10243"},"modified":"2025-11-11T00:43:07","modified_gmt":"2025-11-11T00:43:07","slug":"eucis-plus-30-tabs","status":"publish","type":"product","link":"https:\/\/innovuspharma-al.com\/al\/produkt\/eucis-plus-30-tabs\/","title":{"rendered":"Eucis-Plus* 30 tabs"},"content":{"rendered":"<p>EUCIS-PLUS \u00ebsht\u00eb nj\u00eb suplement ushqimor p\u00ebr q\u00ebllime t\u00eb ve\u00e7anta mjek\u00ebsore q\u00eb p\u00ebrmban Betaine, L-5 Kalcium Metilfolat, Vitamina B2, B6, B12 dhe Zink, i dobish\u00ebm n\u00eb menaxhimin dietik t\u00eb hiperhomocisteinemis\u00eb.<\/p>\n<p><strong>Prodhuesi: MAR-FARMA Srl \u2013 Milano, Itali<\/strong><\/p>","protected":false},"excerpt":{"rendered":"<p>EUCIS-PLUS \u00ebsht\u00eb nj\u00eb suplement ushqimor p\u00ebr q\u00ebllime t\u00eb ve\u00e7anta mjek\u00ebsore.<\/p>","protected":false},"featured_media":10464,"comment_status":"open","ping_status":"closed","template":"","meta":{"inline_featured_image":false,"_monsterinsights_skip_tracking":false,"_monsterinsights_sitenote_active":false,"_monsterinsights_sitenote_note":"","_monsterinsights_sitenote_category":0,"_themeisle_gutenberg_block_has_review":false,"_joinchat":[]},"product_brand":[],"product_cat":[121,105,109],"product_tag":[],"class_list":{"0":"post-10243","1":"product","2":"type-product","3":"status-publish","4":"has-post-thumbnail","6":"product_cat-cardiology","7":"product_cat-gynecology","8":"product_cat-neurology","10":"first","11":"instock","12":"taxable","13":"shipping-taxable","14":"purchasable","15":"product-type-simple"},"aioseo_notices":[],"jetpack_sharing_enabled":true,"_links":{"self":[{"href":"https:\/\/innovuspharma-al.com\/al\/wp-json\/wp\/v2\/product\/10243","targetHints":{"allow":["GET"]}}],"collection":[{"href":"https:\/\/innovuspharma-al.com\/al\/wp-json\/wp\/v2\/product"}],"about":[{"href":"https:\/\/innovuspharma-al.com\/al\/wp-json\/wp\/v2\/types\/product"}],"replies":[{"embeddable":true,"href":"https:\/\/innovuspharma-al.com\/al\/wp-json\/wp\/v2\/comments?post=10243"}],"wp:featuredmedia":[{"embeddable":true,"href":"https:\/\/innovuspharma-al.com\/al\/wp-json\/wp\/v2\/media\/10464"}],"wp:attachment":[{"href":"https:\/\/innovuspharma-al.com\/al\/wp-json\/wp\/v2\/media?parent=10243"}],"wp:term":[{"taxonomy":"product_brand","embeddable":true,"href":"https:\/\/innovuspharma-al.com\/al\/wp-json\/wp\/v2\/product_brand?post=10243"},{"taxonomy":"product_cat","embeddable":true,"href":"https:\/\/innovuspharma-al.com\/al\/wp-json\/wp\/v2\/product_cat?post=10243"},{"taxonomy":"product_tag","embeddable":true,"href":"https:\/\/innovuspharma-al.com\/al\/wp-json\/wp\/v2\/product_tag?post=10243"}],"curies":[{"name":"wp","href":"https:\/\/api.w.org\/{rel}","templated":true}]}}