{"id":10466,"date":"2024-06-20T12:33:40","date_gmt":"2024-06-20T11:33:40","guid":{"rendered":"https:\/\/innovuspharma-al.com\/?post_type=product&#038;p=10466"},"modified":"2025-11-11T00:46:36","modified_gmt":"2025-11-11T00:46:36","slug":"saffril","status":"publish","type":"product","link":"https:\/\/innovuspharma-al.com\/al\/produkt\/saffril\/","title":{"rendered":"Saffril"},"content":{"rendered":"<p>Suplement ushqimor qe ka ne perberje Crocus, Griffonia dhe Hops me vitamin\u00eb B6. Griffonia dhe Crocus kontribuojn\u00eb n\u00eb disponimin normal, t\u00eb mb\u00ebshtetur nga vitamina B6 e cila kontribuon n\u00eb funksionin normal psikologjik.<\/p>\n<p><strong>Prodhuesi: B2 PHARMA, Itali<\/strong><\/p>","protected":false},"excerpt":{"rendered":"<p>Suplement ushqimor qe ka ne perberje Crocus, Griffonia dhe Hops me vitamin\u00eb B6.<\/p>","protected":false},"featured_media":10467,"comment_status":"open","ping_status":"closed","template":"","meta":{"inline_featured_image":false,"_monsterinsights_skip_tracking":false,"_monsterinsights_sitenote_active":false,"_monsterinsights_sitenote_note":"","_monsterinsights_sitenote_category":0,"_themeisle_gutenberg_block_has_review":false,"_joinchat":[]},"product_brand":[],"product_cat":[121,112,111,109,118],"product_tag":[],"class_list":{"0":"post-10466","1":"product","2":"type-product","3":"status-publish","4":"has-post-thumbnail","6":"product_cat-cardiology","7":"product_cat-endocrinology","8":"product_cat-general-medicine","9":"product_cat-neurology","10":"product_cat-psychiatry","12":"first","13":"instock","14":"taxable","15":"shipping-taxable","16":"purchasable","17":"product-type-simple"},"aioseo_notices":[],"jetpack_sharing_enabled":true,"_links":{"self":[{"href":"https:\/\/innovuspharma-al.com\/al\/wp-json\/wp\/v2\/product\/10466","targetHints":{"allow":["GET"]}}],"collection":[{"href":"https:\/\/innovuspharma-al.com\/al\/wp-json\/wp\/v2\/product"}],"about":[{"href":"https:\/\/innovuspharma-al.com\/al\/wp-json\/wp\/v2\/types\/product"}],"replies":[{"embeddable":true,"href":"https:\/\/innovuspharma-al.com\/al\/wp-json\/wp\/v2\/comments?post=10466"}],"wp:featuredmedia":[{"embeddable":true,"href":"https:\/\/innovuspharma-al.com\/al\/wp-json\/wp\/v2\/media\/10467"}],"wp:attachment":[{"href":"https:\/\/innovuspharma-al.com\/al\/wp-json\/wp\/v2\/media?parent=10466"}],"wp:term":[{"taxonomy":"product_brand","embeddable":true,"href":"https:\/\/innovuspharma-al.com\/al\/wp-json\/wp\/v2\/product_brand?post=10466"},{"taxonomy":"product_cat","embeddable":true,"href":"https:\/\/innovuspharma-al.com\/al\/wp-json\/wp\/v2\/product_cat?post=10466"},{"taxonomy":"product_tag","embeddable":true,"href":"https:\/\/innovuspharma-al.com\/al\/wp-json\/wp\/v2\/product_tag?post=10466"}],"curies":[{"name":"wp","href":"https:\/\/api.w.org\/{rel}","templated":true}]}}