{"id":223,"date":"2020-10-21T08:30:59","date_gmt":"2020-10-21T08:30:59","guid":{"rendered":"http:\/\/source.wpopal.com\/medilazar\/product\/cbd-and-joint-pain\/"},"modified":"2025-09-10T13:47:29","modified_gmt":"2025-09-10T12:47:29","slug":"mico-clivon","status":"publish","type":"product","link":"https:\/\/innovuspharma-al.com\/al\/produkt\/mico-clivon\/","title":{"rendered":"MICO-Clivon"},"content":{"rendered":"<p>Formule Specifike pH8 per Higjenen Intime ne MYKOZAT VULVO-VAGINALE. Qeteson KRUARJEN, DJEGJEN dhe SKUQJEN.Redukton THARJEN,ACARIMIN dhe EREN e pakendshme. Eshte I rekomanuar te jepet shoqeruar me cdo Antimykotik\/Antibiotik\/Antifungal. \n*I sigurt p\u00ebr p\u00ebrdorim gjat\u00eb shtatz\u00ebnis\u00eb<\/p>\n<p><strong>Prodhuesi: MAR-FARMA Srl \u2013 Milano, Itali<\/strong><\/p>","protected":false},"excerpt":{"rendered":"<p>Formule Specifike pH8 per Higjenen Intime ne MYKOZAT VULVO-VAGINALE. Qeteson KRUARJEN, DJEGJEN dhe SKUQJEN.<\/p>","protected":false},"featured_media":10380,"comment_status":"open","ping_status":"closed","template":"","meta":{"inline_featured_image":false,"_monsterinsights_skip_tracking":false,"_monsterinsights_sitenote_active":false,"_monsterinsights_sitenote_note":"","_monsterinsights_sitenote_category":0,"_themeisle_gutenberg_block_has_review":false,"_joinchat":[]},"product_brand":[],"product_cat":[105,98],"product_tag":[],"class_list":{"0":"post-223","1":"product","2":"type-product","3":"status-publish","4":"has-post-thumbnail","6":"product_cat-gynecology","7":"product_cat-intimate-hygiene","9":"first","10":"outofstock","11":"taxable","12":"shipping-taxable","13":"purchasable","14":"product-type-simple"},"aioseo_notices":[],"jetpack_sharing_enabled":true,"_links":{"self":[{"href":"https:\/\/innovuspharma-al.com\/al\/wp-json\/wp\/v2\/product\/223","targetHints":{"allow":["GET"]}}],"collection":[{"href":"https:\/\/innovuspharma-al.com\/al\/wp-json\/wp\/v2\/product"}],"about":[{"href":"https:\/\/innovuspharma-al.com\/al\/wp-json\/wp\/v2\/types\/product"}],"replies":[{"embeddable":true,"href":"https:\/\/innovuspharma-al.com\/al\/wp-json\/wp\/v2\/comments?post=223"}],"wp:featuredmedia":[{"embeddable":true,"href":"https:\/\/innovuspharma-al.com\/al\/wp-json\/wp\/v2\/media\/10380"}],"wp:attachment":[{"href":"https:\/\/innovuspharma-al.com\/al\/wp-json\/wp\/v2\/media?parent=223"}],"wp:term":[{"taxonomy":"product_brand","embeddable":true,"href":"https:\/\/innovuspharma-al.com\/al\/wp-json\/wp\/v2\/product_brand?post=223"},{"taxonomy":"product_cat","embeddable":true,"href":"https:\/\/innovuspharma-al.com\/al\/wp-json\/wp\/v2\/product_cat?post=223"},{"taxonomy":"product_tag","embeddable":true,"href":"https:\/\/innovuspharma-al.com\/al\/wp-json\/wp\/v2\/product_tag?post=223"}],"curies":[{"name":"wp","href":"https:\/\/api.w.org\/{rel}","templated":true}]}}