{"id":225,"date":"2020-10-21T08:31:01","date_gmt":"2020-10-21T08:31:01","guid":{"rendered":"http:\/\/source.wpopal.com\/medilazar\/product\/cosmetic-dentistry\/"},"modified":"2025-12-08T11:45:23","modified_gmt":"2025-12-08T11:45:23","slug":"lacto-clivon-lavanda","status":"publish","type":"product","link":"https:\/\/innovuspharma-al.com\/al\/produkt\/lacto-clivon-lavanda\/","title":{"rendered":"Lacto &#8211; Clivon Lavanda"},"content":{"rendered":"<p>Pajisje mjek\u00ebsore q\u00eb p\u00ebrdoret si dush vaginal  p\u00ebr trajtimin e vaginiteve dhe vulvo-vaginiteve te shkaktuara nga: Baktere(Gardnerella)-Candida-Tricomonias.Indikohet n\u00eb rastet e shtimit t\u00eb sekrecioneve vaginale,gjat\u00eb\/pas p\u00ebrdorimit t\u00eb antibiotik\u00ebve n\u00eb prezenc\u00eb t\u00eb inflamacioneve vaginale,pas periudh\u00ebs s\u00eb mestruacioneve dhe pas p\u00ebrdorimit t\u00eb kontraceptiv\u00ebve topikal. I vetmi q\u00eb ka Laktobacilet e gjall\u00eb t\u00eb vendosur n\u00eb tap\u00ebn e sip\u00ebrme t\u00eb flakonit A. I vetrmi q\u00eb p\u00ebrmban vet\u00ebm 2 flakon\u00eb.<\/p>\n<p><strong>Prodhuesi: MAR-FARMA Srl \u2013 Milano, Itali<\/strong><\/p>","protected":false},"excerpt":{"rendered":"<p>Pajisje mjek\u00ebsore q\u00eb p\u00ebrdoret si dush vaginal  p\u00ebr trajtimin e vaginiteve dhe vulvo-vaginiteve te shkaktuara nga: Baktere(Gardnerella)-Candida-Tricomonias.<\/p>","protected":false},"featured_media":10381,"comment_status":"open","ping_status":"closed","template":"","meta":{"inline_featured_image":false,"_monsterinsights_skip_tracking":false,"_monsterinsights_sitenote_active":false,"_monsterinsights_sitenote_note":"","_monsterinsights_sitenote_category":0,"_themeisle_gutenberg_block_has_review":false,"_joinchat":[]},"product_brand":[],"product_cat":[105,98],"product_tag":[104],"class_list":{"0":"post-225","1":"product","2":"type-product","3":"status-publish","4":"has-post-thumbnail","6":"product_cat-gynecology","7":"product_cat-intimate-hygiene","8":"product_tag-medical-supply","10":"first","11":"instock","12":"taxable","13":"shipping-taxable","14":"purchasable","15":"product-type-simple"},"aioseo_notices":[],"jetpack_sharing_enabled":true,"_links":{"self":[{"href":"https:\/\/innovuspharma-al.com\/al\/wp-json\/wp\/v2\/product\/225","targetHints":{"allow":["GET"]}}],"collection":[{"href":"https:\/\/innovuspharma-al.com\/al\/wp-json\/wp\/v2\/product"}],"about":[{"href":"https:\/\/innovuspharma-al.com\/al\/wp-json\/wp\/v2\/types\/product"}],"replies":[{"embeddable":true,"href":"https:\/\/innovuspharma-al.com\/al\/wp-json\/wp\/v2\/comments?post=225"}],"wp:featuredmedia":[{"embeddable":true,"href":"https:\/\/innovuspharma-al.com\/al\/wp-json\/wp\/v2\/media\/10381"}],"wp:attachment":[{"href":"https:\/\/innovuspharma-al.com\/al\/wp-json\/wp\/v2\/media?parent=225"}],"wp:term":[{"taxonomy":"product_brand","embeddable":true,"href":"https:\/\/innovuspharma-al.com\/al\/wp-json\/wp\/v2\/product_brand?post=225"},{"taxonomy":"product_cat","embeddable":true,"href":"https:\/\/innovuspharma-al.com\/al\/wp-json\/wp\/v2\/product_cat?post=225"},{"taxonomy":"product_tag","embeddable":true,"href":"https:\/\/innovuspharma-al.com\/al\/wp-json\/wp\/v2\/product_tag?post=225"}],"curies":[{"name":"wp","href":"https:\/\/api.w.org\/{rel}","templated":true}]}}