{"id":229,"date":"2020-10-21T08:31:05","date_gmt":"2020-10-21T08:31:05","guid":{"rendered":"http:\/\/source.wpopal.com\/medilazar\/product\/glucosamine-chondroitin-msm\/"},"modified":"2024-06-20T13:01:34","modified_gmt":"2024-06-20T12:01:34","slug":"pectiflor","status":"publish","type":"product","link":"https:\/\/innovuspharma-al.com\/al\/produkt\/pectiflor\/","title":{"rendered":"PECTIFLOR"},"content":{"rendered":"<p>Integrator me veprim Prebiotik + Probiotik. P\u00ebrmban Laktobacille 5 billions CFU, naturalisht t\u00eb mikroinkapsuluar  dhe fibra t\u00eb tretshme.  Fibrat e tretshme (Inulina 3000.58=mg) p\u00ebrmir\u00ebsojn\u00eb metabolizmin lipidik, rregullojn\u00eb funksionin intestinal dhe p\u00ebrmir\u00ebsojn\u00eb p\u00ebrthithjen e mineraleve si kal\u00e7iumi, hekuri, magnezi. Indikohet n\u00eb \u00e7rregullime gastrointestinale si diarrhea, sindroma e zorr\u00ebs s\u00eb irrituar, konstipacion intestinal etj.     I p\u00ebrshtatsh\u00ebm p\u00ebr grat\u00eb shtatz\u00ebna.<\/p>\n<p><strong>Prodhuesi: HEDENKAMP GmbH&amp;Co. kg - Gjermani<\/strong><\/p>","protected":false},"excerpt":{"rendered":"<p>Integrator me veprim Prebiotik + Probiotik. P\u00ebrmban Laktobacille 5 billions CFU, naturalisht t\u00eb mikroinkapsuluar  dhe fibra t\u00eb tretshme.<\/p>","protected":false},"featured_media":10384,"comment_status":"open","ping_status":"closed","template":"","meta":{"inline_featured_image":false,"_monsterinsights_skip_tracking":false,"_monsterinsights_sitenote_active":false,"_monsterinsights_sitenote_note":"","_monsterinsights_sitenote_category":0,"_themeisle_gutenberg_block_has_review":false,"_joinchat":[]},"product_brand":[],"product_cat":[115,111,105,120,114],"product_tag":[],"class_list":{"0":"post-229","1":"product","2":"type-product","3":"status-publish","4":"has-post-thumbnail","6":"product_cat-gastro-hepatology","7":"product_cat-general-medicine","8":"product_cat-gynecology","9":"product_cat-infectionists","10":"product_cat-pulmonology","12":"first","13":"instock","14":"taxable","15":"shipping-taxable","16":"purchasable","17":"product-type-simple"},"aioseo_notices":[],"jetpack_sharing_enabled":true,"_links":{"self":[{"href":"https:\/\/innovuspharma-al.com\/al\/wp-json\/wp\/v2\/product\/229","targetHints":{"allow":["GET"]}}],"collection":[{"href":"https:\/\/innovuspharma-al.com\/al\/wp-json\/wp\/v2\/product"}],"about":[{"href":"https:\/\/innovuspharma-al.com\/al\/wp-json\/wp\/v2\/types\/product"}],"replies":[{"embeddable":true,"href":"https:\/\/innovuspharma-al.com\/al\/wp-json\/wp\/v2\/comments?post=229"}],"wp:featuredmedia":[{"embeddable":true,"href":"https:\/\/innovuspharma-al.com\/al\/wp-json\/wp\/v2\/media\/10384"}],"wp:attachment":[{"href":"https:\/\/innovuspharma-al.com\/al\/wp-json\/wp\/v2\/media?parent=229"}],"wp:term":[{"taxonomy":"product_brand","embeddable":true,"href":"https:\/\/innovuspharma-al.com\/al\/wp-json\/wp\/v2\/product_brand?post=229"},{"taxonomy":"product_cat","embeddable":true,"href":"https:\/\/innovuspharma-al.com\/al\/wp-json\/wp\/v2\/product_cat?post=229"},{"taxonomy":"product_tag","embeddable":true,"href":"https:\/\/innovuspharma-al.com\/al\/wp-json\/wp\/v2\/product_tag?post=229"}],"curies":[{"name":"wp","href":"https:\/\/api.w.org\/{rel}","templated":true}]}}