{"id":231,"date":"2020-10-21T08:31:07","date_gmt":"2020-10-21T08:31:07","guid":{"rendered":"http:\/\/source.wpopal.com\/medilazar\/product\/herbal-cough-syrup-in-ahmedabad\/"},"modified":"2024-06-20T13:01:04","modified_gmt":"2024-06-20T12:01:04","slug":"axolprocto","status":"publish","type":"product","link":"https:\/\/innovuspharma-al.com\/al\/produkt\/axolprocto\/","title":{"rendered":"AXOL PROCTO"},"content":{"rendered":"<p>Pajisje mjek\u00ebsore p\u00ebr shqet\u00ebsimet e sindrom\u00ebs varikoze hemorroidale (hemorroidet). Largon skuqjet dhe kruarjet, ka veprim mbrojt\u00ebs, anti-inflamator, lubrifikant dhe rifreskues. Parandalon irritimet dhe kongjestionin n\u00eb zon\u00ebn peri-anale. Nuk p\u00ebrmban l\u00ebnd\u00eb anestetike apo kortizonike. I vetmi i  p\u00ebrshtatsh\u00ebm p\u00ebr p\u00ebrdorim gjat\u00eb shtatz\u00ebnis\u00eb.  I testuar klinikisht.<\/p>\n<p><strong>Prodhuesi: MAR-FARMA Srl \u2013 Milano, Itali<\/strong><\/p>","protected":false},"excerpt":{"rendered":"<p>Pajisje mjek\u00ebsore p\u00ebr shqet\u00ebsimet e sindrom\u00ebs varikoze hemorroidale (hemorroidet). Largon skuqjet dhe kruarjet, ka veprim mbrojt\u00ebs, anti-inflamator, lubrifikant dhe rifreskues. Parandalon irritimet dhe kongjestionin n\u00eb zon\u00ebn peri-anale. Nuk p\u00ebrmban l\u00ebnd\u00eb anestetike apo kortizonike. I vetmi i  p\u00ebrshtatsh\u00ebm p\u00ebr p\u00ebrdorim gjat\u00eb shtatz\u00ebnis\u00eb.  I testuar klinikisht.<\/p>","protected":false},"featured_media":10385,"comment_status":"open","ping_status":"closed","template":"","meta":{"inline_featured_image":false,"_monsterinsights_skip_tracking":false,"_monsterinsights_sitenote_active":false,"_monsterinsights_sitenote_note":"","_monsterinsights_sitenote_category":0,"_themeisle_gutenberg_block_has_review":false,"_joinchat":[]},"product_brand":[],"product_cat":[115,111,105,110],"product_tag":[],"class_list":{"0":"post-231","1":"product","2":"type-product","3":"status-publish","4":"has-post-thumbnail","6":"product_cat-gastro-hepatology","7":"product_cat-general-medicine","8":"product_cat-gynecology","9":"product_cat-proctology","11":"first","12":"instock","13":"taxable","14":"shipping-taxable","15":"purchasable","16":"product-type-simple"},"aioseo_notices":[],"jetpack_sharing_enabled":true,"_links":{"self":[{"href":"https:\/\/innovuspharma-al.com\/al\/wp-json\/wp\/v2\/product\/231","targetHints":{"allow":["GET"]}}],"collection":[{"href":"https:\/\/innovuspharma-al.com\/al\/wp-json\/wp\/v2\/product"}],"about":[{"href":"https:\/\/innovuspharma-al.com\/al\/wp-json\/wp\/v2\/types\/product"}],"replies":[{"embeddable":true,"href":"https:\/\/innovuspharma-al.com\/al\/wp-json\/wp\/v2\/comments?post=231"}],"wp:featuredmedia":[{"embeddable":true,"href":"https:\/\/innovuspharma-al.com\/al\/wp-json\/wp\/v2\/media\/10385"}],"wp:attachment":[{"href":"https:\/\/innovuspharma-al.com\/al\/wp-json\/wp\/v2\/media?parent=231"}],"wp:term":[{"taxonomy":"product_brand","embeddable":true,"href":"https:\/\/innovuspharma-al.com\/al\/wp-json\/wp\/v2\/product_brand?post=231"},{"taxonomy":"product_cat","embeddable":true,"href":"https:\/\/innovuspharma-al.com\/al\/wp-json\/wp\/v2\/product_cat?post=231"},{"taxonomy":"product_tag","embeddable":true,"href":"https:\/\/innovuspharma-al.com\/al\/wp-json\/wp\/v2\/product_tag?post=231"}],"curies":[{"name":"wp","href":"https:\/\/api.w.org\/{rel}","templated":true}]}}