{"id":233,"date":"2020-10-21T08:31:09","date_gmt":"2020-10-21T08:31:09","guid":{"rendered":"http:\/\/source.wpopal.com\/medilazar\/product\/high-quality-topicals\/"},"modified":"2024-06-12T14:51:58","modified_gmt":"2024-06-12T13:51:58","slug":"clivon-intimate","status":"publish","type":"product","link":"https:\/\/innovuspharma-al.com\/al\/produkt\/clivon-intimate\/","title":{"rendered":"CLIVON  Intimate Hygiene"},"content":{"rendered":"<p>Lar\u00ebs Intim p\u00ebr higjen\u00eb t\u00eb p\u00ebrditshme intime, ve\u00e7an\u00ebrisht i dobish\u00ebm p\u00ebr grat\u00eb  qe shfaqin  vulvo vaginite t\u00eb p\u00ebrs\u00ebritur.Ndihmon  n\u00eb ruajtjen e pH fiziologjik vaginal (4.5) dhe flor\u00ebs bakteriale vaginale.Indikohet n\u00eb reduktimet e laktobacileve vaginale,n\u00eb rritjen e PH -it  vaginal (mbi 4),n\u00eb reduktimit t\u00eb sekrecionit vaginale (tharjet vaginale) si dhe n\u00eb raste t\u00eb infeksioneve t\u00eb ndryshme vaginale. I testuar klinikisht p\u00ebr efikasitet.<\/p>\n<p><strong>Prodhuesi: MAR-FARMA Srl \u2013 Milano, Itali<\/strong><\/p>","protected":false},"excerpt":{"rendered":"<p>Lar\u00ebs Intim p\u00ebr higjen\u00eb t\u00eb p\u00ebrditshme intime, ve\u00e7an\u00ebrisht i dobish\u00ebm p\u00ebr grat\u00eb  qe shfaqin  vulvo vaginite t\u00eb p\u00ebrs\u00ebritur.Ndihmon  n\u00eb ruajtjen e pH fiziologjik vaginal (4.5) dhe flor\u00ebs bakteriale vaginale.<\/p>","protected":false},"featured_media":10386,"comment_status":"open","ping_status":"closed","template":"","meta":{"inline_featured_image":false,"_monsterinsights_skip_tracking":false,"_monsterinsights_sitenote_active":false,"_monsterinsights_sitenote_note":"","_monsterinsights_sitenote_category":0,"_themeisle_gutenberg_block_has_review":false,"_joinchat":[]},"product_brand":[],"product_cat":[105,98],"product_tag":[52,69],"class_list":{"0":"post-233","1":"product","2":"type-product","3":"status-publish","4":"has-post-thumbnail","6":"product_cat-gynecology","7":"product_cat-intimate-hygiene","8":"product_tag-bread","9":"product_tag-meat","11":"first","12":"instock","13":"taxable","14":"shipping-taxable","15":"purchasable","16":"product-type-simple"},"aioseo_notices":[],"jetpack_sharing_enabled":true,"_links":{"self":[{"href":"https:\/\/innovuspharma-al.com\/al\/wp-json\/wp\/v2\/product\/233","targetHints":{"allow":["GET"]}}],"collection":[{"href":"https:\/\/innovuspharma-al.com\/al\/wp-json\/wp\/v2\/product"}],"about":[{"href":"https:\/\/innovuspharma-al.com\/al\/wp-json\/wp\/v2\/types\/product"}],"replies":[{"embeddable":true,"href":"https:\/\/innovuspharma-al.com\/al\/wp-json\/wp\/v2\/comments?post=233"}],"wp:featuredmedia":[{"embeddable":true,"href":"https:\/\/innovuspharma-al.com\/al\/wp-json\/wp\/v2\/media\/10386"}],"wp:attachment":[{"href":"https:\/\/innovuspharma-al.com\/al\/wp-json\/wp\/v2\/media?parent=233"}],"wp:term":[{"taxonomy":"product_brand","embeddable":true,"href":"https:\/\/innovuspharma-al.com\/al\/wp-json\/wp\/v2\/product_brand?post=233"},{"taxonomy":"product_cat","embeddable":true,"href":"https:\/\/innovuspharma-al.com\/al\/wp-json\/wp\/v2\/product_cat?post=233"},{"taxonomy":"product_tag","embeddable":true,"href":"https:\/\/innovuspharma-al.com\/al\/wp-json\/wp\/v2\/product_tag?post=233"}],"curies":[{"name":"wp","href":"https:\/\/api.w.org\/{rel}","templated":true}]}}