{"id":235,"date":"2020-10-21T08:31:11","date_gmt":"2020-10-21T08:31:11","guid":{"rendered":"http:\/\/source.wpopal.com\/medilazar\/product\/himalaya-evecare-syrup-for-treating-pms\/"},"modified":"2024-06-20T13:00:23","modified_gmt":"2024-06-20T12:00:23","slug":"clivongel","status":"publish","type":"product","link":"https:\/\/innovuspharma-al.com\/al\/produkt\/clivongel\/","title":{"rendered":"CLIVON GEL"},"content":{"rendered":"<p>Xhel vaginal inovativ me veti zbut\u00ebse, hidratuese dhe lubrifikante. Indikohet p\u00ebr parandalimin dhe trajtimin e that\u00ebsis\u00eb vaginale, edhe n\u00eb rastet e pranis\u00eb s\u00eb kruarjeve apo irritimeve ; n\u00eb parandalimin dhe trajtimin e er\u00ebs s\u00eb keqe vaginale si dhe n\u00eb reduktimin e sekrecioneve vaginale me er\u00eb; n\u00eb rastet e pranis\u00eb s\u00eb dhimbjeve gjat\u00eb marr\u00ebdh\u00ebnieve intime. I testuar klinikisht p\u00ebr trajtimin e that\u00ebsis\u00eb vaginale tek grat\u00eb n\u00eb menopauz\u00eb.<\/p>\n<p><strong>Prodhuesi: MAR-FARMA Srl \u2013 Milano, Itali<\/strong><\/p>","protected":false},"excerpt":{"rendered":"<p>Xhel vaginal inovativ me veti zbut\u00ebse, hidratuese dhe lubrifikante. Indikohet p\u00ebr parandalimin dhe trajtimin e that\u00ebsis\u00eb vaginale, edhe n\u00eb rastet e pranis\u00eb s\u00eb kruarjeve apo irritimeve ;<\/p>","protected":false},"featured_media":10387,"comment_status":"open","ping_status":"closed","template":"","meta":{"inline_featured_image":false,"_monsterinsights_skip_tracking":false,"_monsterinsights_sitenote_active":false,"_monsterinsights_sitenote_note":"","_monsterinsights_sitenote_category":0,"_themeisle_gutenberg_block_has_review":false,"_joinchat":[]},"product_brand":[],"product_cat":[112,115,111,105],"product_tag":[],"class_list":{"0":"post-235","1":"product","2":"type-product","3":"status-publish","4":"has-post-thumbnail","6":"product_cat-endocrinology","7":"product_cat-gastro-hepatology","8":"product_cat-general-medicine","9":"product_cat-gynecology","11":"first","12":"instock","13":"featured","14":"taxable","15":"shipping-taxable","16":"purchasable","17":"product-type-simple"},"aioseo_notices":[],"jetpack_sharing_enabled":true,"_links":{"self":[{"href":"https:\/\/innovuspharma-al.com\/al\/wp-json\/wp\/v2\/product\/235","targetHints":{"allow":["GET"]}}],"collection":[{"href":"https:\/\/innovuspharma-al.com\/al\/wp-json\/wp\/v2\/product"}],"about":[{"href":"https:\/\/innovuspharma-al.com\/al\/wp-json\/wp\/v2\/types\/product"}],"replies":[{"embeddable":true,"href":"https:\/\/innovuspharma-al.com\/al\/wp-json\/wp\/v2\/comments?post=235"}],"wp:featuredmedia":[{"embeddable":true,"href":"https:\/\/innovuspharma-al.com\/al\/wp-json\/wp\/v2\/media\/10387"}],"wp:attachment":[{"href":"https:\/\/innovuspharma-al.com\/al\/wp-json\/wp\/v2\/media?parent=235"}],"wp:term":[{"taxonomy":"product_brand","embeddable":true,"href":"https:\/\/innovuspharma-al.com\/al\/wp-json\/wp\/v2\/product_brand?post=235"},{"taxonomy":"product_cat","embeddable":true,"href":"https:\/\/innovuspharma-al.com\/al\/wp-json\/wp\/v2\/product_cat?post=235"},{"taxonomy":"product_tag","embeddable":true,"href":"https:\/\/innovuspharma-al.com\/al\/wp-json\/wp\/v2\/product_tag?post=235"}],"curies":[{"name":"wp","href":"https:\/\/api.w.org\/{rel}","templated":true}]}}