{"id":237,"date":"2020-10-21T08:31:13","date_gmt":"2020-10-21T08:31:13","guid":{"rendered":"http:\/\/source.wpopal.com\/medilazar\/product\/kids-supplements-for-focus\/"},"modified":"2024-06-20T14:36:34","modified_gmt":"2024-06-20T13:36:34","slug":"superfert","status":"publish","type":"product","link":"https:\/\/innovuspharma-al.com\/al\/produkt\/superfert\/","title":{"rendered":"SUPER FERT"},"content":{"rendered":"<p>Integrator ushqimor q\u00eb ka n\u00eb p\u00ebrb\u00ebrje: DIOSGENIN, RESVERATROL, PIPERINE.  I dobish\u00ebm p\u00ebr mir\u00ebqenien e grave, ve\u00e7an\u00ebrisht n\u00eb \u00e7rregullimet q\u00eb lidhen me menopauz\u00ebn dhe ciklin menstrual. Antioksidant i fuqishem. Kontribuon n\u00eb p\u00ebrmir\u00ebsimin e riprodhimit dhe leht\u00ebson fertilitetin fem\u00ebror, duke ndihmuar fekondimin.<\/p>\n<p><strong>Prodhuesi: MAR-FARMA Srl \u2013 Milano, Itali<\/strong><\/p>","protected":false},"excerpt":{"rendered":"<p>Integrator ushqimor q\u00eb ka n\u00eb p\u00ebrb\u00ebrje: DIOSGENIN, RESVERATROL, PIPERINE.  I dobish\u00ebm p\u00ebr mir\u00ebqenien e grave, ve\u00e7an\u00ebrisht n\u00eb \u00e7rregullimet q\u00eb lidhen me menopauz\u00ebn dhe ciklin menstrual.<\/p>","protected":false},"featured_media":10465,"comment_status":"open","ping_status":"closed","template":"","meta":{"inline_featured_image":false,"_monsterinsights_skip_tracking":false,"_monsterinsights_sitenote_active":false,"_monsterinsights_sitenote_note":"","_monsterinsights_sitenote_category":0,"_themeisle_gutenberg_block_has_review":false,"_joinchat":[]},"product_brand":[],"product_cat":[105],"product_tag":[],"class_list":{"0":"post-237","1":"product","2":"type-product","3":"status-publish","4":"has-post-thumbnail","6":"product_cat-gynecology","8":"first","9":"instock","10":"taxable","11":"shipping-taxable","12":"purchasable","13":"product-type-simple"},"aioseo_notices":[],"jetpack_sharing_enabled":true,"_links":{"self":[{"href":"https:\/\/innovuspharma-al.com\/al\/wp-json\/wp\/v2\/product\/237","targetHints":{"allow":["GET"]}}],"collection":[{"href":"https:\/\/innovuspharma-al.com\/al\/wp-json\/wp\/v2\/product"}],"about":[{"href":"https:\/\/innovuspharma-al.com\/al\/wp-json\/wp\/v2\/types\/product"}],"replies":[{"embeddable":true,"href":"https:\/\/innovuspharma-al.com\/al\/wp-json\/wp\/v2\/comments?post=237"}],"wp:featuredmedia":[{"embeddable":true,"href":"https:\/\/innovuspharma-al.com\/al\/wp-json\/wp\/v2\/media\/10465"}],"wp:attachment":[{"href":"https:\/\/innovuspharma-al.com\/al\/wp-json\/wp\/v2\/media?parent=237"}],"wp:term":[{"taxonomy":"product_brand","embeddable":true,"href":"https:\/\/innovuspharma-al.com\/al\/wp-json\/wp\/v2\/product_brand?post=237"},{"taxonomy":"product_cat","embeddable":true,"href":"https:\/\/innovuspharma-al.com\/al\/wp-json\/wp\/v2\/product_cat?post=237"},{"taxonomy":"product_tag","embeddable":true,"href":"https:\/\/innovuspharma-al.com\/al\/wp-json\/wp\/v2\/product_tag?post=237"}],"curies":[{"name":"wp","href":"https:\/\/api.w.org\/{rel}","templated":true}]}}