{"id":242,"date":"2020-10-21T08:31:16","date_gmt":"2020-10-21T08:31:16","guid":{"rendered":"http:\/\/source.wpopal.com\/medilazar\/product\/neuriva-brain-performance\/"},"modified":"2024-06-20T12:50:25","modified_gmt":"2024-06-20T11:50:25","slug":"axolfast","status":"publish","type":"product","link":"https:\/\/innovuspharma-al.com\/al\/produkt\/axolfast\/","title":{"rendered":"AXOL FAST"},"content":{"rendered":"<p>PER TRAJTIMIN E INSUFICIENC\u00cbS VENOZE KRONIKE &amp; SINDROM\u00cbS HEMORROIDALE. Me efekt klinikisht t\u00eb studiuar n\u00eb sistemin venoz dhe limfatik. N\u00cb INSUFICIENC\u00cb VENOZE DHE N\u00cb HEMORROIDET (E JASHTME\/BRENDSHME). FLEBOTONIK--ANTI INFLAMATOR--ANALGJEZIK.<\/p>\n<p>&nbsp;<\/p>\n<p><strong>Prodhuesi: MAR-FARMA Srl \u2013 Milano, Itali<\/strong><\/p>","protected":false},"excerpt":{"rendered":"<p>PER TRAJTIMIN E INSUFFICIENCES KRONIKE VENOZE DHE SINDROMES HEMOROIDALE<\/p>","protected":false},"featured_media":10388,"comment_status":"open","ping_status":"closed","template":"","meta":{"inline_featured_image":false,"_monsterinsights_skip_tracking":false,"_monsterinsights_sitenote_active":false,"_monsterinsights_sitenote_note":"","_monsterinsights_sitenote_category":0,"_themeisle_gutenberg_block_has_review":false,"_joinchat":[]},"product_brand":[],"product_cat":[111,110],"product_tag":[],"class_list":{"0":"post-242","1":"product","2":"type-product","3":"status-publish","4":"has-post-thumbnail","6":"product_cat-general-medicine","7":"product_cat-proctology","9":"first","10":"instock","11":"taxable","12":"shipping-taxable","13":"purchasable","14":"product-type-simple"},"aioseo_notices":[],"jetpack_sharing_enabled":true,"_links":{"self":[{"href":"https:\/\/innovuspharma-al.com\/al\/wp-json\/wp\/v2\/product\/242","targetHints":{"allow":["GET"]}}],"collection":[{"href":"https:\/\/innovuspharma-al.com\/al\/wp-json\/wp\/v2\/product"}],"about":[{"href":"https:\/\/innovuspharma-al.com\/al\/wp-json\/wp\/v2\/types\/product"}],"replies":[{"embeddable":true,"href":"https:\/\/innovuspharma-al.com\/al\/wp-json\/wp\/v2\/comments?post=242"}],"wp:featuredmedia":[{"embeddable":true,"href":"https:\/\/innovuspharma-al.com\/al\/wp-json\/wp\/v2\/media\/10388"}],"wp:attachment":[{"href":"https:\/\/innovuspharma-al.com\/al\/wp-json\/wp\/v2\/media?parent=242"}],"wp:term":[{"taxonomy":"product_brand","embeddable":true,"href":"https:\/\/innovuspharma-al.com\/al\/wp-json\/wp\/v2\/product_brand?post=242"},{"taxonomy":"product_cat","embeddable":true,"href":"https:\/\/innovuspharma-al.com\/al\/wp-json\/wp\/v2\/product_cat?post=242"},{"taxonomy":"product_tag","embeddable":true,"href":"https:\/\/innovuspharma-al.com\/al\/wp-json\/wp\/v2\/product_tag?post=242"}],"curies":[{"name":"wp","href":"https:\/\/api.w.org\/{rel}","templated":true}]}}