{"id":245,"date":"2020-10-21T08:31:18","date_gmt":"2020-10-21T08:31:18","guid":{"rendered":"http:\/\/source.wpopal.com\/medilazar\/product\/neuriva-plus-brain-health-supplement\/"},"modified":"2024-06-20T12:48:59","modified_gmt":"2024-06-20T11:48:59","slug":"urosel","status":"publish","type":"product","link":"https:\/\/innovuspharma-al.com\/al\/produkt\/urosel\/","title":{"rendered":"UROSEL"},"content":{"rendered":"<p>Integrator  me baze bimore q\u00eb p\u00ebrdoret si  suport i plote per funksionim normal t\u00eb prostates. Ndikon n\u00eb reduktimin e p\u00ebrmasave t\u00eb gj\u00ebndr\u00ebs s\u00eb prostat\u00ebs tek pacient\u00ebt (HBP). Ndihmon n\u00eb rregullimin e fluksit urinar dhe frekuenc\u00ebs si dhe n\u00eb menaxhimin e inflamacionit t\u00eb prostat\u00ebs. Redukton riskun p\u00ebr zhvillimin e kancerit t\u00eb prostat\u00ebs. P\u00ebrb\u00ebr\u00ebsit: Serenoa Repens 320 mg,Likopene 1.4mg,Selen 82 mcg,Zink  12.5mg<\/p>\n<p><strong>Prodhuesi: HEDENKAMP GmbH&amp;Co. kg - Gjermani<\/strong><\/p>","protected":false},"excerpt":{"rendered":"<p>Integrator  me baze bimore q\u00eb p\u00ebrdoret si  suport i plote per funksionim normal t\u00eb prostates<\/p>","protected":false},"featured_media":10389,"comment_status":"open","ping_status":"closed","template":"","meta":{"inline_featured_image":false,"_monsterinsights_skip_tracking":false,"_monsterinsights_sitenote_active":false,"_monsterinsights_sitenote_note":"","_monsterinsights_sitenote_category":0,"_themeisle_gutenberg_block_has_review":false,"_joinchat":[]},"product_brand":[],"product_cat":[111,119,113],"product_tag":[],"class_list":{"0":"post-245","1":"product","2":"type-product","3":"status-publish","4":"has-post-thumbnail","6":"product_cat-general-medicine","7":"product_cat-nephrology","8":"product_cat-urology","10":"first","11":"instock","12":"taxable","13":"shipping-taxable","14":"purchasable","15":"product-type-simple"},"aioseo_notices":[],"jetpack_sharing_enabled":true,"_links":{"self":[{"href":"https:\/\/innovuspharma-al.com\/al\/wp-json\/wp\/v2\/product\/245","targetHints":{"allow":["GET"]}}],"collection":[{"href":"https:\/\/innovuspharma-al.com\/al\/wp-json\/wp\/v2\/product"}],"about":[{"href":"https:\/\/innovuspharma-al.com\/al\/wp-json\/wp\/v2\/types\/product"}],"replies":[{"embeddable":true,"href":"https:\/\/innovuspharma-al.com\/al\/wp-json\/wp\/v2\/comments?post=245"}],"wp:featuredmedia":[{"embeddable":true,"href":"https:\/\/innovuspharma-al.com\/al\/wp-json\/wp\/v2\/media\/10389"}],"wp:attachment":[{"href":"https:\/\/innovuspharma-al.com\/al\/wp-json\/wp\/v2\/media?parent=245"}],"wp:term":[{"taxonomy":"product_brand","embeddable":true,"href":"https:\/\/innovuspharma-al.com\/al\/wp-json\/wp\/v2\/product_brand?post=245"},{"taxonomy":"product_cat","embeddable":true,"href":"https:\/\/innovuspharma-al.com\/al\/wp-json\/wp\/v2\/product_cat?post=245"},{"taxonomy":"product_tag","embeddable":true,"href":"https:\/\/innovuspharma-al.com\/al\/wp-json\/wp\/v2\/product_tag?post=245"}],"curies":[{"name":"wp","href":"https:\/\/api.w.org\/{rel}","templated":true}]}}