{"id":247,"date":"2020-10-21T08:31:20","date_gmt":"2020-10-21T08:31:20","guid":{"rendered":"http:\/\/source.wpopal.com\/medilazar\/product\/nordic-naturals-vitamin-d3-gummies\/"},"modified":"2024-06-20T12:48:24","modified_gmt":"2024-06-20T11:48:24","slug":"spm-ok","status":"publish","type":"product","link":"https:\/\/innovuspharma-al.com\/al\/produkt\/spm-ok\/","title":{"rendered":"SPM-OK"},"content":{"rendered":"<p>Integrator Vitaminash, Mineralesh dhe Ekstrakte Bimore, specifik p\u00ebr femrat. I p\u00ebrshtatsh\u00ebm p\u00ebr t\u00eb gjitha vajzat q\u00eb vuajn\u00eb nga simptomat pre-menstruale si: irritim dhe tension emocional, pagjum\u00ebsi, ndryshim humori, ankth, dob\u00ebsi e p\u00ebrgjithshme, dhimbje t\u00eb ciklit menstrual, dhimbje gjiri, rritje n\u00eb pesh\u00eb, dhimbje koke. Pa asnj\u00eb efekt an\u00ebsor. STUDIM KLINIK P\u00cbR EFIKASITETIN E SPM-OK NDAJ SIMPTOMAVE T\u00cb SINDROM\u00cbS PRE MENSTRUALE.<\/p>\n<p><strong>Prodhuesi: HEDENKAMP GmbH&amp;Co. kg - Gjermani<\/strong><\/p>","protected":false},"excerpt":{"rendered":"<p>Integrator Vitaminash, Mineralesh dhe Ekstrakte Bimore, specifik p\u00ebr femrat. I p\u00ebrshtatsh\u00ebm p\u00ebr t\u00eb gjitha vajzat q\u00eb vuajn\u00eb nga simptomat pre-menstruale.<\/p>","protected":false},"featured_media":10390,"comment_status":"open","ping_status":"closed","template":"","meta":{"inline_featured_image":false,"_monsterinsights_skip_tracking":false,"_monsterinsights_sitenote_active":false,"_monsterinsights_sitenote_note":"","_monsterinsights_sitenote_category":0,"_themeisle_gutenberg_block_has_review":false,"_joinchat":[]},"product_brand":[],"product_cat":[111,105],"product_tag":[],"class_list":{"0":"post-247","1":"product","2":"type-product","3":"status-publish","4":"has-post-thumbnail","6":"product_cat-general-medicine","7":"product_cat-gynecology","9":"first","10":"instock","11":"taxable","12":"shipping-taxable","13":"purchasable","14":"product-type-simple"},"aioseo_notices":[],"jetpack_sharing_enabled":true,"_links":{"self":[{"href":"https:\/\/innovuspharma-al.com\/al\/wp-json\/wp\/v2\/product\/247","targetHints":{"allow":["GET"]}}],"collection":[{"href":"https:\/\/innovuspharma-al.com\/al\/wp-json\/wp\/v2\/product"}],"about":[{"href":"https:\/\/innovuspharma-al.com\/al\/wp-json\/wp\/v2\/types\/product"}],"replies":[{"embeddable":true,"href":"https:\/\/innovuspharma-al.com\/al\/wp-json\/wp\/v2\/comments?post=247"}],"wp:featuredmedia":[{"embeddable":true,"href":"https:\/\/innovuspharma-al.com\/al\/wp-json\/wp\/v2\/media\/10390"}],"wp:attachment":[{"href":"https:\/\/innovuspharma-al.com\/al\/wp-json\/wp\/v2\/media?parent=247"}],"wp:term":[{"taxonomy":"product_brand","embeddable":true,"href":"https:\/\/innovuspharma-al.com\/al\/wp-json\/wp\/v2\/product_brand?post=247"},{"taxonomy":"product_cat","embeddable":true,"href":"https:\/\/innovuspharma-al.com\/al\/wp-json\/wp\/v2\/product_cat?post=247"},{"taxonomy":"product_tag","embeddable":true,"href":"https:\/\/innovuspharma-al.com\/al\/wp-json\/wp\/v2\/product_tag?post=247"}],"curies":[{"name":"wp","href":"https:\/\/api.w.org\/{rel}","templated":true}]}}