{"id":250,"date":"2020-10-21T08:31:22","date_gmt":"2020-10-21T08:31:22","guid":{"rendered":"http:\/\/source.wpopal.com\/medilazar\/product\/nutrilite-memory-builder-dietary-supplement\/"},"modified":"2026-03-19T14:09:10","modified_gmt":"2026-03-19T14:09:10","slug":"olimag","status":"publish","type":"product","link":"https:\/\/innovuspharma-al.com\/al\/produkt\/olimag\/","title":{"rendered":"OLIMAG"},"content":{"rendered":"<p>FORMULIM INOVATIV. I p\u00ebrb\u00ebr\u00eb nga 3 tipe MAGNEZ (Citrat+ Oxide+ Carbonate) + VITAMINE B6 + XHINXHER. Integrator ushqimor q\u00eb vepron n\u00eb sistemin nervor, kardiovaskular, riprodhues, musculo-sceletal, dhe endokrin.I sigurt n\u00eb Shtatz\u00ebni<\/p>\n<p>&nbsp;<\/p>\n<p><strong>Manufacturer: HEDENKAMPGmbH&amp;Co.Kg\/Gjermani<\/strong><\/p>","protected":false},"excerpt":{"rendered":"<p>Integrator ushqimor q\u00eb vepron n\u00eb sistemin nervor, kardiovaskular, riprodhues, musculo-sceletal, dhe endokrin.I sigurt n\u00eb Shtatz\u00ebni<\/p>","protected":false},"featured_media":10391,"comment_status":"open","ping_status":"closed","template":"","meta":{"inline_featured_image":false,"_monsterinsights_skip_tracking":false,"_monsterinsights_sitenote_active":false,"_monsterinsights_sitenote_note":"","_monsterinsights_sitenote_category":0,"_themeisle_gutenberg_block_has_review":false,"_joinchat":[]},"product_brand":[],"product_cat":[121,111,105,109],"product_tag":[102,101,92],"class_list":{"0":"post-250","1":"product","2":"type-product","3":"status-publish","4":"has-post-thumbnail","6":"product_cat-cardiology","7":"product_cat-general-medicine","8":"product_cat-gynecology","9":"product_cat-neurology","10":"product_tag-breastfeeding","11":"product_tag-food-suplements","12":"product_tag-pregnancy","14":"first","15":"instock","16":"featured","17":"taxable","18":"shipping-taxable","19":"purchasable","20":"product-type-simple"},"aioseo_notices":[],"jetpack_sharing_enabled":true,"_links":{"self":[{"href":"https:\/\/innovuspharma-al.com\/al\/wp-json\/wp\/v2\/product\/250","targetHints":{"allow":["GET"]}}],"collection":[{"href":"https:\/\/innovuspharma-al.com\/al\/wp-json\/wp\/v2\/product"}],"about":[{"href":"https:\/\/innovuspharma-al.com\/al\/wp-json\/wp\/v2\/types\/product"}],"replies":[{"embeddable":true,"href":"https:\/\/innovuspharma-al.com\/al\/wp-json\/wp\/v2\/comments?post=250"}],"wp:featuredmedia":[{"embeddable":true,"href":"https:\/\/innovuspharma-al.com\/al\/wp-json\/wp\/v2\/media\/10391"}],"wp:attachment":[{"href":"https:\/\/innovuspharma-al.com\/al\/wp-json\/wp\/v2\/media?parent=250"}],"wp:term":[{"taxonomy":"product_brand","embeddable":true,"href":"https:\/\/innovuspharma-al.com\/al\/wp-json\/wp\/v2\/product_brand?post=250"},{"taxonomy":"product_cat","embeddable":true,"href":"https:\/\/innovuspharma-al.com\/al\/wp-json\/wp\/v2\/product_cat?post=250"},{"taxonomy":"product_tag","embeddable":true,"href":"https:\/\/innovuspharma-al.com\/al\/wp-json\/wp\/v2\/product_tag?post=250"}],"curies":[{"name":"wp","href":"https:\/\/api.w.org\/{rel}","templated":true}]}}