{"id":252,"date":"2020-10-21T08:31:24","date_gmt":"2020-10-21T08:31:24","guid":{"rendered":"http:\/\/source.wpopal.com\/medilazar\/product\/online-only-triple-oxygen\/"},"modified":"2024-06-20T12:58:40","modified_gmt":"2024-06-20T11:58:40","slug":"online-only-triple-oxygen","status":"publish","type":"product","link":"https:\/\/innovuspharma-al.com\/al\/produkt\/online-only-triple-oxygen\/","title":{"rendered":"EUFOL-PLUS"},"content":{"rendered":"<p>Integrator me Vitamina dhe Minerale t\u00eb nevojshme p\u00ebr mir\u00ebq\u00ebnien e grave gjat\u00eb shtatz\u00ebnis\u00eb dhe zhvillimin e fetusit. Ndihmon n\u00eb rritjen e indeve t\u00eb n\u00ebn\u00ebs dhe ato embrionale, n\u00eb sintez\u00ebn e hemoglobin\u00ebs dhe transportit t\u00eb oksigjenit n\u00eb organiz\u00ebm. P\u00ebrb\u00ebr\u00ebsit: Acid Folik 400mg (Vit. B9), Hekur 30mg(bisglicinat), Vitamin\u00eb C 80mg,  Vitamin\u00eb PP (B3), Acid Pantotenik (Vit.B5) Vitamina Gr. B (B2,B6,B12).<\/p>\n<p><strong>Prodhuesi: HEDENKAMP GmbH&amp;Co. kg - Gjermani<\/strong><\/p>","protected":false},"excerpt":{"rendered":"<p>Integrator me Vitamina dhe Minerale t\u00eb nevojshme p\u00ebr mir\u00ebq\u00ebnien e grave gjat\u00eb shtatz\u00ebnis\u00eb dhe zhvillimin e fetusit.<\/p>","protected":false},"featured_media":10392,"comment_status":"open","ping_status":"closed","template":"","meta":{"inline_featured_image":false,"_monsterinsights_skip_tracking":false,"_monsterinsights_sitenote_active":false,"_monsterinsights_sitenote_note":"","_monsterinsights_sitenote_category":0,"_themeisle_gutenberg_block_has_review":false,"_joinchat":[]},"product_brand":[],"product_cat":[115,111,105],"product_tag":[102,103,92],"class_list":{"0":"post-252","1":"product","2":"type-product","3":"status-publish","4":"has-post-thumbnail","6":"product_cat-gastro-hepatology","7":"product_cat-general-medicine","8":"product_cat-gynecology","9":"product_tag-breastfeeding","10":"product_tag-food-supplements","11":"product_tag-pregnancy","13":"first","14":"instock","15":"taxable","16":"shipping-taxable","17":"purchasable","18":"product-type-simple"},"aioseo_notices":[],"jetpack_sharing_enabled":true,"_links":{"self":[{"href":"https:\/\/innovuspharma-al.com\/al\/wp-json\/wp\/v2\/product\/252","targetHints":{"allow":["GET"]}}],"collection":[{"href":"https:\/\/innovuspharma-al.com\/al\/wp-json\/wp\/v2\/product"}],"about":[{"href":"https:\/\/innovuspharma-al.com\/al\/wp-json\/wp\/v2\/types\/product"}],"replies":[{"embeddable":true,"href":"https:\/\/innovuspharma-al.com\/al\/wp-json\/wp\/v2\/comments?post=252"}],"wp:featuredmedia":[{"embeddable":true,"href":"https:\/\/innovuspharma-al.com\/al\/wp-json\/wp\/v2\/media\/10392"}],"wp:attachment":[{"href":"https:\/\/innovuspharma-al.com\/al\/wp-json\/wp\/v2\/media?parent=252"}],"wp:term":[{"taxonomy":"product_brand","embeddable":true,"href":"https:\/\/innovuspharma-al.com\/al\/wp-json\/wp\/v2\/product_brand?post=252"},{"taxonomy":"product_cat","embeddable":true,"href":"https:\/\/innovuspharma-al.com\/al\/wp-json\/wp\/v2\/product_cat?post=252"},{"taxonomy":"product_tag","embeddable":true,"href":"https:\/\/innovuspharma-al.com\/al\/wp-json\/wp\/v2\/product_tag?post=252"}],"curies":[{"name":"wp","href":"https:\/\/api.w.org\/{rel}","templated":true}]}}