{"id":261,"date":"2020-10-21T08:31:30","date_gmt":"2020-10-21T08:31:30","guid":{"rendered":"http:\/\/source.wpopal.com\/medilazar\/product\/siro-lorastad-sp\/"},"modified":"2025-11-11T00:45:13","modified_gmt":"2025-11-11T00:45:13","slug":"laxene-natural","status":"publish","type":"product","link":"https:\/\/innovuspharma-al.com\/al\/produkt\/laxene-natural\/","title":{"rendered":"Laxene NATURAL"},"content":{"rendered":"<p>Integrator me veprim natyral laksativ. Ka veprim prebiotik, ribalancon flor\u00ebn bakteriale intestinale.Rregullon peristaltik\u00ebn dhe tranzitin intestinal. Efekt qet\u00ebsues dhe zbut\u00ebs n\u00eb sistemin digjestiv.P\u00ebrb\u00ebr\u00ebsit: Inulin, Psyllium, L\u00ebng i p\u00ebrq\u00ebndruar i kumbull\u00ebs. I p\u00ebrshtatsh\u00ebm p\u00ebr grat\u00eb shtatz\u00ebna.<\/p>","protected":false},"excerpt":{"rendered":"<div class=\"proDescription rte\">Integrator me veprim natyral laksativ. Ka veprim prebiotik, ribalancon flor\u00ebn bakteriale intestinale.Rregullon peristaltik\u00ebn dhe tranzitin intestinal.<\/div>","protected":false},"featured_media":10394,"comment_status":"open","ping_status":"closed","template":"","meta":{"inline_featured_image":false,"_monsterinsights_skip_tracking":false,"_monsterinsights_sitenote_active":false,"_monsterinsights_sitenote_note":"","_monsterinsights_sitenote_category":0,"_themeisle_gutenberg_block_has_review":false,"_joinchat":[]},"product_brand":[],"product_cat":[111,105],"product_tag":[],"class_list":{"0":"post-261","1":"product","2":"type-product","3":"status-publish","4":"has-post-thumbnail","6":"product_cat-general-medicine","7":"product_cat-gynecology","9":"first","10":"instock","11":"taxable","12":"shipping-taxable","13":"purchasable","14":"product-type-simple"},"aioseo_notices":[],"jetpack_sharing_enabled":true,"_links":{"self":[{"href":"https:\/\/innovuspharma-al.com\/al\/wp-json\/wp\/v2\/product\/261","targetHints":{"allow":["GET"]}}],"collection":[{"href":"https:\/\/innovuspharma-al.com\/al\/wp-json\/wp\/v2\/product"}],"about":[{"href":"https:\/\/innovuspharma-al.com\/al\/wp-json\/wp\/v2\/types\/product"}],"replies":[{"embeddable":true,"href":"https:\/\/innovuspharma-al.com\/al\/wp-json\/wp\/v2\/comments?post=261"}],"wp:featuredmedia":[{"embeddable":true,"href":"https:\/\/innovuspharma-al.com\/al\/wp-json\/wp\/v2\/media\/10394"}],"wp:attachment":[{"href":"https:\/\/innovuspharma-al.com\/al\/wp-json\/wp\/v2\/media?parent=261"}],"wp:term":[{"taxonomy":"product_brand","embeddable":true,"href":"https:\/\/innovuspharma-al.com\/al\/wp-json\/wp\/v2\/product_brand?post=261"},{"taxonomy":"product_cat","embeddable":true,"href":"https:\/\/innovuspharma-al.com\/al\/wp-json\/wp\/v2\/product_cat?post=261"},{"taxonomy":"product_tag","embeddable":true,"href":"https:\/\/innovuspharma-al.com\/al\/wp-json\/wp\/v2\/product_tag?post=261"}],"curies":[{"name":"wp","href":"https:\/\/api.w.org\/{rel}","templated":true}]}}