{"id":271,"date":"2020-10-21T08:31:37","date_gmt":"2020-10-21T08:31:37","guid":{"rendered":"http:\/\/source.wpopal.com\/medilazar\/product\/waterpik-irrigador-dental\/"},"modified":"2024-06-20T12:57:00","modified_gmt":"2024-06-20T11:57:00","slug":"cal-safe-plus","status":"publish","type":"product","link":"https:\/\/innovuspharma-al.com\/al\/produkt\/cal-safe-plus\/","title":{"rendered":"Cal-Safe Plus"},"content":{"rendered":"<p>Integrator me Vitamina dhe Minerale i nevojsh\u00ebm p\u00ebr sh\u00ebndetin dhe mir\u00ebq\u00ebnien e kockave . Ndihmon n\u00eb  leht\u00ebsimin e krampeve muskulare si dhe redukton riskun p\u00ebr zhvillimin e hipertensionit gestational dhe pre-eklampsis\u00eb . Eshte i sigurt p\u00ebr p\u00ebrdorim gjat\u00eb shtatz\u00ebnise. I testuar klinikisht. P\u00cbRB\u00cbRSIT: Calcium bisglycinate 500 mg, Magnesium bisglycinate 137.80 mg, Vitamin K2 60 \u03bcg, Vitamin D3 25 \u03bcg.<\/p>","protected":false},"excerpt":{"rendered":"<p>Integrator me Vitamina dhe Minerale i nevojsh\u00ebm p\u00ebr sh\u00ebndetin dhe mir\u00ebq\u00ebnien e kockave . Ndihmon n\u00eb  leht\u00ebsimin e krampeve muskulare si dhe redukton riskun p\u00ebr zhvillimin e hipertensionit gestational dhe pre-eklampsis\u00eb .<\/p>","protected":false},"featured_media":10396,"comment_status":"open","ping_status":"closed","template":"","meta":{"inline_featured_image":false,"_monsterinsights_skip_tracking":false,"_monsterinsights_sitenote_active":false,"_monsterinsights_sitenote_note":"","_monsterinsights_sitenote_category":0,"_themeisle_gutenberg_block_has_review":false,"_joinchat":[]},"product_brand":[],"product_cat":[111,105],"product_tag":[102,92],"class_list":{"0":"post-271","1":"product","2":"type-product","3":"status-publish","4":"has-post-thumbnail","6":"product_cat-general-medicine","7":"product_cat-gynecology","8":"product_tag-breastfeeding","9":"product_tag-pregnancy","11":"first","12":"instock","13":"taxable","14":"shipping-taxable","15":"purchasable","16":"product-type-simple"},"aioseo_notices":[],"jetpack_sharing_enabled":true,"_links":{"self":[{"href":"https:\/\/innovuspharma-al.com\/al\/wp-json\/wp\/v2\/product\/271","targetHints":{"allow":["GET"]}}],"collection":[{"href":"https:\/\/innovuspharma-al.com\/al\/wp-json\/wp\/v2\/product"}],"about":[{"href":"https:\/\/innovuspharma-al.com\/al\/wp-json\/wp\/v2\/types\/product"}],"replies":[{"embeddable":true,"href":"https:\/\/innovuspharma-al.com\/al\/wp-json\/wp\/v2\/comments?post=271"}],"wp:featuredmedia":[{"embeddable":true,"href":"https:\/\/innovuspharma-al.com\/al\/wp-json\/wp\/v2\/media\/10396"}],"wp:attachment":[{"href":"https:\/\/innovuspharma-al.com\/al\/wp-json\/wp\/v2\/media?parent=271"}],"wp:term":[{"taxonomy":"product_brand","embeddable":true,"href":"https:\/\/innovuspharma-al.com\/al\/wp-json\/wp\/v2\/product_brand?post=271"},{"taxonomy":"product_cat","embeddable":true,"href":"https:\/\/innovuspharma-al.com\/al\/wp-json\/wp\/v2\/product_cat?post=271"},{"taxonomy":"product_tag","embeddable":true,"href":"https:\/\/innovuspharma-al.com\/al\/wp-json\/wp\/v2\/product_tag?post=271"}],"curies":[{"name":"wp","href":"https:\/\/api.w.org\/{rel}","templated":true}]}}