{"id":273,"date":"2020-10-21T08:31:38","date_gmt":"2020-10-21T08:31:38","guid":{"rendered":"http:\/\/source.wpopal.com\/medilazar\/product\/zahler-real-calm-multivitamin\/"},"modified":"2025-11-11T00:42:08","modified_gmt":"2025-11-11T00:42:08","slug":"donna-fert","status":"publish","type":"product","link":"https:\/\/innovuspharma-al.com\/al\/produkt\/donna-fert\/","title":{"rendered":"DONNA-FERT"},"content":{"rendered":"<p>Regullon balancen hormonale dhe ciklin mestrual si dhe rrit cilesine e ovulacionit dhe fertilitetit tek femrat. P\u00ebrmban MYO-INOSITOL  dhe  D-CHIRO INOSITOL. Rrit mundesin\u00eb per shatz\u00ebni edhe tek grate me PCOS q\u00eb i nenshtrohen  IVF.  Ulin nivelin e glukoz\u00ebs,kolesterolit dhe testosteronit t\u00eb lir\u00eb dhe  permiresojne aknet ne fytyr\u00eb.   *Trajtim i linjes se pare tek pacientet obez me PCOS.<\/p>","protected":false},"excerpt":{"rendered":"<p><strong>DONNA-FERT<\/strong>\u00a0Regullon balancen hormonale dhe ciklin mestrual si dhe rrit cilesine e ovulacionit dhe fertilitetit tek femrat. P\u00ebrmban MYO-INOSITOL  dhe  D-CHIRO INOSITOL. Rrit mundesin\u00eb per shatz\u00ebni edhe tek grate me PCOS q\u00eb i nenshtrohen  IVF.<\/p>","protected":false},"featured_media":10398,"comment_status":"open","ping_status":"closed","template":"","meta":{"inline_featured_image":false,"_monsterinsights_skip_tracking":false,"_monsterinsights_sitenote_active":false,"_monsterinsights_sitenote_note":"","_monsterinsights_sitenote_category":0,"_themeisle_gutenberg_block_has_review":false,"_joinchat":[]},"product_brand":[],"product_cat":[112],"product_tag":[101,92],"class_list":{"0":"post-273","1":"product","2":"type-product","3":"status-publish","4":"has-post-thumbnail","6":"product_cat-endocrinology","7":"product_tag-food-suplements","8":"product_tag-pregnancy","10":"first","11":"instock","12":"taxable","13":"shipping-taxable","14":"purchasable","15":"product-type-simple"},"aioseo_notices":[],"jetpack_sharing_enabled":true,"_links":{"self":[{"href":"https:\/\/innovuspharma-al.com\/al\/wp-json\/wp\/v2\/product\/273","targetHints":{"allow":["GET"]}}],"collection":[{"href":"https:\/\/innovuspharma-al.com\/al\/wp-json\/wp\/v2\/product"}],"about":[{"href":"https:\/\/innovuspharma-al.com\/al\/wp-json\/wp\/v2\/types\/product"}],"replies":[{"embeddable":true,"href":"https:\/\/innovuspharma-al.com\/al\/wp-json\/wp\/v2\/comments?post=273"}],"wp:featuredmedia":[{"embeddable":true,"href":"https:\/\/innovuspharma-al.com\/al\/wp-json\/wp\/v2\/media\/10398"}],"wp:attachment":[{"href":"https:\/\/innovuspharma-al.com\/al\/wp-json\/wp\/v2\/media?parent=273"}],"wp:term":[{"taxonomy":"product_brand","embeddable":true,"href":"https:\/\/innovuspharma-al.com\/al\/wp-json\/wp\/v2\/product_brand?post=273"},{"taxonomy":"product_cat","embeddable":true,"href":"https:\/\/innovuspharma-al.com\/al\/wp-json\/wp\/v2\/product_cat?post=273"},{"taxonomy":"product_tag","embeddable":true,"href":"https:\/\/innovuspharma-al.com\/al\/wp-json\/wp\/v2\/product_tag?post=273"}],"curies":[{"name":"wp","href":"https:\/\/api.w.org\/{rel}","templated":true}]}}